{"id":2520,"date":"2025-02-03T20:18:04","date_gmt":"2025-02-03T19:18:04","guid":{"rendered":"https:\/\/esci-online.com\/?page_id=2520"},"modified":"2025-02-23T20:53:32","modified_gmt":"2025-02-23T19:53:32","slug":"past-congress-lectures","status":"publish","type":"page","link":"https:\/\/esci-online.com\/de\/academy\/past-congress-lectures\/","title":{"rendered":"Fr\u00fchere Kongressvortr\u00e4ge"},"content":{"rendered":"<div data-elementor-type=\"wp-page\" data-elementor-id=\"2520\" class=\"elementor elementor-2520\" data-elementor-post-type=\"page\">\n\t\t\t\t<div class=\"elementor-element elementor-element-2a6ffcb e-flex e-con-boxed e-con e-parent\" data-id=\"2a6ffcb\" data-element_type=\"container\" data-e-type=\"container\" data-settings=\"{&quot;background_background&quot;:&quot;classic&quot;}\">\n\t\t\t\t\t<div class=\"e-con-inner\">\n\t\t<div class=\"elementor-element elementor-element-beb3185 e-con-full e-flex e-con e-child\" data-id=\"beb3185\" data-element_type=\"container\" data-e-type=\"container\">\n\t\t\t\t<div class=\"elementor-element elementor-element-8c2aed1 elementor-widget elementor-widget-image\" data-id=\"8c2aed1\" data-element_type=\"widget\" data-e-type=\"widget\" data-widget_type=\"image.default\">\n\t\t\t\t<div class=\"elementor-widget-container\">\n\t\t\t\t\t\t\t\t\t\t\t\t\t\t\t<img decoding=\"async\" width=\"300\" height=\"131\" src=\"https:\/\/esci-online.com\/wp-content\/uploads\/2024\/12\/ESCI_logo_yellow-300x131.png\" class=\"attachment-medium size-medium wp-image-1820\" alt=\"\" srcset=\"https:\/\/esci-online.com\/wp-content\/uploads\/2024\/12\/ESCI_logo_yellow-300x131.png 300w, https:\/\/esci-online.com\/wp-content\/uploads\/2024\/12\/ESCI_logo_yellow-768x335.png 768w, https:\/\/esci-online.com\/wp-content\/uploads\/2024\/12\/ESCI_logo_yellow-18x8.png 18w, https:\/\/esci-online.com\/wp-content\/uploads\/2024\/12\/ESCI_logo_yellow.png 815w\" sizes=\"(max-width: 300px) 100vw, 300px\" \/>\t\t\t\t\t\t\t\t\t\t\t\t\t\t\t<\/div>\n\t\t\t\t<\/div>\n\t\t\t\t<div class=\"elementor-element elementor-element-d347474 elementor-widget elementor-widget-heading\" data-id=\"d347474\" data-element_type=\"widget\" data-e-type=\"widget\" data-widget_type=\"heading.default\">\n\t\t\t\t<div class=\"elementor-widget-container\">\n\t\t\t\t\t<h2 class=\"elementor-heading-title elementor-size-default\">\u00dcberpr\u00fcfung und Lernen aus<\/h2>\t\t\t\t<\/div>\n\t\t\t\t<\/div>\n\t\t\t\t<div class=\"elementor-element elementor-element-789f68a elementor-widget elementor-widget-heading\" data-id=\"789f68a\" data-element_type=\"widget\" data-e-type=\"widget\" data-widget_type=\"heading.default\">\n\t\t\t\t<div class=\"elementor-widget-container\">\n\t\t\t\t\t<h1 class=\"elementor-heading-title elementor-size-default\">Fr\u00fchere Kongressvortr\u00e4ge<\/h1>\t\t\t\t<\/div>\n\t\t\t\t<\/div>\n\t\t\t\t<\/div>\n\t\t<div class=\"elementor-element elementor-element-46a2b65 e-con-full e-flex e-con e-child\" data-id=\"46a2b65\" data-element_type=\"container\" data-e-type=\"container\">\n\t\t\t\t<\/div>\n\t\t\t\t\t<\/div>\n\t\t\t\t<\/div>\n\t\t<div class=\"elementor-element elementor-element-d123004 e-flex e-con-boxed e-con e-parent\" data-id=\"d123004\" data-element_type=\"container\" data-e-type=\"container\">\n\t\t\t\t\t<div class=\"e-con-inner\">\n\t\t<div class=\"elementor-element elementor-element-33f3209 e-con-full e-flex e-con e-child\" data-id=\"33f3209\" data-element_type=\"container\" data-e-type=\"container\">\n\t\t<div class=\"elementor-element elementor-element-efd2c01 e-con-full e-flex e-con e-child\" data-id=\"efd2c01\" data-element_type=\"container\" data-e-type=\"container\">\n\t\t<div class=\"elementor-element elementor-element-f159934 e-con-full e-flex e-con e-child\" data-id=\"f159934\" data-element_type=\"container\" data-e-type=\"container\">\n\t\t\t\t<div class=\"elementor-element elementor-element-fbb2307 elementor-widget elementor-widget-heading\" data-id=\"fbb2307\" data-element_type=\"widget\" data-e-type=\"widget\" data-widget_type=\"heading.default\">\n\t\t\t\t<div class=\"elementor-widget-container\">\n\t\t\t\t\t<h3 class=\"elementor-heading-title elementor-size-default\">ESCI Online-Ausbildung<\/h3>\t\t\t\t<\/div>\n\t\t\t\t<\/div>\n\t\t\t\t<div class=\"elementor-element elementor-element-6bf9b91 elementor-widget-divider--view-line elementor-widget elementor-widget-divider\" data-id=\"6bf9b91\" data-element_type=\"widget\" data-e-type=\"widget\" data-widget_type=\"divider.default\">\n\t\t\t\t<div class=\"elementor-widget-container\">\n\t\t\t\t\t\t\t<div class=\"elementor-divider\">\n\t\t\t<span class=\"elementor-divider-separator\">\n\t\t\t\t\t\t<\/span>\n\t\t<\/div>\n\t\t\t\t\t\t<\/div>\n\t\t\t\t<\/div>\n\t\t\t\t<div class=\"elementor-element elementor-element-9e641f1 elementor-widget elementor-widget-text-editor\" data-id=\"9e641f1\" data-element_type=\"widget\" data-e-type=\"widget\" data-widget_type=\"text-editor.default\">\n\t\t\t\t<div class=\"elementor-widget-container\">\n\t\t\t\t\t\t\t\t\t<p>Ziel der Europ\u00e4ischen Gesellschaft f\u00fcr Keramikimplantologie ist es, eine Br\u00fccke zwischen der wissenschaftlichen Forschung und der klinischen Anwendung von Keramikimplantaten zu schlagen. Das Programm des 1. Europ\u00e4ischen Kongresses f\u00fcr keramische Implantologie war entsprechend strukturiert: In den drei Kapiteln \"Zirkoniumdioxid-Material\", \"Biologische Aspekte\" und \"Klinische Aspekte\" beantworteten hochkar\u00e4tige Referenten mit spannenden Vortr\u00e4gen die aktuellen Fragen und lieferten Hintergrundinformationen zur Implantologie mit Keramikimplantaten.<\/p>\t\t\t\t\t\t\t\t<\/div>\n\t\t\t\t<\/div>\n\t\t\t\t<div class=\"elementor-element elementor-element-c0f447a elementor-widget elementor-widget-text-editor\" data-id=\"c0f447a\" data-element_type=\"widget\" data-e-type=\"widget\" data-widget_type=\"text-editor.default\">\n\t\t\t\t<div class=\"elementor-widget-container\">\n\t\t\t\t\t\t\t\t\t<p><strong>Sie haben den ESCI-Kongress 2019 verpasst oder m\u00f6chten die Vortr\u00e4ge noch einmal sehen? Hier finden Sie die von den Referenten freigegebenen Vortr\u00e4ge des 1st European Congress for Ceramic Implant Dentistry.<\/strong><\/p>\t\t\t\t\t\t\t\t<\/div>\n\t\t\t\t<\/div>\n\t\t\t\t<\/div>\n\t\t\t\t<\/div>\n\t\t\t\t<\/div>\n\t\t\t\t\t<\/div>\n\t\t\t\t<\/div>\n\t\t<div class=\"elementor-element elementor-element-7e6d9bd e-con-full dc-has-condition dc-condition-equal e-flex e-con e-parent\" data-id=\"7e6d9bd\" data-element_type=\"container\" data-e-type=\"container\">\n\t\t\t\t<div class=\"elementor-element elementor-element-cd98915 elementor-widget elementor-widget-template\" data-id=\"cd98915\" data-element_type=\"widget\" data-e-type=\"widget\" data-widget_type=\"template.default\">\n\t\t\t\t<div class=\"elementor-widget-container\">\n\t\t\t\t\t\t\t<div class=\"elementor-template\">\n\t\t\t\t\t<div data-elementor-type=\"container\" data-elementor-id=\"13305\" class=\"elementor elementor-13305\" data-elementor-post-type=\"elementor_library\">\n\t\t\t\t<div class=\"elementor-element elementor-element-8c9f288 e-flex e-con-boxed e-con e-parent\" data-id=\"8c9f288\" data-element_type=\"container\" data-e-type=\"container\">\n\t\t\t\t\t<div class=\"e-con-inner\">\n\t\t<div class=\"elementor-element elementor-element-f5ef721 e-con-full shadow e-flex e-con e-child\" data-id=\"f5ef721\" data-element_type=\"container\" data-e-type=\"container\" data-settings=\"{&quot;background_background&quot;:&quot;classic&quot;}\">\n\t\t\t\t<div class=\"elementor-element elementor-element-3f09347 elementor-view-default elementor-widget elementor-widget-icon\" data-id=\"3f09347\" data-element_type=\"widget\" data-e-type=\"widget\" data-widget_type=\"icon.default\">\n\t\t\t\t<div class=\"elementor-widget-container\">\n\t\t\t\t\t\t\t<div class=\"elementor-icon-wrapper\">\n\t\t\t<div class=\"elementor-icon\">\n\t\t\t<svg aria-hidden=\"true\" class=\"e-font-icon-svg e-fas-user-lock\" viewbox=\"0 0 640 512\" xmlns=\"http:\/\/www.w3.org\/2000\/svg\"><path d=\"M224 256A128 128 0 1 0 96 128a128 128 0 0 0 128 128zm96 64a63.08 63.08 0 0 1 8.1-30.5c-4.8-.5-9.5-1.5-14.5-1.5h-16.7a174.08 174.08 0 0 1-145.8 0h-16.7A134.43 134.43 0 0 0 0 422.4V464a48 48 0 0 0 48 48h280.9a63.54 63.54 0 0 1-8.9-32zm288-32h-32v-80a80 80 0 0 0-160 0v80h-32a32 32 0 0 0-32 32v160a32 32 0 0 0 32 32h224a32 32 0 0 0 32-32V320a32 32 0 0 0-32-32zM496 432a32 32 0 1 1 32-32 32 32 0 0 1-32 32zm32-144h-64v-80a32 32 0 0 1 64 0z\"><\/path><\/svg>\t\t\t<\/div>\n\t\t<\/div>\n\t\t\t\t\t\t<\/div>\n\t\t\t\t<\/div>\n\t\t\t\t<div class=\"elementor-element elementor-element-4826e7c elementor-widget elementor-widget-heading\" data-id=\"4826e7c\" data-element_type=\"widget\" data-e-type=\"widget\" data-widget_type=\"heading.default\">\n\t\t\t\t<div class=\"elementor-widget-container\">\n\t\t\t\t\t<div class=\"elementor-heading-title elementor-size-default\">Nur f\u00fcr Mitglieder<\/div>\t\t\t\t<\/div>\n\t\t\t\t<\/div>\n\t\t\t\t<div class=\"elementor-element elementor-element-404b08c elementor-widget elementor-widget-heading\" data-id=\"404b08c\" data-element_type=\"widget\" data-e-type=\"widget\" data-widget_type=\"heading.default\">\n\t\t\t\t<div class=\"elementor-widget-container\">\n\t\t\t\t\t<div class=\"elementor-heading-title elementor-size-default\">Bitte melden Sie sich an, um diesen Inhalt zu sehen!<\/div>\t\t\t\t<\/div>\n\t\t\t\t<\/div>\n\t\t\t\t<div class=\"elementor-element elementor-element-16c3286 elementor-mobile-align-justify elementor-widget-mobile__width-inherit elementor-widget elementor-widget-button\" data-id=\"16c3286\" data-element_type=\"widget\" data-e-type=\"widget\" data-widget_type=\"button.default\">\n\t\t\t\t<div class=\"elementor-widget-container\">\n\t\t\t\t\t\t\t\t\t<div class=\"elementor-button-wrapper\">\n\t\t\t\t\t<a class=\"elementor-button elementor-button-link elementor-size-sm\" href=\"https:\/\/esci-online.com\/de\/login\/\">\n\t\t\t\t\t\t<span class=\"elementor-button-content-wrapper\">\n\t\t\t\t\t\t\t\t\t<span class=\"elementor-button-text\">Zur Anmeldung gehen<\/span>\n\t\t\t\t\t<\/span>\n\t\t\t\t\t<\/a>\n\t\t\t\t<\/div>\n\t\t\t\t\t\t\t\t<\/div>\n\t\t\t\t<\/div>\n\t\t\t\t<\/div>\n\t\t\t\t\t<\/div>\n\t\t\t\t<\/div>\n\t\t\t\t<\/div>\n\t\t\t\t<\/div>\n\t\t\t\t\t\t<\/div>\n\t\t\t\t<\/div>\n\t\t\t\t<\/div>\n\t\t<!-- hidden container 2520-b16ab73 -->\t\t<\/div>","protected":false},"excerpt":{"rendered":"<p>Review and learn from Past congress lectures ESCI Online Education The aim of the European Society for Ceramic Implantology is to create a bridge between scientific research and the clinical application of ceramic implants. The program of the 1st European Congress for Ceramic Implant Dentistry was structured accordingly: In the three chapters \u201czirconium dioxide material\u201d, [&hellip;]<\/p>\n","protected":false},"author":1,"featured_media":0,"parent":472,"menu_order":0,"comment_status":"closed","ping_status":"closed","template":"","meta":{"_acf_changed":false,"footnotes":""},"class_list":["post-2520","page","type-page","status-publish","hentry"],"acf":[],"_links":{"self":[{"href":"https:\/\/esci-online.com\/de\/wp-json\/wp\/v2\/pages\/2520","targetHints":{"allow":["GET"]}}],"collection":[{"href":"https:\/\/esci-online.com\/de\/wp-json\/wp\/v2\/pages"}],"about":[{"href":"https:\/\/esci-online.com\/de\/wp-json\/wp\/v2\/types\/page"}],"author":[{"embeddable":true,"href":"https:\/\/esci-online.com\/de\/wp-json\/wp\/v2\/users\/1"}],"replies":[{"embeddable":true,"href":"https:\/\/esci-online.com\/de\/wp-json\/wp\/v2\/comments?post=2520"}],"version-history":[{"count":25,"href":"https:\/\/esci-online.com\/de\/wp-json\/wp\/v2\/pages\/2520\/revisions"}],"predecessor-version":[{"id":13332,"href":"https:\/\/esci-online.com\/de\/wp-json\/wp\/v2\/pages\/2520\/revisions\/13332"}],"up":[{"embeddable":true,"href":"https:\/\/esci-online.com\/de\/wp-json\/wp\/v2\/pages\/472"}],"wp:attachment":[{"href":"https:\/\/esci-online.com\/de\/wp-json\/wp\/v2\/media?parent=2520"}],"curies":[{"name":"wp","href":"https:\/\/api.w.org\/{rel}","templated":true}]}}