{"id":3,"date":"2024-10-17T20:55:16","date_gmt":"2024-10-17T20:55:16","guid":{"rendered":"http:\/\/esci-online.com\/?page_id=3"},"modified":"2025-02-10T11:46:54","modified_gmt":"2025-02-10T10:46:54","slug":"privacy-policy","status":"publish","type":"page","link":"https:\/\/esci-online.com\/de\/privacy-policy\/","title":{"rendered":"Datenschutzbestimmungen"},"content":{"rendered":"<div data-elementor-type=\"wp-page\" data-elementor-id=\"3\" class=\"elementor elementor-3\" data-elementor-post-type=\"page\">\n\t\t\t\t<div class=\"elementor-element elementor-element-82add0c e-flex e-con-boxed e-con e-parent\" data-id=\"82add0c\" data-element_type=\"container\" data-e-type=\"container\" data-settings=\"{&quot;background_background&quot;:&quot;classic&quot;}\">\n\t\t\t\t\t<div class=\"e-con-inner\">\n\t\t<div class=\"elementor-element elementor-element-5ae1f00 e-con-full e-flex e-con e-child\" data-id=\"5ae1f00\" data-element_type=\"container\" data-e-type=\"container\">\n\t\t\t\t<div class=\"elementor-element elementor-element-35d1fdd elementor-widget elementor-widget-heading\" data-id=\"35d1fdd\" data-element_type=\"widget\" data-e-type=\"widget\" data-widget_type=\"heading.default\">\n\t\t\t\t<div class=\"elementor-widget-container\">\n\t\t\t\t\t<h2 class=\"elementor-heading-title elementor-size-default\">Sparen auf der esci-Website<\/h2>\t\t\t\t<\/div>\n\t\t\t\t<\/div>\n\t\t\t\t<div class=\"elementor-element elementor-element-f87a4d2 elementor-widget elementor-widget-heading\" data-id=\"f87a4d2\" data-element_type=\"widget\" data-e-type=\"widget\" data-widget_type=\"heading.default\">\n\t\t\t\t<div class=\"elementor-widget-container\">\n\t\t\t\t\t<h1 class=\"elementor-heading-title elementor-size-default\">Datenschutzbestimmungen<\/h1>\t\t\t\t<\/div>\n\t\t\t\t<\/div>\n\t\t\t\t<\/div>\n\t\t<div class=\"elementor-element elementor-element-32b9006 e-con-full e-flex e-con e-child\" data-id=\"32b9006\" data-element_type=\"container\" data-e-type=\"container\">\n\t\t\t\t<\/div>\n\t\t\t\t\t<\/div>\n\t\t\t\t<\/div>\n\t\t<div class=\"elementor-element elementor-element-ee82ae6 e-flex e-con-boxed e-con e-parent\" data-id=\"ee82ae6\" data-element_type=\"container\" data-e-type=\"container\" data-settings=\"{&quot;background_background&quot;:&quot;classic&quot;}\">\n\t\t\t\t\t<div class=\"e-con-inner\">\n\t\t<div class=\"elementor-element elementor-element-029fe1f e-con-full e-flex e-con e-child\" data-id=\"029fe1f\" data-element_type=\"container\" data-e-type=\"container\">\n\t\t<div class=\"elementor-element elementor-element-e546881 e-con-full e-flex e-con e-child\" data-id=\"e546881\" data-element_type=\"container\" data-e-type=\"container\">\n\t\t<div class=\"elementor-element elementor-element-fa92f63 e-con-full e-flex e-con e-child\" data-id=\"fa92f63\" data-element_type=\"container\" data-e-type=\"container\">\n\t\t\t\t<div class=\"elementor-element elementor-element-bab3e12 elementor-widget elementor-widget-text-editor\" data-id=\"bab3e12\" data-element_type=\"widget\" data-e-type=\"widget\" data-widget_type=\"text-editor.default\">\n\t\t\t\t<div class=\"elementor-widget-container\">\n\t\t\t\t\t\t\t\t\t<h2>1. Datenschutz im \u00dcberblick<\/h2>\n<h3>Allgemeine Informationen<\/h3>\nDie folgenden Informationen geben einen einfachen \u00dcberblick dar\u00fcber, was mit Ihren personenbezogenen Daten geschieht, wenn Sie unsere Website besuchen. Personenbezogene Daten sind alle Informationen, mit denen Sie pers\u00f6nlich identifiziert werden k\u00f6nnen. Ausf\u00fchrliche Informationen zum Datenschutz finden Sie in unserer Datenschutzerkl\u00e4rung am Ende dieses Textes.\n\n<h3>Datenerfassung auf unserer Website<\/h3>\n<strong>Wer ist f\u00fcr die Datenerfassung auf dieser Website verantwortlich?<\/strong>\nDie Datenverarbeitung auf dieser Website erfolgt durch den Betreiber der Website. Deren Kontaktdaten finden Sie im Impressum dieser Website.\n\n<strong>Wie sammeln wir Ihre Daten?<\/strong>\nIhre Daten werden zum Teil dadurch erhoben, dass Sie sie uns zur Verf\u00fcgung stellen. Dies k\u00f6nnen zum Beispiel Daten sein, die Sie in ein Kontaktformular eingeben.\n\nAndere Daten werden automatisch von unseren IT-Systemen erfasst, wenn Sie die Website besuchen. Dabei handelt es sich vor allem um technische Daten (z.B. Internet-Browser, Betriebssystem oder Zeitpunkt des Seitenaufrufs). Diese Daten werden automatisch erhoben, sobald Sie auf unsere Website zugreifen.\n\n<strong>Wie verwenden wir Ihre Daten?<\/strong>\nEin Teil der Daten wird erhoben, um die fehlerfreie Bereitstellung der Website zu gew\u00e4hrleisten. Andere Daten k\u00f6nnen verwendet werden, um Ihr Nutzerverhalten zu analysieren.\n\n<strong>Welche Rechte haben Sie in Bezug auf Ihre Daten?<\/strong>\nSie haben jederzeit das Recht, unentgeltlich Auskunft \u00fcber Herkunft, Empf\u00e4nger und Zweck Ihrer gespeicherten personenbezogenen Daten zu verlangen. Sie haben au\u00dferdem ein Recht auf Berichtigung, Sperrung und L\u00f6schung dieser Daten. Hierzu sowie zu weiteren Fragen zum Thema Datenschutz k\u00f6nnen Sie sich jederzeit unter der im Impressum angegebenen Adresse an uns wenden. Sie haben auch das Recht, eine Beschwerde bei der zust\u00e4ndigen Aufsichtsbeh\u00f6rde einzureichen.\n\nSie haben auch das Recht, unter bestimmten Umst\u00e4nden die Einschr\u00e4nkung der Verarbeitung Ihrer personenbezogenen Daten zu verlangen. Weitere Einzelheiten finden Sie in der Datenschutzerkl\u00e4rung unter \"Recht auf Einschr\u00e4nkung der Verarbeitung\".\n\n<h3>Analysetools und Tools von Drittanbietern<\/h3>\nWenn Sie unsere Website besuchen, kann Ihr Surfverhalten statistisch ausgewertet werden. Dies geschieht haupts\u00e4chlich mit Hilfe von Cookies und Analyseprogrammen. Die Auswertung Ihres Surfverhaltens erfolgt in der Regel anonym; das Surfverhalten kann nicht zu Ihnen zur\u00fcckverfolgt werden.\n\nSie k\u00f6nnen dieser Auswertung widersprechen oder sie verhindern, indem Sie bestimmte Tools nicht nutzen. Detaillierte Informationen zu diesen Tools und Ihren Widerspruchsm\u00f6glichkeiten finden Sie in der folgenden Datenschutzerkl\u00e4rung.\n\n<h2>2. Allgemeine Informationen und obligatorische Informationen<\/h2>\n<h3>Datenschutz<\/h3>\nDie Betreiber dieser Seiten nehmen den Schutz Ihrer pers\u00f6nlichen Daten sehr ernst. Wir behandeln Ihre personenbezogenen Daten vertraulich und entsprechend der gesetzlichen Datenschutzvorschriften sowie dieser Datenschutzerkl\u00e4rung.\n\nBei der Nutzung dieser Website werden verschiedene personenbezogene Daten erhoben. Personenbezogene Daten sind Daten, mit denen Sie pers\u00f6nlich identifiziert werden k\u00f6nnen. Diese Datenschutzerkl\u00e4rung erl\u00e4utert, welche Daten wir sammeln und wie wir sie verwenden. Es wird auch erkl\u00e4rt, wie und zu welchem Zweck dies geschieht.\n\nWir weisen darauf hin, dass die Daten\u00fcbertragung im Internet (z.B. bei der Kommunikation per E-Mail) Sicherheitsl\u00fccken aufweisen kann. Ein l\u00fcckenloser Schutz der Daten vor dem Zugriff durch Dritte ist nicht m\u00f6glich.\n\n<h3>Zust\u00e4ndige Stelle<\/h3>\nDie f\u00fcr die Datenverarbeitung auf dieser Website verantwortliche Stelle ist:\n<div class=\"page\" title=\"Seite 4\">\n  <div class=\"section\">\n    <div class=\"layoutArea\">\n      <div class=\"column\">\n        ESCI Europ\u00e4ische Gesellschaft f\u00fcr keramische Implantologie<br>\n        Jens Tartsch<br>\n        Kreuzstra\u00dfe 2<br>\n        CH-8802 Kilchberg<br>\n        Telefon: +41-(0)44-715 48 77<br>\n        E-Mail: admin@esci-online.com<br>\n      <\/div>\n    <\/div>\n  <\/div>\n<\/div>\nDie verantwortliche Stelle ist die nat\u00fcrliche oder juristische Person, die allein oder gemeinsam mit anderen \u00fcber die Zwecke und Mittel der Verarbeitung personenbezogener Daten (z. B. Namen, E-Mail-Adressen usw.) entscheidet.\n\n<h3>Widerruf Ihrer Zustimmung zur Datenverarbeitung<\/h3>\nViele Datenverarbeitungsvorg\u00e4nge sind nur mit Ihrer ausdr\u00fccklichen Zustimmung m\u00f6glich. Sie k\u00f6nnen Ihre Einwilligung jederzeit widerrufen. Hierf\u00fcr gen\u00fcgt eine einfache Mitteilung per E-Mail. Die Rechtm\u00e4\u00dfigkeit der bis zum Widerruf erfolgten Datenverarbeitung bleibt vom Widerruf unber\u00fchrt.\n\n<h3>Widerspruch gegen die Datenerhebung in besonderen F\u00e4llen und gegen Direktwerbung (Art. 21 GDPR)<\/h3>\n<strong>Erfolgt die Datenverarbeitung auf der Grundlage von Art. 6 Abs.. 1 lit. e oder f DS-GVO erfolgt, haben Sie das Recht, aus Gr\u00fcnden, die sich aus Ihrer besonderen Situation ergeben, jederzeit gegen die Verarbeitung Ihrer personenbezogenen Daten Widerspruch einzulegen; dies gilt auch f\u00fcr ein auf diese Bestimmungen gest\u00fctztes Profiling. Die jeweilige Rechtsgrundlage, auf die sich die Verarbeitung st\u00fctzt, finden Sie in dieser Datenschutzrichtlinie. Wenn Sie Widerspruch einlegen, werden wir Ihre betroffenen personenbezogenen Daten nicht mehr verarbeiten, es sei denn, wir k\u00f6nnen zwingende schutzw\u00fcrdige Gr\u00fcnde f\u00fcr die Verarbeitung nachweisen, die Ihre Interessen, Rechte und Freiheiten \u00fcberwiegen, oder die Verarbeitung ist zur Geltendmachung, Aus\u00fcbung oder Verteidigung von Rechtsanspr\u00fcchen erforderlich (Widerspruch nach Art. 21 Abs. 1 DSGVO).<\/strong>\n\n<strong>Werden Ihre personenbezogenen Daten f\u00fcr Zwecke der Direktwerbung verarbeitet, so haben Sie das Recht, jederzeit Widerspruch gegen die Verarbeitung Ihrer personenbezogenen Daten zum Zwecke derartiger Werbung einzulegen; dies gilt auch f\u00fcr das Profiling, soweit es mit solcher Direktwerbung in Verbindung steht. Wenn Sie widersprechen, werden Ihre personenbezogenen Daten nicht mehr f\u00fcr Zwecke der Direktwerbung verwendet (Widerspruch nach Art. 21 Abs. 2 DSGVO).<\/strong>\n\n<h3>Recht auf Einreichung einer Beschwerde bei der Aufsichtsbeh\u00f6rde<\/h3>\nBei Verst\u00f6\u00dfen gegen die DSGVO haben die betroffenen Personen das Recht, sich bei einer Aufsichtsbeh\u00f6rde zu beschweren, insbesondere in dem Mitgliedstaat ihres gew\u00f6hnlichen Aufenthalts, ihres Arbeitsplatzes oder des Ortes des mutma\u00dflichen Versto\u00dfes. Das Recht, eine Beschwerde einzureichen, l\u00e4sst andere verwaltungsrechtliche oder gerichtliche Rechtsbehelfe unber\u00fchrt.\n\n<h3>Recht auf Daten\u00fcbertragbarkeit<\/h3>\nSie haben das Recht zu verlangen, dass die Daten, die wir aufgrund Ihrer Einwilligung oder in Erf\u00fcllung eines Vertrages verarbeiten, an Sie oder an einen Dritten in einem strukturierten, g\u00e4ngigen und maschinenlesbaren Format \u00fcbermittelt werden. Wenn Sie die direkte \u00dcbermittlung der Daten an eine andere verantwortliche Stelle verlangen, erfolgt dies nur, soweit es technisch machbar ist.\n\n<h3>SSL- oder TLS-Verschl\u00fcsselung<\/h3>\nDiese Website verwendet aus Sicherheitsgr\u00fcnden und zum Schutz der \u00dcbertragung vertraulicher Inhalte, wie z.B. Bestellungen oder Anfragen, die Sie an uns als Website-Betreiber senden, eine SSL- oder TLS-Verschl\u00fcsselung. Eine verschl\u00fcsselte Verbindung erkennen Sie daran, dass die Adresszeile des Browsers von \"http:\/\/\" auf \"https:\/\/\" wechselt und das Schloss-Symbol in Ihrer Browserleiste erscheint.\n\nBei aktivierter SSL- oder TLS-Verschl\u00fcsselung k\u00f6nnen die Daten, die Sie an uns \u00fcbermitteln, nicht von Dritten gelesen werden.\n\n<h3>Verschl\u00fcsselte Zahlungstransaktionen auf dieser Website<\/h3>\nBesteht nach Abschluss eines kostenpflichtigen Vertrages eine Verpflichtung zur \u00dcbermittlung Ihrer Zahlungsdaten (z.B. Kontonummer bei Lastschrifteinzug), werden diese Daten zur Zahlungsabwicklung ben\u00f6tigt.\n\nDer Zahlungsverkehr mit den g\u00e4ngigen Zahlungsmitteln (Visa\/MasterCard, Lastschrift) wird ausschlie\u00dflich \u00fcber eine verschl\u00fcsselte SSL- oder TLS-Verbindung abgewickelt. Eine verschl\u00fcsselte Verbindung erkennen Sie daran, dass die Adresszeile des Browsers von \"http:\/\/\" auf \"https:\/\/\" wechselt und das Schloss-Symbol in Ihrer Browserleiste erscheint.\n\nBei verschl\u00fcsselter Kommunikation k\u00f6nnen Ihre an uns \u00fcbermittelten Zahlungsdaten nicht von Dritten eingesehen werden.\n\n<h3>Information, Sperrung, L\u00f6schung und Berichtigung<\/h3>\nSie haben im Rahmen der geltenden gesetzlichen Bestimmungen jederzeit das Recht auf Auskunft \u00fcber Ihre gespeicherten personenbezogenen Daten, deren Herkunft und Empf\u00e4nger und den Zweck der Datenverarbeitung sowie ein Recht auf Berichtigung, Sperrung oder L\u00f6schung dieser Daten. Hierzu sowie zu weiteren Fragen zum Thema personenbezogene Daten k\u00f6nnen Sie sich jederzeit unter der im Impressum angegebenen Adresse an uns wenden.\n\n<h3>Recht auf Einschr\u00e4nkung der Verarbeitung<\/h3>\nSie haben das Recht, die Einschr\u00e4nkung der Verarbeitung Ihrer personenbezogenen Daten zu verlangen. Hierzu k\u00f6nnen Sie sich jederzeit unter der im Impressum angegebenen Adresse an uns wenden. Das Recht auf Einschr\u00e4nkung der Verarbeitung gilt in den folgenden F\u00e4llen:\n<ul>\n  <li>Wenn Sie die Richtigkeit Ihrer gespeicherten personenbezogenen Daten bestreiten, ben\u00f6tigen wir in der Regel Zeit, um diese zu \u00fcberpr\u00fcfen. W\u00e4hrend der \u00dcberpr\u00fcfungszeit haben Sie das Recht, die Einschr\u00e4nkung der Verarbeitung Ihrer personenbezogenen Daten zu verlangen.<\/li>\n  <li>Wenn die Verarbeitung Ihrer personenbezogenen Daten unrechtm\u00e4\u00dfig ist, k\u00f6nnen Sie anstelle der L\u00f6schung die Einschr\u00e4nkung der Datenverarbeitung verlangen.<\/li>\n  <li>Wenn wir Ihre personenbezogenen Daten nicht mehr ben\u00f6tigen, Sie diese aber zur Begr\u00fcndung, Aus\u00fcbung oder Verteidigung von Rechtsanspr\u00fcchen ben\u00f6tigen, haben Sie das Recht, anstelle der L\u00f6schung die Einschr\u00e4nkung der Verarbeitung zu verlangen.<\/li>\n  <li>Wenn Sie einen Einspruch gem\u00e4\u00df Art. 21 Abs.. 1 DSGVO eingelegt haben, muss eine Abw\u00e4gung zwischen Ihren und unseren Interessen vorgenommen werden. Solange noch nicht klar ist, wessen Interessen \u00fcberwiegen, haben Sie das Recht, die Einschr\u00e4nkung der Verarbeitung Ihrer personenbezogenen Daten zu verlangen.<\/li>\n<\/ul>\nWenn Sie die Verarbeitung Ihrer personenbezogenen Daten eingeschr\u00e4nkt haben, d\u00fcrfen diese Daten - abgesehen von ihrer Speicherung - nur mit Ihrer Einwilligung oder zur Begr\u00fcndung, Aus\u00fcbung oder Verteidigung von Rechtsanspr\u00fcchen oder zum Schutz der Rechte einer anderen nat\u00fcrlichen oder juristischen Person oder aus Gr\u00fcnden des \u00f6ffentlichen Interesses in der Europ\u00e4ischen Union oder einem Mitgliedstaat verarbeitet werden.\n\n<h3>Einspruch gegen Werbe-E-Mails<\/h3>\nDer Nutzung von im Rahmen der Impressumspflicht ver\u00f6ffentlichten Kontaktdaten zur \u00dcbersendung von nicht ausdr\u00fccklich angeforderter Werbung und Informationsmaterialien wird hiermit widersprochen. Die Betreiber der Seiten behalten sich ausdr\u00fccklich rechtliche Schritte im Falle der unverlangten Zusendung von Werbeinformationen, etwa durch Spam-Mails, vor.\n\n<h2>3. Datenerfassung auf unserer Website<\/h2>\n<h3>Cookies<\/h3>\nUnsere Website verwendet Cookies. Cookies richten auf Ihrem Rechner keinen Schaden an und enthalten keine Viren. Cookies dienen dazu, unser Angebot nutzerfreundlicher, effektiver und sicherer zu machen. Cookies sind kleine Textdateien, die von Ihrem Browser auf Ihrem Computer gespeichert werden.\n\nDie meisten der von uns verwendeten Cookies sind so genannte Session-Cookies\". Sie werden nach Ende Ihres Besuchs automatisch gel\u00f6scht. Andere Cookies verbleiben auf Ihrem Ger\u00e4t, bis Sie sie l\u00f6schen. Diese Cookies erm\u00f6glichen es uns, Ihren Browser bei Ihrem n\u00e4chsten Besuch wiederzuerkennen.\n\nSie k\u00f6nnen Ihren Browser so einstellen, dass Sie \u00fcber das Setzen von Cookies informiert werden und Cookies nur im Einzelfall erlauben, die Annahme von Cookies f\u00fcr bestimmte F\u00e4lle oder generell ausschlie\u00dfen sowie das automatische L\u00f6schen der Cookies beim Schlie\u00dfen des Browser aktivieren. Bei der Deaktivierung von Cookies kann die Funktionalit\u00e4t dieser Website eingeschr\u00e4nkt sein.\n\nCookies, die zur Abwicklung des elektronischen Kommunikationsvorgangs oder zur Bereitstellung bestimmter, von Ihnen gew\u00fcnschter Funktionen (z.B. Warenkorbfunktion) erforderlich sind, werden auf Grundlage von Art. 6 Abs. 1 lit. f GDPR. Der Websitebetreiber hat ein berechtigtes Interesse an der Speicherung von Cookies, um die technisch fehlerfreie und optimierte Bereitstellung seiner Dienste zu gew\u00e4hrleisten. Sofern weitere Cookies (z.B. Cookies zur Analyse Ihres Surfverhaltens) gespeichert werden, werden diese in dieser Datenschutzerkl\u00e4rung gesondert behandelt.\n\n<h3>Server-Protokolldateien<\/h3>\nDer Provider der Seiten erhebt und speichert automatisch Informationen in so genannten Server Log Files, die Ihr Browser automatisch an uns \u00fcbermittelt. Dies sind:\n<ul>\n  <li>Browsertyp und Browserversion<\/li>\n  <li>Verwendetes Betriebssystem<\/li>\n  <li>Referrer URL<\/li>\n  <li>Hostname des zugreifenden Rechners<\/li>\n  <li>Uhrzeit der Serveranfrage<\/li>\n  <li>IP-Adresse<\/li>\n<\/ul>\nEine Zusammenf\u00fchrung dieser Daten mit anderen Datenquellen wird nicht vorgenommen.\n\nDie Erhebung dieser Daten erfolgt auf Grundlage von Art. 6 Abs.. 1 lit. f GDPR. Der Websitebetreiber hat ein berechtigtes Interesse an der technisch fehlerfreien Darstellung und Optimierung seiner Website - zu diesem Zweck m\u00fcssen die Server-Logfiles erhoben werden.\n\n<h3>Kontakt-Formular<\/h3>\nWenn Sie uns per Kontaktformular Anfragen zukommen lassen, werden Ihre Angaben aus dem Anfrageformular inklusive der von Ihnen dort angegebenen Kontaktdaten zwecks Bearbeitung der Anfrage und f\u00fcr den Fall von Anschlussfragen bei uns gespeichert. Diese Daten werden nicht ohne Ihre Einwilligung weitergegeben.\n\nDie Verarbeitung der in das Kontaktformular eingegebenen Daten erfolgt ausschlie\u00dflich auf Grundlage Ihrer Einwilligung (Art. 6 Abs. 1 lit. a GDPR). Sie k\u00f6nnen Ihre Einwilligung jederzeit widerrufen. Hierf\u00fcr gen\u00fcgt eine einfache Benachrichtigung per E-Mail. Die Rechtm\u00e4\u00dfigkeit der bis zum Widerruf erfolgten Datenverarbeitung bleibt vom Widerruf unber\u00fchrt.\n\nDie von Ihnen im Kontaktformular eingegebenen Daten verbleiben bei uns, bis Sie uns zur L\u00f6schung auffordern, Ihre Einwilligung zur Speicherung widerrufen oder der Zweck f\u00fcr die Datenspeicherung entf\u00e4llt (z.B. nach Erledigung des Anliegens). Zwingende gesetzliche Bestimmungen - insbesondere Aufbewahrungsfristen - bleiben hiervon unber\u00fchrt.\t\t\t\t\t\t\t\t<\/div>\n\t\t\t\t<\/div>\n\t\t\t\t<\/div>\n\t\t\t\t<\/div>\n\t\t\t\t<\/div>\n\t\t\t\t\t<\/div>\n\t\t\t\t<\/div>\n\t\t\t\t<\/div>","protected":false},"excerpt":{"rendered":"<p>Save on the esci website Privacy Policy 1. Data Protection at a Glance General Information The following information provides a simple overview of what happens to your personal data when you visit our website. Personal data is any information that can identify you personally. For detailed information on data protection, please refer to our privacy [&hellip;]<\/p>\n","protected":false},"author":1,"featured_media":0,"parent":0,"menu_order":0,"comment_status":"closed","ping_status":"closed","template":"","meta":{"_acf_changed":false,"footnotes":""},"class_list":["post-3","page","type-page","status-publish","hentry"],"acf":[],"_links":{"self":[{"href":"https:\/\/esci-online.com\/de\/wp-json\/wp\/v2\/pages\/3","targetHints":{"allow":["GET"]}}],"collection":[{"href":"https:\/\/esci-online.com\/de\/wp-json\/wp\/v2\/pages"}],"about":[{"href":"https:\/\/esci-online.com\/de\/wp-json\/wp\/v2\/types\/page"}],"author":[{"embeddable":true,"href":"https:\/\/esci-online.com\/de\/wp-json\/wp\/v2\/users\/1"}],"replies":[{"embeddable":true,"href":"https:\/\/esci-online.com\/de\/wp-json\/wp\/v2\/comments?post=3"}],"version-history":[{"count":11,"href":"https:\/\/esci-online.com\/de\/wp-json\/wp\/v2\/pages\/3\/revisions"}],"predecessor-version":[{"id":12524,"href":"https:\/\/esci-online.com\/de\/wp-json\/wp\/v2\/pages\/3\/revisions\/12524"}],"wp:attachment":[{"href":"https:\/\/esci-online.com\/de\/wp-json\/wp\/v2\/media?parent=3"}],"curies":[{"name":"wp","href":"https:\/\/api.w.org\/{rel}","templated":true}]}}