{"id":419,"date":"2024-11-22T23:35:48","date_gmt":"2024-11-22T22:35:48","guid":{"rendered":"https:\/\/esci-online.com\/?page_id=419"},"modified":"2025-09-14T09:36:17","modified_gmt":"2025-09-14T07:36:17","slug":"evening-events","status":"publish","type":"page","link":"https:\/\/esci-online.com\/de\/congress\/evening-events\/","title":{"rendered":"Abendveranstaltungen"},"content":{"rendered":"<div data-elementor-type=\"wp-page\" data-elementor-id=\"419\" class=\"elementor elementor-419\" data-elementor-post-type=\"page\">\n\t\t\t\t<div class=\"elementor-element elementor-element-3c04dac e-flex e-con-boxed e-con e-parent\" data-id=\"3c04dac\" data-element_type=\"container\" data-e-type=\"container\" data-settings=\"{&quot;background_background&quot;:&quot;classic&quot;}\">\n\t\t\t\t\t<div class=\"e-con-inner\">\n\t\t<div class=\"elementor-element elementor-element-6c072d4 e-con-full e-flex e-con e-child\" data-id=\"6c072d4\" data-element_type=\"container\" data-e-type=\"container\">\n\t\t\t\t<div class=\"elementor-element elementor-element-0f8f54b elementor-widget elementor-widget-heading\" data-id=\"0f8f54b\" data-element_type=\"widget\" data-e-type=\"widget\" data-widget_type=\"heading.default\">\n\t\t\t\t<div class=\"elementor-widget-container\">\n\t\t\t\t\t<h2 class=\"elementor-heading-title elementor-size-default\">DIE ABENDVERANSTALTUNGEN<\/h2>\t\t\t\t<\/div>\n\t\t\t\t<\/div>\n\t\t\t\t<div class=\"elementor-element elementor-element-94b595e elementor-widget elementor-widget-heading\" data-id=\"94b595e\" data-element_type=\"widget\" data-e-type=\"widget\" data-widget_type=\"heading.default\">\n\t\t\t\t<div class=\"elementor-widget-container\">\n\t\t\t\t\t<h1 class=\"elementor-heading-title elementor-size-default\">WERDEN SIE MITGLIED DER GEMEINSCHAFT<\/h1>\t\t\t\t<\/div>\n\t\t\t\t<\/div>\n\t\t\t\t<\/div>\n\t\t<div class=\"elementor-element elementor-element-ef6c92e e-con-full e-flex e-con e-child\" data-id=\"ef6c92e\" data-element_type=\"container\" data-e-type=\"container\">\n\t\t\t\t<\/div>\n\t\t\t\t\t<\/div>\n\t\t\t\t<\/div>\n\t\t<div class=\"elementor-element elementor-element-673e00d e-flex e-con-boxed e-con e-parent\" data-id=\"673e00d\" data-element_type=\"container\" data-e-type=\"container\" data-settings=\"{&quot;background_background&quot;:&quot;classic&quot;}\">\n\t\t\t\t\t<div class=\"e-con-inner\">\n\t\t<div class=\"elementor-element elementor-element-6fc93dd e-con-full e-flex e-con e-child\" data-id=\"6fc93dd\" data-element_type=\"container\" data-e-type=\"container\">\n\t\t\t\t<div class=\"elementor-element elementor-element-df98eda elementor-widget elementor-widget-heading\" data-id=\"df98eda\" data-element_type=\"widget\" data-e-type=\"widget\" data-widget_type=\"heading.default\">\n\t\t\t\t<div class=\"elementor-widget-container\">\n\t\t\t\t\t<h3 class=\"elementor-heading-title elementor-size-default\">Die Abendveranstaltungen - die gesellschaftlichen H\u00f6hepunkte des Kongresses<\/h3>\t\t\t\t<\/div>\n\t\t\t\t<\/div>\n\t\t\t\t<div class=\"elementor-element elementor-element-e72878a elementor-widget-divider--view-line elementor-widget elementor-widget-divider\" data-id=\"e72878a\" data-element_type=\"widget\" data-e-type=\"widget\" data-widget_type=\"divider.default\">\n\t\t\t\t<div class=\"elementor-widget-container\">\n\t\t\t\t\t\t\t<div class=\"elementor-divider\">\n\t\t\t<span class=\"elementor-divider-separator\">\n\t\t\t\t\t\t<\/span>\n\t\t<\/div>\n\t\t\t\t\t\t<\/div>\n\t\t\t\t<\/div>\n\t\t\t\t<div class=\"elementor-element elementor-element-30eaba1 elementor-widget elementor-widget-text-editor\" data-id=\"30eaba1\" data-element_type=\"widget\" data-e-type=\"widget\" data-widget_type=\"text-editor.default\">\n\t\t\t\t<div class=\"elementor-widget-container\">\n\t\t\t\t\t\t\t\t\t<p><strong>IHR pers\u00f6nliches Wohlbefinden ist uns sehr wichtig!<br \/><\/strong>Entfliehen wir also dem Alltagstrott!<br \/>Lassen Sie uns das Wiedersehen auch pers\u00f6nlich genie\u00dfen!<br \/><br \/>Nicht nur f\u00fcr das hochkar\u00e4tige Fachprogramm, sondern auch f\u00fcr das gesellige Beisammensein und den pers\u00f6nlichen Austausch ist die<br \/><strong>3. European Congress for Ceramic Implant Dentistry<br \/><\/strong>wird etwas Besonderes sein...<\/p><p><em><strong>...das ist unser Versprechen!<\/strong><\/em><\/p>\t\t\t\t\t\t\t\t<\/div>\n\t\t\t\t<\/div>\n\t\t\t\t<\/div>\n\t\t\t\t\t<\/div>\n\t\t\t\t<\/div>\n\t\t<div class=\"elementor-element elementor-element-ab936a8 e-flex e-con-boxed e-con e-parent\" data-id=\"ab936a8\" data-element_type=\"container\" data-e-type=\"container\" data-settings=\"{&quot;background_background&quot;:&quot;classic&quot;}\">\n\t\t\t\t\t<div class=\"e-con-inner\">\n\t\t<div class=\"elementor-element elementor-element-b6a299c e-con-full shadow e-flex e-con e-child\" data-id=\"b6a299c\" data-element_type=\"container\" data-e-type=\"container\" data-settings=\"{&quot;background_background&quot;:&quot;classic&quot;}\">\n\t\t\t\t<div class=\"elementor-element elementor-element-0df4872 elementor-widget elementor-widget-text-editor\" data-id=\"0df4872\" data-element_type=\"widget\" data-e-type=\"widget\" data-widget_type=\"text-editor.default\">\n\t\t\t\t<div class=\"elementor-widget-container\">\n\t\t\t\t\t\t\t\t\t<p><strong>Sie planen, bereits am Donnerstag anzureisen? <\/strong><br \/><strong>Gro\u00dfartige Idee!<\/strong><\/p><p>In einer besonderen Atmosph\u00e4re des alten Bocken-Weinkellers werden wir uns auf einen spannenden Kongress einstimmen.<\/p><p>Die ESCI l\u00e4dt Sie hiermit alle zur<\/p>\t\t\t\t\t\t\t\t<\/div>\n\t\t\t\t<\/div>\n\t\t\t\t<div class=\"elementor-element elementor-element-d86c29b elementor-widget elementor-widget-heading\" data-id=\"d86c29b\" data-element_type=\"widget\" data-e-type=\"widget\" data-widget_type=\"heading.default\">\n\t\t\t\t<div class=\"elementor-widget-container\">\n\t\t\t\t\t<h3 class=\"elementor-heading-title elementor-size-default\">ESCI-EMPFANG\n<\/h3>\t\t\t\t<\/div>\n\t\t\t\t<\/div>\n\t\t\t\t<div class=\"elementor-element elementor-element-3daa7bc elementor-widget elementor-widget-text-editor\" data-id=\"3daa7bc\" data-element_type=\"widget\" data-e-type=\"widget\" data-widget_type=\"text-editor.default\">\n\t\t\t\t<div class=\"elementor-widget-container\">\n\t\t\t\t\t\t\t\t\t<p><strong>Donnerstag, 20.Okt.2022<\/strong><br \/>19:30 Uhr im alten Weinkeller<br \/>der Tagungsst\u00e4tte \"Landgut Bocken\"<\/p><p><strong>Die Teilnahme ist kostenlos!<\/strong><br \/>Der Kongress beginnt...<br \/>Wir freuen uns auf SIE!<\/p><p><em>Kleiderordnung: Smart Casual<\/em><\/p><p><strong>Bitte melden Sie sich bei Ihrer Anmeldung f\u00fcr den Willkommensempfang an<\/strong><\/p>\t\t\t\t\t\t\t\t<\/div>\n\t\t\t\t<\/div>\n\t\t\t\t<div class=\"elementor-element elementor-element-2d413c1 elementor-widget elementor-widget-image\" data-id=\"2d413c1\" data-element_type=\"widget\" data-e-type=\"widget\" data-widget_type=\"image.default\">\n\t\t\t\t<div class=\"elementor-widget-container\">\n\t\t\t\t\t\t\t\t\t\t\t\t\t\t\t<img fetchpriority=\"high\" decoding=\"async\" width=\"768\" height=\"512\" src=\"https:\/\/esci-online.com\/wp-content\/uploads\/2025\/01\/Gewoelbekeller-768x512.png\" class=\"attachment-medium_large size-medium_large wp-image-1770\" alt=\"\" srcset=\"https:\/\/esci-online.com\/wp-content\/uploads\/2025\/01\/Gewoelbekeller-768x512.png 768w, https:\/\/esci-online.com\/wp-content\/uploads\/2025\/01\/Gewoelbekeller-300x200.png 300w, https:\/\/esci-online.com\/wp-content\/uploads\/2025\/01\/Gewoelbekeller-1024x683.png 1024w, https:\/\/esci-online.com\/wp-content\/uploads\/2025\/01\/Gewoelbekeller-18x12.png 18w, https:\/\/esci-online.com\/wp-content\/uploads\/2025\/01\/Gewoelbekeller.png 1500w\" sizes=\"(max-width: 768px) 100vw, 768px\" \/>\t\t\t\t\t\t\t\t\t\t\t\t\t\t\t<\/div>\n\t\t\t\t<\/div>\n\t\t\t\t<\/div>\n\t\t<div class=\"elementor-element elementor-element-4bf698f e-con-full shadow e-flex e-con e-child\" data-id=\"4bf698f\" data-element_type=\"container\" data-e-type=\"container\" data-settings=\"{&quot;background_background&quot;:&quot;classic&quot;}\">\n\t\t\t\t<div class=\"elementor-element elementor-element-7f16c0d elementor-widget elementor-widget-text-editor\" data-id=\"7f16c0d\" data-element_type=\"widget\" data-e-type=\"widget\" data-widget_type=\"text-editor.default\">\n\t\t\t\t<div class=\"elementor-widget-container\">\n\t\t\t\t\t\t\t\t\t<p>Die Schweiz ist ein einzigartiges Land mit viel Kultur und ausgezeichneter Haute Cuisine. Verbringen Sie einen unvergesslichen Abend mit viel Swissness und \u00dcberraschungen in der Keramik-Community! <br \/>Werde Teil des Live-Show-Acts der \"Deutschen Supertalent Show\"!<\/p><p><strong>Feiern Sie mit uns 60 Jahre Implantologie!<br \/>Keynotes Prof. Tomas Albrektsson und Prof. Ronald Jung<\/strong><\/p>\t\t\t\t\t\t\t\t<\/div>\n\t\t\t\t<\/div>\n\t\t\t\t<div class=\"elementor-element elementor-element-f0fdcc8 elementor-widget elementor-widget-heading\" data-id=\"f0fdcc8\" data-element_type=\"widget\" data-e-type=\"widget\" data-widget_type=\"heading.default\">\n\t\t\t\t<div class=\"elementor-widget-container\">\n\t\t\t\t\t<h3 class=\"elementor-heading-title elementor-size-default\">ESCI SWISS GALA DINNER<\/h3>\t\t\t\t<\/div>\n\t\t\t\t<\/div>\n\t\t\t\t<div class=\"elementor-element elementor-element-25bf70b elementor-widget elementor-widget-text-editor\" data-id=\"25bf70b\" data-element_type=\"widget\" data-e-type=\"widget\" data-widget_type=\"text-editor.default\">\n\t\t\t\t<div class=\"elementor-widget-container\">\n\t\t\t\t\t\t\t\t\t<p><strong>Freitag, 22.Okt.2022<\/strong><br \/>19:30 Uhr in der alten Pferdehalle<br \/>am Tagungsort<\/p><p>Der Beitrag von <strong>120 CHF<\/strong> pro Teilnehmer beinhaltet<br \/>ein 3-G\u00e4nge-Men\u00fc, alle Getr\u00e4nke und viele \u00dcberraschungen!<br \/>...seien Sie neugierig!<\/p><p><em>Kleiderordnung: Informell<\/em><\/p><p><strong>Bitte melden Sie sich mit Ihrer Anmeldung f\u00fcr das ESCI Gala Dinner an<\/strong><\/p>\t\t\t\t\t\t\t\t<\/div>\n\t\t\t\t<\/div>\n\t\t\t\t<div class=\"elementor-element elementor-element-7f20c6b elementor-widget elementor-widget-image\" data-id=\"7f20c6b\" data-element_type=\"widget\" data-e-type=\"widget\" data-widget_type=\"image.default\">\n\t\t\t\t<div class=\"elementor-widget-container\">\n\t\t\t\t\t\t\t\t\t\t\t\t\t\t\t<img decoding=\"async\" width=\"768\" height=\"510\" src=\"https:\/\/esci-online.com\/wp-content\/uploads\/2025\/01\/swiss-Galadinner-768x510.jpg\" class=\"attachment-medium_large size-medium_large wp-image-1771\" alt=\"\" srcset=\"https:\/\/esci-online.com\/wp-content\/uploads\/2025\/01\/swiss-Galadinner-768x510.jpg 768w, https:\/\/esci-online.com\/wp-content\/uploads\/2025\/01\/swiss-Galadinner-300x199.jpg 300w, https:\/\/esci-online.com\/wp-content\/uploads\/2025\/01\/swiss-Galadinner-1024x680.jpg 1024w, https:\/\/esci-online.com\/wp-content\/uploads\/2025\/01\/swiss-Galadinner-1536x1020.jpg 1536w, https:\/\/esci-online.com\/wp-content\/uploads\/2025\/01\/swiss-Galadinner-2048x1360.jpg 2048w, https:\/\/esci-online.com\/wp-content\/uploads\/2025\/01\/swiss-Galadinner-18x12.jpg 18w\" sizes=\"(max-width: 768px) 100vw, 768px\" \/>\t\t\t\t\t\t\t\t\t\t\t\t\t\t\t<\/div>\n\t\t\t\t<\/div>\n\t\t\t\t<\/div>\n\t\t\t\t\t<\/div>\n\t\t\t\t<\/div>\n\t\t<div class=\"elementor-element elementor-element-7ab23379 e-flex e-con-boxed e-con e-parent\" data-id=\"7ab23379\" data-element_type=\"container\" data-e-type=\"container\">\n\t\t\t\t\t<div class=\"e-con-inner\">\n\t\t\t\t<div class=\"elementor-element elementor-element-40d43c28 elementor-widget elementor-widget-spacer\" data-id=\"40d43c28\" data-element_type=\"widget\" data-e-type=\"widget\" data-widget_type=\"spacer.default\">\n\t\t\t\t<div class=\"elementor-widget-container\">\n\t\t\t\t\t\t\t<div class=\"elementor-spacer\">\n\t\t\t<div class=\"elementor-spacer-inner\"><\/div>\n\t\t<\/div>\n\t\t\t\t\t\t<\/div>\n\t\t\t\t<\/div>\n\t\t\t\t<div class=\"elementor-element elementor-element-2e46f87c elementor-widget elementor-widget-text-editor\" data-id=\"2e46f87c\" data-element_type=\"widget\" data-e-type=\"widget\" data-widget_type=\"text-editor.default\">\n\t\t\t\t<div class=\"elementor-widget-container\">\n\t\t\t\t\t\t\t\t\t<p><strong>...die Aussteller und Partner des 3. Europ\u00e4ischen Kongresses f\u00fcr Keramische Implantologie<\/strong><\/p>\t\t\t\t\t\t\t\t<\/div>\n\t\t\t\t<\/div>\n\t\t\t\t<div class=\"elementor-element elementor-element-4556c450 elementor-widget elementor-widget-image\" data-id=\"4556c450\" data-element_type=\"widget\" data-e-type=\"widget\" data-widget_type=\"image.default\">\n\t\t\t\t<div class=\"elementor-widget-container\">\n\t\t\t\t\t\t\t\t\t\t\t\t\t\t\t<img decoding=\"async\" width=\"1915\" height=\"548\" src=\"https:\/\/esci-online.com\/wp-content\/uploads\/2025\/09\/alle-logos-bunt-neu-neu-.webp\" class=\"attachment-full size-full wp-image-14437\" alt=\"\" srcset=\"https:\/\/esci-online.com\/wp-content\/uploads\/2025\/09\/alle-logos-bunt-neu-neu-.webp 1915w, https:\/\/esci-online.com\/wp-content\/uploads\/2025\/09\/alle-logos-bunt-neu-neu--300x86.webp 300w, https:\/\/esci-online.com\/wp-content\/uploads\/2025\/09\/alle-logos-bunt-neu-neu--1024x293.webp 1024w, https:\/\/esci-online.com\/wp-content\/uploads\/2025\/09\/alle-logos-bunt-neu-neu--768x220.webp 768w, https:\/\/esci-online.com\/wp-content\/uploads\/2025\/09\/alle-logos-bunt-neu-neu--1536x440.webp 1536w, https:\/\/esci-online.com\/wp-content\/uploads\/2025\/09\/alle-logos-bunt-neu-neu--18x5.webp 18w\" sizes=\"(max-width: 1915px) 100vw, 1915px\" \/>\t\t\t\t\t\t\t\t\t\t\t\t\t\t\t<\/div>\n\t\t\t\t<\/div>\n\t\t\t\t<div class=\"elementor-element elementor-element-201c3f63 elementor-widget elementor-widget-spacer\" data-id=\"201c3f63\" data-element_type=\"widget\" data-e-type=\"widget\" data-widget_type=\"spacer.default\">\n\t\t\t\t<div class=\"elementor-widget-container\">\n\t\t\t\t\t\t\t<div class=\"elementor-spacer\">\n\t\t\t<div class=\"elementor-spacer-inner\"><\/div>\n\t\t<\/div>\n\t\t\t\t\t\t<\/div>\n\t\t\t\t<\/div>\n\t\t\t\t\t<\/div>\n\t\t\t\t<\/div>\n\t\t\t\t<\/div>","protected":false},"excerpt":{"rendered":"<p>THE EVENING EVENTS JOIN THE COMMUNITY The Evening events &#8211; the social highlights of the congress YOUR personal well-being is very important to us!Thus, let\u2019s escape from the daily grind!Let\u2019s enjoy getting together again in person as well! Not only for the high quality professional program, but for a friendly get-together and personal exchange the3. [&hellip;]<\/p>\n","protected":false},"author":1,"featured_media":0,"parent":407,"menu_order":0,"comment_status":"closed","ping_status":"closed","template":"","meta":{"_acf_changed":false,"footnotes":""},"class_list":["post-419","page","type-page","status-publish","hentry"],"acf":[],"_links":{"self":[{"href":"https:\/\/esci-online.com\/de\/wp-json\/wp\/v2\/pages\/419","targetHints":{"allow":["GET"]}}],"collection":[{"href":"https:\/\/esci-online.com\/de\/wp-json\/wp\/v2\/pages"}],"about":[{"href":"https:\/\/esci-online.com\/de\/wp-json\/wp\/v2\/types\/page"}],"author":[{"embeddable":true,"href":"https:\/\/esci-online.com\/de\/wp-json\/wp\/v2\/users\/1"}],"replies":[{"embeddable":true,"href":"https:\/\/esci-online.com\/de\/wp-json\/wp\/v2\/comments?post=419"}],"version-history":[{"count":45,"href":"https:\/\/esci-online.com\/de\/wp-json\/wp\/v2\/pages\/419\/revisions"}],"predecessor-version":[{"id":14449,"href":"https:\/\/esci-online.com\/de\/wp-json\/wp\/v2\/pages\/419\/revisions\/14449"}],"up":[{"embeddable":true,"href":"https:\/\/esci-online.com\/de\/wp-json\/wp\/v2\/pages\/407"}],"wp:attachment":[{"href":"https:\/\/esci-online.com\/de\/wp-json\/wp\/v2\/media?parent=419"}],"curies":[{"name":"wp","href":"https:\/\/api.w.org\/{rel}","templated":true}]}}