{"id":475,"date":"2024-11-22T23:59:54","date_gmt":"2024-11-22T22:59:54","guid":{"rendered":"https:\/\/esci-online.com\/?page_id=475"},"modified":"2025-02-23T20:28:38","modified_gmt":"2025-02-23T19:28:38","slug":"literature","status":"publish","type":"page","link":"https:\/\/esci-online.com\/de\/academy\/literature\/","title":{"rendered":"Literatur"},"content":{"rendered":"<div data-elementor-type=\"wp-page\" data-elementor-id=\"475\" class=\"elementor elementor-475\" data-elementor-post-type=\"page\">\n\t\t\t\t<div class=\"elementor-element elementor-element-89ae8c2 e-flex e-con-boxed e-con e-parent\" data-id=\"89ae8c2\" data-element_type=\"container\" data-e-type=\"container\" data-settings=\"{&quot;background_background&quot;:&quot;classic&quot;}\">\n\t\t\t\t\t<div class=\"e-con-inner\">\n\t\t<div class=\"elementor-element elementor-element-092738c e-con-full e-flex e-con e-child\" data-id=\"092738c\" data-element_type=\"container\" data-e-type=\"container\">\n\t\t\t\t<div class=\"elementor-element elementor-element-8a87db5 elementor-widget elementor-widget-image\" data-id=\"8a87db5\" data-element_type=\"widget\" data-e-type=\"widget\" data-widget_type=\"image.default\">\n\t\t\t\t<div class=\"elementor-widget-container\">\n\t\t\t\t\t\t\t\t\t\t\t\t\t\t\t<img decoding=\"async\" width=\"300\" height=\"131\" src=\"https:\/\/esci-online.com\/wp-content\/uploads\/2024\/12\/ESCI_logo_yellow-300x131.png\" class=\"attachment-medium size-medium wp-image-1820\" alt=\"\" srcset=\"https:\/\/esci-online.com\/wp-content\/uploads\/2024\/12\/ESCI_logo_yellow-300x131.png 300w, https:\/\/esci-online.com\/wp-content\/uploads\/2024\/12\/ESCI_logo_yellow-768x335.png 768w, https:\/\/esci-online.com\/wp-content\/uploads\/2024\/12\/ESCI_logo_yellow-18x8.png 18w, https:\/\/esci-online.com\/wp-content\/uploads\/2024\/12\/ESCI_logo_yellow.png 815w\" sizes=\"(max-width: 300px) 100vw, 300px\" \/>\t\t\t\t\t\t\t\t\t\t\t\t\t\t\t<\/div>\n\t\t\t\t<\/div>\n\t\t\t\t<div class=\"elementor-element elementor-element-c59fd2e elementor-widget elementor-widget-heading\" data-id=\"c59fd2e\" data-element_type=\"widget\" data-e-type=\"widget\" data-widget_type=\"heading.default\">\n\t\t\t\t<div class=\"elementor-widget-container\">\n\t\t\t\t\t<h2 class=\"elementor-heading-title elementor-size-default\">Kommentierte Literatur\u00fcbersicht<\/h2>\t\t\t\t<\/div>\n\t\t\t\t<\/div>\n\t\t\t\t<div class=\"elementor-element elementor-element-d3ef75c elementor-widget elementor-widget-heading\" data-id=\"d3ef75c\" data-element_type=\"widget\" data-e-type=\"widget\" data-widget_type=\"heading.default\">\n\t\t\t\t<div class=\"elementor-widget-container\">\n\t\t\t\t\t<h1 class=\"elementor-heading-title elementor-size-default\">Literatur<\/h1>\t\t\t\t<\/div>\n\t\t\t\t<\/div>\n\t\t\t\t<\/div>\n\t\t<div class=\"elementor-element elementor-element-93b448b e-con-full e-flex e-con e-child\" data-id=\"93b448b\" data-element_type=\"container\" data-e-type=\"container\">\n\t\t\t\t<\/div>\n\t\t\t\t\t<\/div>\n\t\t\t\t<\/div>\n\t\t<div class=\"elementor-element elementor-element-8442067 e-flex e-con-boxed e-con e-parent\" data-id=\"8442067\" data-element_type=\"container\" data-e-type=\"container\" data-settings=\"{&quot;background_background&quot;:&quot;classic&quot;}\">\n\t\t\t\t\t<div class=\"e-con-inner\">\n\t\t<div class=\"elementor-element elementor-element-50739aa e-con-full e-flex e-con e-child\" data-id=\"50739aa\" data-element_type=\"container\" data-e-type=\"container\">\n\t\t<div class=\"elementor-element elementor-element-29a8b44 e-con-full e-flex e-con e-child\" data-id=\"29a8b44\" data-element_type=\"container\" data-e-type=\"container\">\n\t\t<div class=\"elementor-element elementor-element-681e1b4 e-con-full e-flex e-con e-child\" data-id=\"681e1b4\" data-element_type=\"container\" data-e-type=\"container\">\n\t\t\t\t<div class=\"elementor-element elementor-element-20c2343 elementor-widget elementor-widget-heading\" data-id=\"20c2343\" data-element_type=\"widget\" data-e-type=\"widget\" data-widget_type=\"heading.default\">\n\t\t\t\t<div class=\"elementor-widget-container\">\n\t\t\t\t\t<h3 class=\"elementor-heading-title elementor-size-default\">Wissenschaftliche Informationen \u00fcber Keramikimplantate<\/h3>\t\t\t\t<\/div>\n\t\t\t\t<\/div>\n\t\t\t\t<div class=\"elementor-element elementor-element-1d55149 elementor-widget-divider--view-line elementor-widget elementor-widget-divider\" data-id=\"1d55149\" data-element_type=\"widget\" data-e-type=\"widget\" data-widget_type=\"divider.default\">\n\t\t\t\t<div class=\"elementor-widget-container\">\n\t\t\t\t\t\t\t<div class=\"elementor-divider\">\n\t\t\t<span class=\"elementor-divider-separator\">\n\t\t\t\t\t\t<\/span>\n\t\t<\/div>\n\t\t\t\t\t\t<\/div>\n\t\t\t\t<\/div>\n\t\t\t\t<div class=\"elementor-element elementor-element-37410a6 elementor-widget elementor-widget-text-editor\" data-id=\"37410a6\" data-element_type=\"widget\" data-e-type=\"widget\" data-widget_type=\"text-editor.default\">\n\t\t\t\t<div class=\"elementor-widget-container\">\n\t\t\t\t\t\t\t\t\t<p>In der zahn\u00e4rztlichen Implantologie gewinnen Keramikimplantate zunehmend an Bedeutung und sind eine ernstzunehmende Erg\u00e4nzung zur bew\u00e4hrten implantologischen Therapie mit Titanimplantaten. Insbesondere die intensive Forschung und die rasante Entwicklung in den Bereichen Material, Oberfl\u00e4chengestaltung und restaurative Versorgung haben zu dieser Entwicklung beigetragen. Kurz- und mittelfristige wissenschaftliche Daten liegen bereits vor - weitere Studien m\u00fcssen folgen. Es gilt, diese Daten richtig auszuwerten, sie richtig zu interpretieren und f\u00fcr eine breitere Anwendung einzuordnen, sie objektiv zu transportieren und mit Hintergrundwissen in die Praxis umzusetzen. Offene Fragen m\u00fcssen auf evidenzbasierter Basis im Interesse des Patienten diskutiert und beantwortet werden.<\/p><p><strong>In dieser Rubrik \"Fachinformationen\" stellt der wissenschaftliche Beirat von ESCI deshalb sorgf\u00e4ltig zusammengestellte, wissenschaftlich fundierte und evidenzbasierte Fakten zu keramischen Implantaten und deren Anwendung zusammen und aktualisiert diese kontinuierlich.<\/strong><\/p>\t\t\t\t\t\t\t\t<\/div>\n\t\t\t\t<\/div>\n\t\t\t\t<\/div>\n\t\t\t\t<\/div>\n\t\t\t\t<\/div>\n\t\t\t\t\t<\/div>\n\t\t\t\t<\/div>\n\t\t<div class=\"elementor-element elementor-element-e8d9c1d e-con-full dc-has-condition dc-condition-equal e-flex e-con e-parent\" data-id=\"e8d9c1d\" data-element_type=\"container\" data-e-type=\"container\">\n\t\t\t\t<div class=\"elementor-element elementor-element-bf670f7 elementor-widget elementor-widget-template\" data-id=\"bf670f7\" data-element_type=\"widget\" data-e-type=\"widget\" data-widget_type=\"template.default\">\n\t\t\t\t<div class=\"elementor-widget-container\">\n\t\t\t\t\t\t\t<div class=\"elementor-template\">\n\t\t\t\t\t<div data-elementor-type=\"container\" data-elementor-id=\"13305\" class=\"elementor elementor-13305\" data-elementor-post-type=\"elementor_library\">\n\t\t\t\t<div class=\"elementor-element elementor-element-8c9f288 e-flex e-con-boxed e-con e-parent\" data-id=\"8c9f288\" data-element_type=\"container\" data-e-type=\"container\">\n\t\t\t\t\t<div class=\"e-con-inner\">\n\t\t<div class=\"elementor-element elementor-element-f5ef721 e-con-full shadow e-flex e-con e-child\" data-id=\"f5ef721\" data-element_type=\"container\" data-e-type=\"container\" data-settings=\"{&quot;background_background&quot;:&quot;classic&quot;}\">\n\t\t\t\t<div class=\"elementor-element elementor-element-3f09347 elementor-view-default elementor-widget elementor-widget-icon\" data-id=\"3f09347\" data-element_type=\"widget\" data-e-type=\"widget\" data-widget_type=\"icon.default\">\n\t\t\t\t<div class=\"elementor-widget-container\">\n\t\t\t\t\t\t\t<div class=\"elementor-icon-wrapper\">\n\t\t\t<div class=\"elementor-icon\">\n\t\t\t<svg aria-hidden=\"true\" class=\"e-font-icon-svg e-fas-user-lock\" viewbox=\"0 0 640 512\" xmlns=\"http:\/\/www.w3.org\/2000\/svg\"><path d=\"M224 256A128 128 0 1 0 96 128a128 128 0 0 0 128 128zm96 64a63.08 63.08 0 0 1 8.1-30.5c-4.8-.5-9.5-1.5-14.5-1.5h-16.7a174.08 174.08 0 0 1-145.8 0h-16.7A134.43 134.43 0 0 0 0 422.4V464a48 48 0 0 0 48 48h280.9a63.54 63.54 0 0 1-8.9-32zm288-32h-32v-80a80 80 0 0 0-160 0v80h-32a32 32 0 0 0-32 32v160a32 32 0 0 0 32 32h224a32 32 0 0 0 32-32V320a32 32 0 0 0-32-32zM496 432a32 32 0 1 1 32-32 32 32 0 0 1-32 32zm32-144h-64v-80a32 32 0 0 1 64 0z\"><\/path><\/svg>\t\t\t<\/div>\n\t\t<\/div>\n\t\t\t\t\t\t<\/div>\n\t\t\t\t<\/div>\n\t\t\t\t<div class=\"elementor-element elementor-element-4826e7c elementor-widget elementor-widget-heading\" data-id=\"4826e7c\" data-element_type=\"widget\" data-e-type=\"widget\" data-widget_type=\"heading.default\">\n\t\t\t\t<div class=\"elementor-widget-container\">\n\t\t\t\t\t<div class=\"elementor-heading-title elementor-size-default\">Nur f\u00fcr Mitglieder<\/div>\t\t\t\t<\/div>\n\t\t\t\t<\/div>\n\t\t\t\t<div class=\"elementor-element elementor-element-404b08c elementor-widget elementor-widget-heading\" data-id=\"404b08c\" data-element_type=\"widget\" data-e-type=\"widget\" data-widget_type=\"heading.default\">\n\t\t\t\t<div class=\"elementor-widget-container\">\n\t\t\t\t\t<div class=\"elementor-heading-title elementor-size-default\">Bitte melden Sie sich an, um diesen Inhalt zu sehen!<\/div>\t\t\t\t<\/div>\n\t\t\t\t<\/div>\n\t\t\t\t<div class=\"elementor-element elementor-element-16c3286 elementor-mobile-align-justify elementor-widget-mobile__width-inherit elementor-widget elementor-widget-button\" data-id=\"16c3286\" data-element_type=\"widget\" data-e-type=\"widget\" data-widget_type=\"button.default\">\n\t\t\t\t<div class=\"elementor-widget-container\">\n\t\t\t\t\t\t\t\t\t<div class=\"elementor-button-wrapper\">\n\t\t\t\t\t<a class=\"elementor-button elementor-button-link elementor-size-sm\" href=\"https:\/\/esci-online.com\/de\/login\/\">\n\t\t\t\t\t\t<span class=\"elementor-button-content-wrapper\">\n\t\t\t\t\t\t\t\t\t<span class=\"elementor-button-text\">Zur Anmeldung gehen<\/span>\n\t\t\t\t\t<\/span>\n\t\t\t\t\t<\/a>\n\t\t\t\t<\/div>\n\t\t\t\t\t\t\t\t<\/div>\n\t\t\t\t<\/div>\n\t\t\t\t<\/div>\n\t\t\t\t\t<\/div>\n\t\t\t\t<\/div>\n\t\t\t\t<\/div>\n\t\t\t\t<\/div>\n\t\t\t\t\t\t<\/div>\n\t\t\t\t<\/div>\n\t\t\t\t<\/div>\n\t\t<!-- hidden container 475-1198644 -->\t\t<\/div>","protected":false},"excerpt":{"rendered":"<p>Annotated literature review\u200b Literature Scientific information on ceramic implants In dental implantology, ceramic implants are becoming increasingly important and are a serious addition to the proven implantological therapy with titanium implants. In particular, intensive research and rapid development in the areas of materials, surface design and restorative care have contributed to this development. Short and [&hellip;]<\/p>\n","protected":false},"author":1,"featured_media":0,"parent":472,"menu_order":0,"comment_status":"closed","ping_status":"closed","template":"","meta":{"_acf_changed":false,"footnotes":""},"class_list":["post-475","page","type-page","status-publish","hentry"],"acf":[],"_links":{"self":[{"href":"https:\/\/esci-online.com\/de\/wp-json\/wp\/v2\/pages\/475","targetHints":{"allow":["GET"]}}],"collection":[{"href":"https:\/\/esci-online.com\/de\/wp-json\/wp\/v2\/pages"}],"about":[{"href":"https:\/\/esci-online.com\/de\/wp-json\/wp\/v2\/types\/page"}],"author":[{"embeddable":true,"href":"https:\/\/esci-online.com\/de\/wp-json\/wp\/v2\/users\/1"}],"replies":[{"embeddable":true,"href":"https:\/\/esci-online.com\/de\/wp-json\/wp\/v2\/comments?post=475"}],"version-history":[{"count":29,"href":"https:\/\/esci-online.com\/de\/wp-json\/wp\/v2\/pages\/475\/revisions"}],"predecessor-version":[{"id":13317,"href":"https:\/\/esci-online.com\/de\/wp-json\/wp\/v2\/pages\/475\/revisions\/13317"}],"up":[{"embeddable":true,"href":"https:\/\/esci-online.com\/de\/wp-json\/wp\/v2\/pages\/472"}],"wp:attachment":[{"href":"https:\/\/esci-online.com\/de\/wp-json\/wp\/v2\/media?parent=475"}],"curies":[{"name":"wp","href":"https:\/\/api.w.org\/{rel}","templated":true}]}}