{"id":3,"date":"2024-10-17T20:55:16","date_gmt":"2024-10-17T20:55:16","guid":{"rendered":"http:\/\/esci-online.com\/?page_id=3"},"modified":"2025-02-10T11:46:54","modified_gmt":"2025-02-10T10:46:54","slug":"privacy-policy","status":"publish","type":"page","link":"https:\/\/esci-online.com\/es\/privacy-policy\/","title":{"rendered":"Pol\u00edtica de privacidad"},"content":{"rendered":"<div data-elementor-type=\"wp-page\" data-elementor-id=\"3\" class=\"elementor elementor-3\" data-elementor-post-type=\"page\">\n\t\t\t\t<div class=\"elementor-element elementor-element-82add0c e-flex e-con-boxed e-con e-parent\" data-id=\"82add0c\" data-element_type=\"container\" data-e-type=\"container\" data-settings=\"{&quot;background_background&quot;:&quot;classic&quot;}\">\n\t\t\t\t\t<div class=\"e-con-inner\">\n\t\t<div class=\"elementor-element elementor-element-5ae1f00 e-con-full e-flex e-con e-child\" data-id=\"5ae1f00\" data-element_type=\"container\" data-e-type=\"container\">\n\t\t\t\t<div class=\"elementor-element elementor-element-35d1fdd elementor-widget elementor-widget-heading\" data-id=\"35d1fdd\" data-element_type=\"widget\" data-e-type=\"widget\" data-widget_type=\"heading.default\">\n\t\t\t\t<div class=\"elementor-widget-container\">\n\t\t\t\t\t<h2 class=\"elementor-heading-title elementor-size-default\">Ahorrar en el sitio web de esci<\/h2>\t\t\t\t<\/div>\n\t\t\t\t<\/div>\n\t\t\t\t<div class=\"elementor-element elementor-element-f87a4d2 elementor-widget elementor-widget-heading\" data-id=\"f87a4d2\" data-element_type=\"widget\" data-e-type=\"widget\" data-widget_type=\"heading.default\">\n\t\t\t\t<div class=\"elementor-widget-container\">\n\t\t\t\t\t<h1 class=\"elementor-heading-title elementor-size-default\">Pol\u00edtica de privacidad<\/h1>\t\t\t\t<\/div>\n\t\t\t\t<\/div>\n\t\t\t\t<\/div>\n\t\t<div class=\"elementor-element elementor-element-32b9006 e-con-full e-flex e-con e-child\" data-id=\"32b9006\" data-element_type=\"container\" data-e-type=\"container\">\n\t\t\t\t<\/div>\n\t\t\t\t\t<\/div>\n\t\t\t\t<\/div>\n\t\t<div class=\"elementor-element elementor-element-ee82ae6 e-flex e-con-boxed e-con e-parent\" data-id=\"ee82ae6\" data-element_type=\"container\" data-e-type=\"container\" data-settings=\"{&quot;background_background&quot;:&quot;classic&quot;}\">\n\t\t\t\t\t<div class=\"e-con-inner\">\n\t\t<div class=\"elementor-element elementor-element-029fe1f e-con-full e-flex e-con e-child\" data-id=\"029fe1f\" data-element_type=\"container\" data-e-type=\"container\">\n\t\t<div class=\"elementor-element elementor-element-e546881 e-con-full e-flex e-con e-child\" data-id=\"e546881\" data-element_type=\"container\" data-e-type=\"container\">\n\t\t<div class=\"elementor-element elementor-element-fa92f63 e-con-full e-flex e-con e-child\" data-id=\"fa92f63\" data-element_type=\"container\" data-e-type=\"container\">\n\t\t\t\t<div class=\"elementor-element elementor-element-bab3e12 elementor-widget elementor-widget-text-editor\" data-id=\"bab3e12\" data-element_type=\"widget\" data-e-type=\"widget\" data-widget_type=\"text-editor.default\">\n\t\t\t\t<div class=\"elementor-widget-container\">\n\t\t\t\t\t\t\t\t\t<h2>1. La protecci\u00f3n de datos en pocas palabras<\/h2>\n<h3>Informaci\u00f3n general<\/h3>\nLa siguiente informaci\u00f3n ofrece una visi\u00f3n sencilla de lo que ocurre con sus datos personales cuando visita nuestro sitio web. Los datos personales son cualquier informaci\u00f3n que pueda identificarle personalmente. Si desea informaci\u00f3n detallada sobre la protecci\u00f3n de datos, consulte nuestra pol\u00edtica de privacidad al final de este texto.\n\n<h3>Recogida de datos en nuestro sitio web<\/h3>\n<strong>\u00bfQui\u00e9n es responsable de la recogida de datos en este sitio web?<\/strong>\nEl tratamiento de datos en este sitio web lo lleva a cabo el operador del mismo. Encontrar\u00e1 sus datos de contacto en el aviso legal de este sitio web.\n\n<strong>\u00bfC\u00f3mo recogemos sus datos?<\/strong>\nSus datos se recogen en parte cuando usted nos los facilita. Esto puede incluir datos que usted introduce en un formulario de contacto, por ejemplo.\n\nOtros datos son recogidos autom\u00e1ticamente por nuestros sistemas inform\u00e1ticos cuando usted visita el sitio web. Se trata principalmente de datos t\u00e9cnicos (por ejemplo, navegador de Internet, sistema operativo o tiempo de visualizaci\u00f3n de la p\u00e1gina). Estos datos se recogen autom\u00e1ticamente en cuanto usted accede a nuestro sitio web.\n\n<strong>\u00bfC\u00f3mo utilizamos sus datos?<\/strong>\nAlgunos de los datos se recogen para garantizar que el sitio web se ofrece sin errores. Otros datos pueden utilizarse para analizar su comportamiento como usuario.\n\n<strong>\u00bfQu\u00e9 derechos tiene en relaci\u00f3n con sus datos?<\/strong>\nTiene derecho a solicitar en cualquier momento informaci\u00f3n gratuita sobre el origen, los destinatarios y la finalidad de sus datos personales almacenados. Tambi\u00e9n tiene derecho a solicitar la correcci\u00f3n, el bloqueo o la supresi\u00f3n de estos datos. Para \u00e9sta y otras cuestiones sobre protecci\u00f3n de datos, puede ponerse en contacto con nosotros en cualquier momento en la direcci\u00f3n que figura en el aviso legal. Tambi\u00e9n tiene derecho a presentar una reclamaci\u00f3n ante la autoridad de control competente.\n\nTambi\u00e9n tiene derecho a solicitar la limitaci\u00f3n del tratamiento de sus datos personales en determinadas circunstancias. Encontrar\u00e1 m\u00e1s detalles en el apartado \"Derecho a restringir el tratamiento\" de la pol\u00edtica de privacidad.\n\n<h3>Herramientas de an\u00e1lisis y de terceros<\/h3>\nAl visitar nuestro sitio web, su comportamiento de navegaci\u00f3n puede ser evaluado estad\u00edsticamente. Para ello se utilizan principalmente cookies y programas de an\u00e1lisis. El an\u00e1lisis de su comportamiento de navegaci\u00f3n suele ser an\u00f3nimo; el comportamiento de navegaci\u00f3n no puede ser rastreado hasta usted.\n\nPuede oponerse a este an\u00e1lisis o impedirlo no utilizando determinadas herramientas. Encontrar\u00e1 informaci\u00f3n detallada sobre estas herramientas y sus opciones de oposici\u00f3n en la siguiente pol\u00edtica de privacidad.\n\n<h2>2. Informaci\u00f3n general e informaci\u00f3n obligatoria<\/h2>\n<h3>Protecci\u00f3n de datos<\/h3>\nLos operadores de estas p\u00e1ginas se toman muy en serio la protecci\u00f3n de sus datos personales. Tratamos sus datos personales de forma confidencial y de conformidad con la normativa legal sobre protecci\u00f3n de datos, as\u00ed como con la presente pol\u00edtica de privacidad.\n\nAl utilizar este sitio web, se recopilan diversos datos personales. Los datos personales son datos que pueden utilizarse para identificarle personalmente. Esta pol\u00edtica de privacidad explica qu\u00e9 datos recogemos y c\u00f3mo los utilizamos. Tambi\u00e9n explica c\u00f3mo y con qu\u00e9 fin se hace.\n\nSe\u00f1alamos que la transmisi\u00f3n de datos a trav\u00e9s de Internet (por ejemplo, la comunicaci\u00f3n por correo electr\u00f3nico) puede presentar vulnerabilidades de seguridad. No es posible una protecci\u00f3n completa de los datos frente al acceso de terceros.\n\n<h3>Entidad responsable<\/h3>\nLa entidad responsable del tratamiento de datos en este sitio web es:\n<div class=\"page\" title=\"P\u00e1gina 4\">\n  <div class=\"section\">\n    <div class=\"layoutArea\">\n      <div class=\"column\">\n        ESCI Sociedad Europea de Implantolog\u00eda Cer\u00e1mica<br>\n        Jens Tartsch<br>\n        Kreuzstrasse 2<br>\n        CH-8802 Kilchberg<br>\n        Tel: +41-(0)44-715 48 77<br>\n        Correo electr\u00f3nico: admin@esci-online.com<br>\n      <\/div>\n    <\/div>\n  <\/div>\n<\/div>\nLa entidad responsable es la persona f\u00edsica o jur\u00eddica que, sola o conjuntamente con otras, determina los fines y medios del tratamiento de datos personales (por ejemplo, nombres, direcciones de correo electr\u00f3nico, etc.).\n\n<h3>Revocaci\u00f3n de su consentimiento para el tratamiento de datos<\/h3>\nMuchas operaciones de tratamiento de datos s\u00f3lo son posibles con su consentimiento expreso. Puede revocar su consentimiento en cualquier momento. Para ello basta con una simple notificaci\u00f3n por correo electr\u00f3nico. La legalidad del tratamiento de datos efectuado hasta la revocaci\u00f3n no se ver\u00e1 afectada por \u00e9sta.\n\n<h3>Objeci\u00f3n a la recogida de datos en casos especiales y contra la publicidad directa (Art. 21 GDPR)<\/h3>\n<strong>Si el tratamiento de datos se basa en el art. 6 para. 1 lit. e o f del RGPD, tiene derecho a oponerse al tratamiento de sus datos personales en cualquier momento, por motivos derivados de su situaci\u00f3n particular; esto tambi\u00e9n se aplica a la elaboraci\u00f3n de perfiles basada en estas disposiciones. La base jur\u00eddica en la que se fundamenta el tratamiento figura en esta pol\u00edtica de privacidad. Si se opone, dejaremos de tratar sus datos personales afectados, a menos que podamos demostrar motivos leg\u00edtimos imperiosos para el tratamiento que prevalezcan sobre sus intereses, derechos y libertades, o que el tratamiento sea necesario para el establecimiento, ejercicio o defensa de reclamaciones legales (objeci\u00f3n en virtud del art\u00edculo 21, apartado 1, del RGPD).<\/strong>\n\n<strong>Si sus datos personales se tratan con fines de publicidad directa, tiene derecho a oponerse en cualquier momento al tratamiento de sus datos personales con dichos fines publicitarios, incluida la elaboraci\u00f3n de perfiles, en la medida en que est\u00e9 relacionado con dicha publicidad directa. Si se opone, sus datos personales dejar\u00e1n de utilizarse con fines de publicidad directa (objeci\u00f3n en virtud del art\u00edculo 21, apartado 2, del RGPD).<\/strong>\n\n<h3>Derecho a presentar una denuncia ante la Autoridad de Supervisi\u00f3n<\/h3>\nEn caso de infracci\u00f3n del RGPD, las personas afectadas tienen derecho a presentar una reclamaci\u00f3n ante una autoridad de control, en particular en el Estado miembro de su residencia habitual, lugar de trabajo o lugar de la presunta infracci\u00f3n. El derecho a presentar una reclamaci\u00f3n se entiende sin perjuicio de otros recursos administrativos o judiciales.\n\n<h3>Derecho a la portabilidad de datos<\/h3>\nTiene derecho a solicitar que los datos que tratamos sobre la base de su consentimiento o en cumplimiento de un contrato le sean transferidos a usted o a un tercero en un formato estructurado, de uso com\u00fan y lectura mec\u00e1nica. Si solicita la transferencia directa de los datos a otro responsable, s\u00f3lo se har\u00e1 en la medida en que sea t\u00e9cnicamente factible.\n\n<h3>Cifrado SSL o TLS<\/h3>\nEste sitio utiliza encriptaci\u00f3n SSL o TLS por razones de seguridad y para proteger la transmisi\u00f3n de contenido confidencial, como pedidos o consultas que nos env\u00ede como operador del sitio. Una conexi\u00f3n cifrada se indica mediante el cambio de la barra de direcciones del navegador de \"http:\/\/\" a \"https:\/\/\" y el s\u00edmbolo del candado en la barra de su navegador.\n\nCuando el cifrado SSL o TLS est\u00e1 activado, los datos que nos transmite no pueden ser le\u00eddos por terceros.\n\n<h3>Transacciones de pago encriptadas en este sitio web<\/h3>\nSi, tras la celebraci\u00f3n de un contrato remunerado, existe la obligaci\u00f3n de transmitir sus datos de pago (por ejemplo, n\u00famero de cuenta para domiciliaci\u00f3n bancaria), estos datos son necesarios para la tramitaci\u00f3n del pago.\n\nLas transacciones de pago mediante los m\u00e9todos de pago habituales (Visa\/MasterCard, domiciliaci\u00f3n bancaria) se procesan exclusivamente a trav\u00e9s de una conexi\u00f3n cifrada SSL o TLS. Una conexi\u00f3n cifrada se indica mediante el cambio de la barra de direcciones del navegador de \"http:\/\/\" a \"https:\/\/\" y el s\u00edmbolo del candado en la barra de su navegador.\n\nCon la comunicaci\u00f3n encriptada, sus datos de pago transmitidos a nosotros no pueden ser le\u00eddos por terceros.\n\n<h3>Informaci\u00f3n, bloqueo, supresi\u00f3n y rectificaci\u00f3n<\/h3>\nTiene derecho a solicitar informaci\u00f3n sobre sus datos personales almacenados, su origen, sus destinatarios y la finalidad del tratamiento de datos, as\u00ed como a solicitar la correcci\u00f3n, el bloqueo o la supresi\u00f3n de estos datos en cualquier momento, dentro del \u00e1mbito de las disposiciones legales aplicables. Para esta y otras cuestiones sobre datos personales, puede ponerse en contacto con nosotros en cualquier momento en la direcci\u00f3n que figura en el aviso legal.\n\n<h3>Derecho a restringir el tratamiento<\/h3>\nTiene derecho a solicitar la limitaci\u00f3n del tratamiento de sus datos personales. Para ello, puede ponerse en contacto con nosotros en cualquier momento utilizando la direcci\u00f3n que figura en el aviso legal. El derecho a restringir el tratamiento se aplica en los siguientes casos:\n<ul>\n  <li>Si impugna la exactitud de sus datos personales almacenados, por lo general necesitamos tiempo para verificarlo. Durante el periodo de verificaci\u00f3n, tiene derecho a solicitar la restricci\u00f3n del tratamiento de sus datos personales.<\/li>\n  <li>Si el tratamiento de sus datos personales es il\u00edcito, puede solicitar la limitaci\u00f3n del tratamiento de datos en lugar de su supresi\u00f3n.<\/li>\n  <li>Si ya no necesitamos sus datos personales pero usted los necesita para el establecimiento, ejercicio o defensa de reclamaciones legales, tiene derecho a solicitar la limitaci\u00f3n del tratamiento en lugar de la supresi\u00f3n.<\/li>\n  <li>Si ha presentado una objeci\u00f3n en virtud del art. 21 p\u00e1rr. 1 del RGPD, debe alcanzarse un equilibrio entre sus intereses y los nuestros. Mientras no est\u00e9 claro qu\u00e9 intereses prevalecen, usted tiene derecho a solicitar la restricci\u00f3n del tratamiento de sus datos personales.<\/li>\n<\/ul>\nSi ha restringido el tratamiento de sus datos personales, \u00e9stos s\u00f3lo podr\u00e1n ser tratados -aparte de su almacenamiento- con su consentimiento o para el reconocimiento, ejercicio o defensa de reclamaciones judiciales, o para proteger los derechos de otra persona f\u00edsica o jur\u00eddica, o por razones de inter\u00e9s p\u00fablico en la Uni\u00f3n Europea o en un Estado miembro.\n\n<h3>Objeci\u00f3n a los correos electr\u00f3nicos promocionales<\/h3>\nPor la presente se rechaza el uso de los datos de contacto publicados como parte del aviso legal para el env\u00edo de publicidad y material informativo no solicitados. Los operadores de los sitios se reservan expresamente el derecho a emprender acciones legales en caso de env\u00edo no solicitado de informaci\u00f3n publicitaria, como correos electr\u00f3nicos basura.\n\n<h2>3. Recogida de datos en nuestro sitio web<\/h2>\n<h3>Cookies<\/h3>\nNuestro sitio web utiliza cookies. Las cookies no causan ning\u00fan da\u00f1o a su ordenador y no contienen virus. Las cookies se utilizan para que nuestro sitio web sea m\u00e1s f\u00e1cil de usar, eficaz y seguro. Las cookies son peque\u00f1os archivos de texto que su navegador almacena en su ordenador.\n\nLa mayor\u00eda de las cookies que utilizamos son \"cookies de sesi\u00f3n\". Se borran autom\u00e1ticamente despu\u00e9s de su visita. Otras cookies permanecen en su dispositivo hasta que usted las borra. Estas cookies nos permiten reconocer su navegador en su pr\u00f3xima visita.\n\nPuede configurar su navegador para ser informado sobre el uso de cookies y permitirlas s\u00f3lo en casos individuales, excluir la aceptaci\u00f3n de cookies para determinados casos o en general, y activar la eliminaci\u00f3n autom\u00e1tica de cookies al cerrar el navegador. La desactivaci\u00f3n de las cookies puede limitar la funcionalidad de este sitio web.\n\nLas cookies que son necesarias para completar el proceso de comunicaci\u00f3n electr\u00f3nica o para proporcionar ciertas funciones que usted desea (por ejemplo, la funci\u00f3n de carrito de la compra) se almacenan bas\u00e1ndose en el Art. 6 para. 1 lit. f GDPR. El operador del sitio web tiene un inter\u00e9s leg\u00edtimo en el almacenamiento de cookies para garantizar la prestaci\u00f3n t\u00e9cnicamente libre de errores y optimizada de sus servicios. Si se almacenan otras cookies (por ejemplo, cookies para analizar su comportamiento de navegaci\u00f3n), se tratan por separado en esta pol\u00edtica de privacidad.\n\n<h3>Archivos de registro del servidor<\/h3>\nEl proveedor de las p\u00e1ginas recoge y almacena autom\u00e1ticamente informaci\u00f3n en los denominados archivos de registro del servidor, que su navegador nos transmite autom\u00e1ticamente. Estos son:\n<ul>\n  <li>Tipo y versi\u00f3n del navegador<\/li>\n  <li>Sistema operativo utilizado<\/li>\n  <li>URL de referencia<\/li>\n  <li>Nombre de host del ordenador de acceso<\/li>\n  <li>Hora de la solicitud al servidor<\/li>\n  <li>Direcci\u00f3n IP<\/li>\n<\/ul>\nNo se realiza una fusi\u00f3n de estos datos con otras fuentes de datos.\n\nLa recogida de estos datos se basa en el Art. 6 para. 1 lit. f GDPR. El operador del sitio web tiene un inter\u00e9s leg\u00edtimo en la presentaci\u00f3n t\u00e9cnicamente libre de errores y la optimizaci\u00f3n de su sitio web - para este fin, los archivos de registro del servidor deben ser recogidos.\n\n<h3>Formulario de contacto<\/h3>\nSi nos env\u00eda consultas a trav\u00e9s del formulario de contacto, sus datos del formulario de consulta, incluidos los datos de contacto que haya facilitado all\u00ed, ser\u00e1n almacenados por nosotros con el fin de procesar la consulta y en caso de preguntas de seguimiento. Estos datos no se transmitir\u00e1n sin su consentimiento.\n\nEl tratamiento de los datos introducidos en el formulario de contacto se realiza exclusivamente sobre la base de su consentimiento (Art. 6 p\u00e1rrafo 1 lit. a GDPR). Puede retirar su consentimiento en cualquier momento. Para ello es suficiente una simple notificaci\u00f3n por correo electr\u00f3nico. La legalidad del tratamiento de datos realizado hasta la retirada no se ver\u00e1 afectada por \u00e9sta.\n\nLos datos que haya introducido en el formulario de contacto permanecer\u00e1n con nosotros hasta que solicite su supresi\u00f3n, revoque su consentimiento para el almacenamiento o deje de ser aplicable la finalidad del almacenamiento de los datos (por ejemplo, tras la finalizaci\u00f3n de su solicitud). Las disposiciones legales obligatorias -especialmente los periodos de conservaci\u00f3n- no se ver\u00e1n afectadas.\t\t\t\t\t\t\t\t<\/div>\n\t\t\t\t<\/div>\n\t\t\t\t<\/div>\n\t\t\t\t<\/div>\n\t\t\t\t<\/div>\n\t\t\t\t\t<\/div>\n\t\t\t\t<\/div>\n\t\t\t\t<\/div>","protected":false},"excerpt":{"rendered":"<p>Save on the esci website Privacy Policy 1. Data Protection at a Glance General Information The following information provides a simple overview of what happens to your personal data when you visit our website. Personal data is any information that can identify you personally. For detailed information on data protection, please refer to our privacy [&hellip;]<\/p>\n","protected":false},"author":1,"featured_media":0,"parent":0,"menu_order":0,"comment_status":"closed","ping_status":"closed","template":"","meta":{"_acf_changed":false,"footnotes":""},"class_list":["post-3","page","type-page","status-publish","hentry"],"acf":[],"_links":{"self":[{"href":"https:\/\/esci-online.com\/es\/wp-json\/wp\/v2\/pages\/3","targetHints":{"allow":["GET"]}}],"collection":[{"href":"https:\/\/esci-online.com\/es\/wp-json\/wp\/v2\/pages"}],"about":[{"href":"https:\/\/esci-online.com\/es\/wp-json\/wp\/v2\/types\/page"}],"author":[{"embeddable":true,"href":"https:\/\/esci-online.com\/es\/wp-json\/wp\/v2\/users\/1"}],"replies":[{"embeddable":true,"href":"https:\/\/esci-online.com\/es\/wp-json\/wp\/v2\/comments?post=3"}],"version-history":[{"count":11,"href":"https:\/\/esci-online.com\/es\/wp-json\/wp\/v2\/pages\/3\/revisions"}],"predecessor-version":[{"id":12524,"href":"https:\/\/esci-online.com\/es\/wp-json\/wp\/v2\/pages\/3\/revisions\/12524"}],"wp:attachment":[{"href":"https:\/\/esci-online.com\/es\/wp-json\/wp\/v2\/media?parent=3"}],"curies":[{"name":"wp","href":"https:\/\/api.w.org\/{rel}","templated":true}]}}