{"id":12899,"date":"2025-02-21T10:34:17","date_gmt":"2025-02-21T09:34:17","guid":{"rendered":"https:\/\/esci-online.com\/?page_id=12899"},"modified":"2025-02-21T10:52:23","modified_gmt":"2025-02-21T09:52:23","slug":"new-event","status":"publish","type":"page","link":"https:\/\/esci-online.com\/fr\/new-event\/","title":{"rendered":"New event"},"content":{"rendered":"<div data-elementor-type=\"wp-page\" data-elementor-id=\"12899\" class=\"elementor elementor-12899\" data-elementor-post-type=\"page\">\n\t\t\t\t<div class=\"elementor-element elementor-element-8585a21 e-flex e-con-boxed e-con e-parent\" data-id=\"8585a21\" data-element_type=\"container\" data-e-type=\"container\" data-settings=\"{&quot;background_background&quot;:&quot;classic&quot;}\">\n\t\t\t\t\t<div class=\"e-con-inner\">\n\t\t\t\t<div class=\"elementor-element elementor-element-25e6782 elementor-widget elementor-widget-heading\" data-id=\"25e6782\" data-element_type=\"widget\" data-e-type=\"widget\" data-widget_type=\"heading.default\">\n\t\t\t\t<div class=\"elementor-widget-container\">\n\t\t\t\t\t<h3 class=\"elementor-heading-title elementor-size-default\">Cr\u00e9er un nouvel \u00e9v\u00e9nement<\/h3>\t\t\t\t<\/div>\n\t\t\t\t<\/div>\n\t\t\t\t<div class=\"elementor-element elementor-element-46e0c65 elementor-widget-divider--view-line elementor-widget elementor-widget-divider\" data-id=\"46e0c65\" data-element_type=\"widget\" data-e-type=\"widget\" data-widget_type=\"divider.default\">\n\t\t\t\t<div class=\"elementor-widget-container\">\n\t\t\t\t\t\t\t<div class=\"elementor-divider\">\n\t\t\t<span class=\"elementor-divider-separator\">\n\t\t\t\t\t\t<\/span>\n\t\t<\/div>\n\t\t\t\t\t\t<\/div>\n\t\t\t\t<\/div>\n\t\t\t\t<div class=\"elementor-element elementor-element-8fa99fd elementor-widget elementor-widget-shortcode\" data-id=\"8fa99fd\" data-element_type=\"widget\" data-e-type=\"widget\" data-widget_type=\"shortcode.default\">\n\t\t\t\t<div class=\"elementor-widget-container\">\n\t\t\t\t\t\t\t<div class=\"elementor-shortcode\">Vous devez \u00eatre connect\u00e9 pour modifier cet \u00e9v\u00e9nement.<\/div>\n\t\t\t\t\t\t<\/div>\n\t\t\t\t<\/div>\n\t\t\t\t\t<\/div>\n\t\t\t\t<\/div>\n\t\t\t\t<\/div>","protected":false},"excerpt":{"rendered":"<p>Cr\u00e9er un nouvel \u00e9v\u00e9nement<\/p>","protected":false},"author":1,"featured_media":0,"parent":0,"menu_order":0,"comment_status":"closed","ping_status":"closed","template":"","meta":{"_acf_changed":false,"footnotes":""},"class_list":["post-12899","page","type-page","status-publish","hentry"],"acf":[],"_links":{"self":[{"href":"https:\/\/esci-online.com\/fr\/wp-json\/wp\/v2\/pages\/12899","targetHints":{"allow":["GET"]}}],"collection":[{"href":"https:\/\/esci-online.com\/fr\/wp-json\/wp\/v2\/pages"}],"about":[{"href":"https:\/\/esci-online.com\/fr\/wp-json\/wp\/v2\/types\/page"}],"author":[{"embeddable":true,"href":"https:\/\/esci-online.com\/fr\/wp-json\/wp\/v2\/users\/1"}],"replies":[{"embeddable":true,"href":"https:\/\/esci-online.com\/fr\/wp-json\/wp\/v2\/comments?post=12899"}],"version-history":[{"count":19,"href":"https:\/\/esci-online.com\/fr\/wp-json\/wp\/v2\/pages\/12899\/revisions"}],"predecessor-version":[{"id":12920,"href":"https:\/\/esci-online.com\/fr\/wp-json\/wp\/v2\/pages\/12899\/revisions\/12920"}],"wp:attachment":[{"href":"https:\/\/esci-online.com\/fr\/wp-json\/wp\/v2\/media?parent=12899"}],"curies":[{"name":"wp","href":"https:\/\/api.w.org\/{rel}","templated":true}]}}