{"id":3,"date":"2024-10-17T20:55:16","date_gmt":"2024-10-17T20:55:16","guid":{"rendered":"http:\/\/esci-online.com\/?page_id=3"},"modified":"2025-02-10T11:46:54","modified_gmt":"2025-02-10T10:46:54","slug":"privacy-policy","status":"publish","type":"page","link":"https:\/\/esci-online.com\/fr\/privacy-policy\/","title":{"rendered":"Politique de confidentialit\u00e9"},"content":{"rendered":"<div data-elementor-type=\"wp-page\" data-elementor-id=\"3\" class=\"elementor elementor-3\" data-elementor-post-type=\"page\">\n\t\t\t\t<div class=\"elementor-element elementor-element-82add0c e-flex e-con-boxed e-con e-parent\" data-id=\"82add0c\" data-element_type=\"container\" data-e-type=\"container\" data-settings=\"{&quot;background_background&quot;:&quot;classic&quot;}\">\n\t\t\t\t\t<div class=\"e-con-inner\">\n\t\t<div class=\"elementor-element elementor-element-5ae1f00 e-con-full e-flex e-con e-child\" data-id=\"5ae1f00\" data-element_type=\"container\" data-e-type=\"container\">\n\t\t\t\t<div class=\"elementor-element elementor-element-35d1fdd elementor-widget elementor-widget-heading\" data-id=\"35d1fdd\" data-element_type=\"widget\" data-e-type=\"widget\" data-widget_type=\"heading.default\">\n\t\t\t\t<div class=\"elementor-widget-container\">\n\t\t\t\t\t<h2 class=\"elementor-heading-title elementor-size-default\">Economiser sur le site de l'esci<\/h2>\t\t\t\t<\/div>\n\t\t\t\t<\/div>\n\t\t\t\t<div class=\"elementor-element elementor-element-f87a4d2 elementor-widget elementor-widget-heading\" data-id=\"f87a4d2\" data-element_type=\"widget\" data-e-type=\"widget\" data-widget_type=\"heading.default\">\n\t\t\t\t<div class=\"elementor-widget-container\">\n\t\t\t\t\t<h1 class=\"elementor-heading-title elementor-size-default\">Politique de confidentialit\u00e9<\/h1>\t\t\t\t<\/div>\n\t\t\t\t<\/div>\n\t\t\t\t<\/div>\n\t\t<div class=\"elementor-element elementor-element-32b9006 e-con-full e-flex e-con e-child\" data-id=\"32b9006\" data-element_type=\"container\" data-e-type=\"container\">\n\t\t\t\t<\/div>\n\t\t\t\t\t<\/div>\n\t\t\t\t<\/div>\n\t\t<div class=\"elementor-element elementor-element-ee82ae6 e-flex e-con-boxed e-con e-parent\" data-id=\"ee82ae6\" data-element_type=\"container\" data-e-type=\"container\" data-settings=\"{&quot;background_background&quot;:&quot;classic&quot;}\">\n\t\t\t\t\t<div class=\"e-con-inner\">\n\t\t<div class=\"elementor-element elementor-element-029fe1f e-con-full e-flex e-con e-child\" data-id=\"029fe1f\" data-element_type=\"container\" data-e-type=\"container\">\n\t\t<div class=\"elementor-element elementor-element-e546881 e-con-full e-flex e-con e-child\" data-id=\"e546881\" data-element_type=\"container\" data-e-type=\"container\">\n\t\t<div class=\"elementor-element elementor-element-fa92f63 e-con-full e-flex e-con e-child\" data-id=\"fa92f63\" data-element_type=\"container\" data-e-type=\"container\">\n\t\t\t\t<div class=\"elementor-element elementor-element-bab3e12 elementor-widget elementor-widget-text-editor\" data-id=\"bab3e12\" data-element_type=\"widget\" data-e-type=\"widget\" data-widget_type=\"text-editor.default\">\n\t\t\t\t<div class=\"elementor-widget-container\">\n\t\t\t\t\t\t\t\t\t<h2>1. La protection des donn\u00e9es en un coup d'\u0153il<\/h2>\n<h3>Informations g\u00e9n\u00e9rales<\/h3>\nLes informations suivantes donnent un aper\u00e7u simple de ce qu'il advient de vos donn\u00e9es personnelles lorsque vous visitez notre site web. Les donn\u00e9es \u00e0 caract\u00e8re personnel sont toutes les informations qui permettent de vous identifier personnellement. Pour des informations d\u00e9taill\u00e9es sur la protection des donn\u00e9es, veuillez vous r\u00e9f\u00e9rer \u00e0 notre politique de confidentialit\u00e9 \u00e0 la fin de ce texte.\n\n<h3>Collecte de donn\u00e9es sur notre site web<\/h3>\n<strong>Qui est responsable de la collecte des donn\u00e9es sur ce site web ?<\/strong>\nLe traitement des donn\u00e9es sur ce site web est effectu\u00e9 par l'op\u00e9rateur du site web. Vous trouverez ses coordonn\u00e9es dans les mentions l\u00e9gales de ce site.\n\n<strong>Comment recueillons-nous vos donn\u00e9es ?<\/strong>\nVos donn\u00e9es sont collect\u00e9es en partie lorsque vous nous les fournissez. Il peut s'agir de donn\u00e9es que vous saisissez dans un formulaire de contact, par exemple.\n\nD'autres donn\u00e9es sont automatiquement collect\u00e9es par nos syst\u00e8mes informatiques lorsque vous visitez le site web. Il s'agit principalement de donn\u00e9es techniques (par exemple, le navigateur Internet, le syst\u00e8me d'exploitation ou l'heure de consultation de la page). Ces donn\u00e9es sont collect\u00e9es automatiquement d\u00e8s que vous acc\u00e9dez \u00e0 notre site web.\n\n<strong>Comment utilisons-nous vos donn\u00e9es ?<\/strong>\nCertaines de ces donn\u00e9es sont collect\u00e9es pour garantir que le site web est fourni sans erreur. D'autres donn\u00e9es peuvent \u00eatre utilis\u00e9es pour analyser votre comportement d'utilisateur.\n\n<strong>Quels sont vos droits concernant vos donn\u00e9es ?<\/strong>\nVous avez le droit de demander \u00e0 tout moment et gratuitement des informations sur l'origine, les destinataires et la finalit\u00e9 de vos donn\u00e9es personnelles stock\u00e9es. Vous avez \u00e9galement le droit de demander la correction, le blocage ou la suppression de ces donn\u00e9es. Pour ce faire ou pour toute autre question relative \u00e0 la protection des donn\u00e9es, vous pouvez nous contacter \u00e0 tout moment \u00e0 l'adresse indiqu\u00e9e dans les mentions l\u00e9gales. Vous avez \u00e9galement le droit de d\u00e9poser une plainte aupr\u00e8s de l'autorit\u00e9 de contr\u00f4le comp\u00e9tente.\n\nVous avez \u00e9galement le droit de demander la limitation du traitement de vos donn\u00e9es \u00e0 caract\u00e8re personnel dans certaines circonstances. Vous trouverez plus de d\u00e9tails dans la politique de confidentialit\u00e9 sous la rubrique \"Droit de restreindre le traitement\".\n\n<h3>Outils d'analyse et outils tiers<\/h3>\nLorsque vous visitez notre site web, votre comportement de navigation peut faire l'objet d'une \u00e9valuation statistique. Cela se fait principalement \u00e0 l'aide de cookies et de programmes d'analyse. L'analyse de votre comportement de navigation est g\u00e9n\u00e9ralement anonyme ; le comportement de navigation ne peut pas \u00eatre retrac\u00e9 jusqu'\u00e0 vous.\n\nVous pouvez vous opposer \u00e0 cette analyse ou l'emp\u00eacher en n'utilisant pas certains outils. Vous trouverez des informations d\u00e9taill\u00e9es sur ces outils et vos possibilit\u00e9s d'opposition dans la politique de confidentialit\u00e9 suivante.\n\n<h2>2. Informations g\u00e9n\u00e9rales et obligatoires<\/h2>\n<h3>Protection des donn\u00e9es<\/h3>\nLes exploitants de ces pages prennent tr\u00e8s au s\u00e9rieux la protection de vos donn\u00e9es personnelles. Nous traitons vos donn\u00e9es personnelles de mani\u00e8re confidentielle et conform\u00e9ment aux dispositions l\u00e9gales en mati\u00e8re de protection des donn\u00e9es ainsi qu'\u00e0 la pr\u00e9sente politique de confidentialit\u00e9.\n\nLors de l'utilisation de ce site web, diverses donn\u00e9es personnelles sont collect\u00e9es. Les donn\u00e9es personnelles sont des donn\u00e9es qui peuvent \u00eatre utilis\u00e9es pour vous identifier personnellement. La pr\u00e9sente politique de confidentialit\u00e9 explique quelles donn\u00e9es nous collectons et comment nous les utilisons. Elle explique \u00e9galement comment et dans quel but ces donn\u00e9es sont collect\u00e9es.\n\nNous attirons l'attention sur le fait que la transmission de donn\u00e9es sur l'internet (par exemple, la communication par courrier \u00e9lectronique) peut pr\u00e9senter des failles de s\u00e9curit\u00e9. Une protection compl\u00e8te des donn\u00e9es contre l'acc\u00e8s par des tiers n'est pas possible.\n\n<h3>Entit\u00e9 responsable<\/h3>\nL'entit\u00e9 responsable du traitement des donn\u00e9es sur ce site web est :\n<div class=\"page\" title=\"Page 4\">\n  <div class=\"section\">\n    <div class=\"layoutArea\">\n      <div class=\"column\">\n        ESCI Soci\u00e9t\u00e9 europ\u00e9enne d'implantologie c\u00e9ramique<br>\n        Jens Tartsch<br>\n        Kreuzstrasse 2<br>\n        CH-8802 Kilchberg<br>\n        T\u00e9l\u00e9phone : +41-(0)44-715 48 77 +41-(0)44-715 48 77<br>\n        Courriel : admin@esci-online.com<br>\n      <\/div>\n    <\/div>\n  <\/div>\n<\/div>\nL'entit\u00e9 responsable est la personne physique ou morale qui, seule ou conjointement avec d'autres, d\u00e9termine les finalit\u00e9s et les moyens du traitement des donn\u00e9es \u00e0 caract\u00e8re personnel (par exemple, noms, adresses \u00e9lectroniques, etc.).\n\n<h3>R\u00e9vocation de votre consentement au traitement des donn\u00e9es<\/h3>\nDe nombreux traitements de donn\u00e9es ne sont possibles qu'avec votre consentement explicite. Vous pouvez r\u00e9voquer votre consentement \u00e0 tout moment. Une simple notification par courrier \u00e9lectronique suffit \u00e0 cet effet. La l\u00e9galit\u00e9 du traitement des donn\u00e9es effectu\u00e9 jusqu'\u00e0 la r\u00e9vocation n'est pas affect\u00e9e par cette derni\u00e8re.\n\n<h3>Objection \u00e0 la collecte de donn\u00e9es dans des cas particuliers et contre la publicit\u00e9 directe (article 21 du RGPD)<\/h3>\n<strong>Si le traitement des donn\u00e9es est effectu\u00e9 sur la base de l'art. 6 para. 1 lit. e ou f GDPR, vous avez le droit de vous opposer au traitement de vos donn\u00e9es personnelles \u00e0 tout moment, pour des raisons d\u00e9coulant de votre situation particuli\u00e8re ; cela s'applique \u00e9galement au profilage bas\u00e9 sur ces dispositions. La base juridique respective sur laquelle le traitement est fond\u00e9 figure dans la pr\u00e9sente politique de confidentialit\u00e9. Si vous vous y opposez, nous ne traiterons plus vos donn\u00e9es \u00e0 caract\u00e8re personnel concern\u00e9es, \u00e0 moins que nous puissions d\u00e9montrer des motifs l\u00e9gitimes imp\u00e9rieux pour le traitement qui l'emportent sur vos int\u00e9r\u00eats, droits et libert\u00e9s, ou que le traitement soit n\u00e9cessaire \u00e0 la constatation, \u00e0 l'exercice ou \u00e0 la d\u00e9fense de droits en justice (objection en vertu de l'article 21, paragraphe 1, du RGPD).<\/strong>\n\n<strong>Si vos donn\u00e9es personnelles sont trait\u00e9es \u00e0 des fins de publicit\u00e9 directe, vous avez le droit de vous opposer \u00e0 tout moment au traitement de vos donn\u00e9es personnelles \u00e0 de telles fins publicitaires, y compris le profilage, dans la mesure o\u00f9 il est li\u00e9 \u00e0 cette publicit\u00e9 directe. Si vous vous y opposez, vos donn\u00e9es \u00e0 caract\u00e8re personnel ne seront plus utilis\u00e9es \u00e0 des fins de publicit\u00e9 directe (opposition en vertu de l'article 21, paragraphe 2, du RGPD).<\/strong>\n\n<h3>Droit de d\u00e9poser une plainte aupr\u00e8s de l'autorit\u00e9 de surveillance<\/h3>\nEn cas de violation du GDPR, les personnes concern\u00e9es ont le droit de d\u00e9poser une plainte aupr\u00e8s d'une autorit\u00e9 de contr\u00f4le, en particulier dans l'\u00c9tat membre de leur r\u00e9sidence habituelle, de leur lieu de travail ou du lieu de l'infraction pr\u00e9sum\u00e9e. Le droit de d\u00e9poser une plainte est sans pr\u00e9judice d'autres recours administratifs ou judiciaires.\n\n<h3>Droit \u00e0 la portabilit\u00e9 des donn\u00e9es<\/h3>\nVous avez le droit de demander que les donn\u00e9es que nous traitons sur la base de votre consentement ou en ex\u00e9cution d'un contrat vous soient transmises ou soient transmises \u00e0 un tiers dans un format structur\u00e9, couramment utilis\u00e9 et lisible par machine. Si vous demandez le transfert direct des donn\u00e9es \u00e0 une autre partie responsable, cela ne sera fait que dans la mesure o\u00f9 cela est techniquement possible.\n\n<h3>Chiffrement SSL ou TLS<\/h3>\nCe site utilise le cryptage SSL ou TLS pour des raisons de s\u00e9curit\u00e9 et pour prot\u00e9ger la transmission de contenus confidentiels, tels que les commandes ou les demandes que vous nous envoyez en tant qu'op\u00e9rateur du site. Une connexion crypt\u00e9e est indiqu\u00e9e par le passage de \"http:\/\/\" \u00e0 \"https:\/\/\" dans la barre d'adresse du navigateur et par le symbole du cadenas dans la barre de votre navigateur.\n\nLorsque le cryptage SSL ou TLS est activ\u00e9, les donn\u00e9es que vous nous transmettez ne peuvent pas \u00eatre lues par des tiers.\n\n<h3>Transactions de paiement crypt\u00e9es sur ce site web<\/h3>\nSi, apr\u00e8s la conclusion d'un contrat r\u00e9mun\u00e9r\u00e9, il existe une obligation de transmettre vos donn\u00e9es de paiement (par exemple, le num\u00e9ro de compte pour le pr\u00e9l\u00e8vement automatique), ces donn\u00e9es sont n\u00e9cessaires pour le traitement du paiement.\n\nLes transactions de paiement utilisant des m\u00e9thodes de paiement courantes (Visa\/MasterCard, d\u00e9bit direct) sont exclusivement trait\u00e9es par le biais d'une connexion SSL ou TLS crypt\u00e9e. Une connexion crypt\u00e9e est indiqu\u00e9e par le passage de \"http:\/\/\" \u00e0 \"https:\/\/\" dans la barre d'adresse du navigateur et par le symbole du cadenas dans la barre de votre navigateur.\n\nGr\u00e2ce \u00e0 la communication crypt\u00e9e, les donn\u00e9es de paiement que vous nous transmettez ne peuvent pas \u00eatre lues par des tiers.\n\n<h3>Information, blocage, suppression et correction<\/h3>\nVous avez le droit de demander des informations sur vos donn\u00e9es personnelles enregistr\u00e9es, leur origine, leurs destinataires et la finalit\u00e9 du traitement des donn\u00e9es, ainsi que de demander \u00e0 tout moment la correction, le blocage ou la suppression de ces donn\u00e9es, dans le cadre des dispositions l\u00e9gales applicables. Pour cette question et d'autres questions relatives aux donn\u00e9es personnelles, vous pouvez nous contacter \u00e0 tout moment \u00e0 l'adresse indiqu\u00e9e dans l'avis juridique.\n\n<h3>Droit de restreindre le traitement<\/h3>\nVous avez le droit de demander la limitation du traitement de vos donn\u00e9es personnelles. Pour ce faire, vous pouvez nous contacter \u00e0 tout moment \u00e0 l'adresse indiqu\u00e9e dans les mentions l\u00e9gales. Le droit de limiter le traitement s'applique dans les cas suivants :\n<ul>\n  <li>Si vous contestez l'exactitude des donn\u00e9es \u00e0 caract\u00e8re personnel que vous avez enregistr\u00e9es, nous avons g\u00e9n\u00e9ralement besoin d'un certain temps pour les v\u00e9rifier. Pendant la p\u00e9riode de v\u00e9rification, vous avez le droit de demander la limitation du traitement de vos donn\u00e9es personnelles.<\/li>\n  <li>Si le traitement de vos donn\u00e9es personnelles est ill\u00e9gal, vous pouvez demander la restriction du traitement des donn\u00e9es au lieu de leur suppression.<\/li>\n  <li>Si nous n'avons plus besoin de vos donn\u00e9es personnelles mais que vous en avez besoin pour l'\u00e9tablissement, l'exercice ou la d\u00e9fense de droits l\u00e9gaux, vous avez le droit de demander la restriction du traitement au lieu de la suppression.<\/li>\n  <li>Si vous avez introduit une objection en vertu de l'art. 21 para. 1 du GDPR, un \u00e9quilibre doit \u00eatre trouv\u00e9 entre vos int\u00e9r\u00eats et les n\u00f4tres. Tant qu'il n'est pas clair quels int\u00e9r\u00eats pr\u00e9valent, vous avez le droit de demander la restriction du traitement de vos donn\u00e9es \u00e0 caract\u00e8re personnel.<\/li>\n<\/ul>\nSi vous avez limit\u00e9 le traitement de vos donn\u00e9es personnelles, celles-ci ne peuvent \u00eatre trait\u00e9es - hormis leur stockage - qu'avec votre consentement ou pour la constatation, l'exercice ou la d\u00e9fense de droits en justice, ou pour prot\u00e9ger les droits d'une autre personne physique ou morale, ou pour des raisons d'int\u00e9r\u00eat public dans l'Union europ\u00e9enne ou dans un \u00c9tat membre.\n\n<h3>Objection aux courriels promotionnels<\/h3>\nL'utilisation des donn\u00e9es de contact publi\u00e9es dans le cadre de l'avis juridique pour la transmission de publicit\u00e9 et de mat\u00e9riel d'information non sollicit\u00e9s est contest\u00e9e par la pr\u00e9sente. Les exploitants des sites se r\u00e9servent express\u00e9ment le droit d'intenter une action en justice en cas d'envoi non sollicit\u00e9 d'informations publicitaires, telles que des courriers \u00e9lectroniques non sollicit\u00e9s.\n\n<h2>3. Collecte de donn\u00e9es sur notre site web<\/h2>\n<h3>Cookies<\/h3>\nNotre site web utilise des cookies. Les cookies ne causent aucun dommage \u00e0 votre ordinateur et ne contiennent pas de virus. Les cookies sont utilis\u00e9s pour rendre notre site web plus convivial, plus efficace et plus s\u00fbr. Les cookies sont de petits fichiers texte qui sont stock\u00e9s sur votre ordinateur par votre navigateur.\n\nLa plupart des cookies que nous utilisons sont des \"cookies de session\". Ils sont automatiquement supprim\u00e9s apr\u00e8s votre visite. D'autres cookies restent sur votre appareil jusqu'\u00e0 ce que vous les supprimiez. Ces cookies nous permettent de reconna\u00eetre votre navigateur lors de votre prochaine visite.\n\nVous pouvez configurer votre navigateur de mani\u00e8re \u00e0 \u00eatre inform\u00e9 de l'utilisation des cookies et \u00e0 ne les autoriser que dans certains cas, \u00e0 exclure l'acceptation des cookies dans certains cas ou de mani\u00e8re g\u00e9n\u00e9rale, et \u00e0 activer la suppression automatique des cookies \u00e0 la fermeture du navigateur. La d\u00e9sactivation des cookies peut limiter la fonctionnalit\u00e9 de ce site web.\n\nLes cookies n\u00e9cessaires \u00e0 l'ach\u00e8vement du processus de communication \u00e9lectronique ou \u00e0 la fourniture de certaines fonctions que vous souhaitez (par exemple, la fonction de panier d'achat) sont stock\u00e9s sur la base de l'art. 6 para. 1 lit. f GDPR. L'exploitant du site web a un int\u00e9r\u00eat l\u00e9gitime \u00e0 stocker des cookies pour garantir la fourniture techniquement sans erreur et optimis\u00e9e de ses services. Si d'autres cookies (par exemple, des cookies pour analyser votre comportement de navigation) sont stock\u00e9s, ils sont trait\u00e9s s\u00e9par\u00e9ment dans cette politique de confidentialit\u00e9.\n\n<h3>Fichiers journaux du serveur<\/h3>\nLe fournisseur des pages recueille et stocke automatiquement des informations dans ce que l'on appelle les fichiers journaux du serveur, que votre navigateur nous transmet automatiquement. Ces fichiers sont les suivants\n<ul>\n  <li>Type et version du navigateur<\/li>\n  <li>Syst\u00e8me d'exploitation utilis\u00e9<\/li>\n  <li>URL du r\u00e9f\u00e9rent<\/li>\n  <li>Nom d'h\u00f4te de l'ordinateur d'acc\u00e8s<\/li>\n  <li>Heure de la demande du serveur<\/li>\n  <li>Adresse IP<\/li>\n<\/ul>\nCes donn\u00e9es ne sont pas fusionn\u00e9es avec d'autres sources de donn\u00e9es.\n\nLa collecte de ces donn\u00e9es est fond\u00e9e sur l'art. 6 para. 1 lit. f GDPR. L'exploitant du site web a un int\u00e9r\u00eat l\u00e9gitime \u00e0 ce que son site web soit pr\u00e9sent\u00e9 et optimis\u00e9 de mani\u00e8re techniquement irr\u00e9prochable - \u00e0 cette fin, les fichiers journaux du serveur doivent \u00eatre collect\u00e9s.\n\n<h3>Formulaire de contact<\/h3>\nSi vous nous envoyez des demandes par le biais d'un formulaire de contact, les donn\u00e9es figurant dans le formulaire de demande, y compris les coordonn\u00e9es que vous y avez indiqu\u00e9es, seront stock\u00e9es par nous dans le but de traiter la demande et en cas de questions de suivi. Ces donn\u00e9es ne seront pas transmises sans votre consentement.\n\nLe traitement des donn\u00e9es saisies dans le formulaire de contact est effectu\u00e9 exclusivement sur la base de votre consentement (article 6, paragraphe 1, point a), du RGPD). Vous pouvez retirer votre consentement \u00e0 tout moment. Une simple notification par courrier \u00e9lectronique suffit \u00e0 cet effet. La l\u00e9galit\u00e9 du traitement des donn\u00e9es effectu\u00e9 jusqu'au retrait n'est pas affect\u00e9e par ce dernier.\n\nLes donn\u00e9es que vous avez saisies dans le formulaire de contact resteront chez nous jusqu'\u00e0 ce que vous demandiez leur suppression, que vous r\u00e9voquiez votre consentement \u00e0 leur stockage ou que la finalit\u00e9 du stockage des donn\u00e9es ne s'applique plus (par exemple, apr\u00e8s l'ach\u00e8vement de votre demande). Les dispositions l\u00e9gales obligatoires - en particulier les d\u00e9lais de conservation - ne sont pas affect\u00e9es.\t\t\t\t\t\t\t\t<\/div>\n\t\t\t\t<\/div>\n\t\t\t\t<\/div>\n\t\t\t\t<\/div>\n\t\t\t\t<\/div>\n\t\t\t\t\t<\/div>\n\t\t\t\t<\/div>\n\t\t\t\t<\/div>","protected":false},"excerpt":{"rendered":"<p>Save on the esci website Privacy Policy 1. Data Protection at a Glance General Information The following information provides a simple overview of what happens to your personal data when you visit our website. Personal data is any information that can identify you personally. For detailed information on data protection, please refer to our privacy [&hellip;]<\/p>\n","protected":false},"author":1,"featured_media":0,"parent":0,"menu_order":0,"comment_status":"closed","ping_status":"closed","template":"","meta":{"_acf_changed":false,"footnotes":""},"class_list":["post-3","page","type-page","status-publish","hentry"],"acf":[],"_links":{"self":[{"href":"https:\/\/esci-online.com\/fr\/wp-json\/wp\/v2\/pages\/3","targetHints":{"allow":["GET"]}}],"collection":[{"href":"https:\/\/esci-online.com\/fr\/wp-json\/wp\/v2\/pages"}],"about":[{"href":"https:\/\/esci-online.com\/fr\/wp-json\/wp\/v2\/types\/page"}],"author":[{"embeddable":true,"href":"https:\/\/esci-online.com\/fr\/wp-json\/wp\/v2\/users\/1"}],"replies":[{"embeddable":true,"href":"https:\/\/esci-online.com\/fr\/wp-json\/wp\/v2\/comments?post=3"}],"version-history":[{"count":11,"href":"https:\/\/esci-online.com\/fr\/wp-json\/wp\/v2\/pages\/3\/revisions"}],"predecessor-version":[{"id":12524,"href":"https:\/\/esci-online.com\/fr\/wp-json\/wp\/v2\/pages\/3\/revisions\/12524"}],"wp:attachment":[{"href":"https:\/\/esci-online.com\/fr\/wp-json\/wp\/v2\/media?parent=3"}],"curies":[{"name":"wp","href":"https:\/\/api.w.org\/{rel}","templated":true}]}}