{"id":419,"date":"2024-11-22T23:35:48","date_gmt":"2024-11-22T22:35:48","guid":{"rendered":"https:\/\/esci-online.com\/?page_id=419"},"modified":"2025-09-14T09:36:17","modified_gmt":"2025-09-14T07:36:17","slug":"evening-events","status":"publish","type":"page","link":"https:\/\/esci-online.com\/fr\/congress\/evening-events\/","title":{"rendered":"\u00c9v\u00e9nements du soir"},"content":{"rendered":"<div data-elementor-type=\"wp-page\" data-elementor-id=\"419\" class=\"elementor elementor-419\" data-elementor-post-type=\"page\">\n\t\t\t\t<div class=\"elementor-element elementor-element-3c04dac e-flex e-con-boxed e-con e-parent\" data-id=\"3c04dac\" data-element_type=\"container\" data-e-type=\"container\" data-settings=\"{&quot;background_background&quot;:&quot;classic&quot;}\">\n\t\t\t\t\t<div class=\"e-con-inner\">\n\t\t<div class=\"elementor-element elementor-element-6c072d4 e-con-full e-flex e-con e-child\" data-id=\"6c072d4\" data-element_type=\"container\" data-e-type=\"container\">\n\t\t\t\t<div class=\"elementor-element elementor-element-0f8f54b elementor-widget elementor-widget-heading\" data-id=\"0f8f54b\" data-element_type=\"widget\" data-e-type=\"widget\" data-widget_type=\"heading.default\">\n\t\t\t\t<div class=\"elementor-widget-container\">\n\t\t\t\t\t<h2 class=\"elementor-heading-title elementor-size-default\">LES \u00c9V\u00c9NEMENTS DE LA SOIR\u00c9E<\/h2>\t\t\t\t<\/div>\n\t\t\t\t<\/div>\n\t\t\t\t<div class=\"elementor-element elementor-element-94b595e elementor-widget elementor-widget-heading\" data-id=\"94b595e\" data-element_type=\"widget\" data-e-type=\"widget\" data-widget_type=\"heading.default\">\n\t\t\t\t<div class=\"elementor-widget-container\">\n\t\t\t\t\t<h1 class=\"elementor-heading-title elementor-size-default\">REJOINDRE LA COMMUNAUT\u00c9<\/h1>\t\t\t\t<\/div>\n\t\t\t\t<\/div>\n\t\t\t\t<\/div>\n\t\t<div class=\"elementor-element elementor-element-ef6c92e e-con-full e-flex e-con e-child\" data-id=\"ef6c92e\" data-element_type=\"container\" data-e-type=\"container\">\n\t\t\t\t<\/div>\n\t\t\t\t\t<\/div>\n\t\t\t\t<\/div>\n\t\t<div class=\"elementor-element elementor-element-673e00d e-flex e-con-boxed e-con e-parent\" data-id=\"673e00d\" data-element_type=\"container\" data-e-type=\"container\" data-settings=\"{&quot;background_background&quot;:&quot;classic&quot;}\">\n\t\t\t\t\t<div class=\"e-con-inner\">\n\t\t<div class=\"elementor-element elementor-element-6fc93dd e-con-full e-flex e-con e-child\" data-id=\"6fc93dd\" data-element_type=\"container\" data-e-type=\"container\">\n\t\t\t\t<div class=\"elementor-element elementor-element-df98eda elementor-widget elementor-widget-heading\" data-id=\"df98eda\" data-element_type=\"widget\" data-e-type=\"widget\" data-widget_type=\"heading.default\">\n\t\t\t\t<div class=\"elementor-widget-container\">\n\t\t\t\t\t<h3 class=\"elementor-heading-title elementor-size-default\">Les soir\u00e9es - les moments forts de la vie sociale du congr\u00e8s<\/h3>\t\t\t\t<\/div>\n\t\t\t\t<\/div>\n\t\t\t\t<div class=\"elementor-element elementor-element-e72878a elementor-widget-divider--view-line elementor-widget elementor-widget-divider\" data-id=\"e72878a\" data-element_type=\"widget\" data-e-type=\"widget\" data-widget_type=\"divider.default\">\n\t\t\t\t<div class=\"elementor-widget-container\">\n\t\t\t\t\t\t\t<div class=\"elementor-divider\">\n\t\t\t<span class=\"elementor-divider-separator\">\n\t\t\t\t\t\t<\/span>\n\t\t<\/div>\n\t\t\t\t\t\t<\/div>\n\t\t\t\t<\/div>\n\t\t\t\t<div class=\"elementor-element elementor-element-30eaba1 elementor-widget elementor-widget-text-editor\" data-id=\"30eaba1\" data-element_type=\"widget\" data-e-type=\"widget\" data-widget_type=\"text-editor.default\">\n\t\t\t\t<div class=\"elementor-widget-container\">\n\t\t\t\t\t\t\t\t\t<p><strong>VOTRE bien-\u00eatre personnel est tr\u00e8s important pour nous !<br \/><\/strong>Alors, \u00e9chappons \u00e0 la routine !<br \/>Profitons-en pour nous retrouver en personne !<br \/><br \/>Non seulement pour le programme professionnel de haute qualit\u00e9, mais aussi pour une rencontre amicale et un \u00e9change personnel.<br \/><strong>3. European Congress for Ceramic Implant Dentistry<br \/><\/strong>sera quelque chose de sp\u00e9cial...<\/p><p><em><strong>...c'est notre promesse !<\/strong><\/em><\/p>\t\t\t\t\t\t\t\t<\/div>\n\t\t\t\t<\/div>\n\t\t\t\t<\/div>\n\t\t\t\t\t<\/div>\n\t\t\t\t<\/div>\n\t\t<div class=\"elementor-element elementor-element-ab936a8 e-flex e-con-boxed e-con e-parent\" data-id=\"ab936a8\" data-element_type=\"container\" data-e-type=\"container\" data-settings=\"{&quot;background_background&quot;:&quot;classic&quot;}\">\n\t\t\t\t\t<div class=\"e-con-inner\">\n\t\t<div class=\"elementor-element elementor-element-b6a299c e-con-full shadow e-flex e-con e-child\" data-id=\"b6a299c\" data-element_type=\"container\" data-e-type=\"container\" data-settings=\"{&quot;background_background&quot;:&quot;classic&quot;}\">\n\t\t\t\t<div class=\"elementor-element elementor-element-0df4872 elementor-widget elementor-widget-text-editor\" data-id=\"0df4872\" data-element_type=\"widget\" data-e-type=\"widget\" data-widget_type=\"text-editor.default\">\n\t\t\t\t<div class=\"elementor-widget-container\">\n\t\t\t\t\t\t\t\t\t<p><strong>Vous pr\u00e9voyez d'arriver d\u00e8s jeudi ? <\/strong><br \/><strong>Excellente id\u00e9e !<\/strong><\/p><p>Dans l'athmosph\u00e8re sp\u00e9ciale de l'ancienne cave \u00e0 vin de Bocken, nous nous mettrons dans l'ambiance d'un congr\u00e8s passionnant.<\/p><p>Par la pr\u00e9sente, l'ESCI vous invite tous \u00e0 la<\/p>\t\t\t\t\t\t\t\t<\/div>\n\t\t\t\t<\/div>\n\t\t\t\t<div class=\"elementor-element elementor-element-d86c29b elementor-widget elementor-widget-heading\" data-id=\"d86c29b\" data-element_type=\"widget\" data-e-type=\"widget\" data-widget_type=\"heading.default\">\n\t\t\t\t<div class=\"elementor-widget-container\">\n\t\t\t\t\t<h3 class=\"elementor-heading-title elementor-size-default\">R\u00c9CEPTION DE BIENVENUE DE L'ESCI\n<\/h3>\t\t\t\t<\/div>\n\t\t\t\t<\/div>\n\t\t\t\t<div class=\"elementor-element elementor-element-3daa7bc elementor-widget elementor-widget-text-editor\" data-id=\"3daa7bc\" data-element_type=\"widget\" data-e-type=\"widget\" data-widget_type=\"text-editor.default\">\n\t\t\t\t<div class=\"elementor-widget-container\">\n\t\t\t\t\t\t\t\t\t<p><strong>Jeudi 20 octobre 2022<\/strong><br \/>19:30 dans l'ancienne cave \u00e0 vin<br \/>du centre de congr\u00e8s \"Landgut Bocken\".<\/p><p><strong>La participation est gratuite !<\/strong><br \/>Le congr\u00e8s d\u00e9butera...<br \/>Nous vous attendons avec impatience !<\/p><p><em>Code vestimentaire : Tenue d\u00e9contract\u00e9e et \u00e9l\u00e9gante<\/em><\/p><p><strong>veuillez vous inscrire lors de votre enregistrement pour la r\u00e9ception de bienvenue<\/strong><\/p>\t\t\t\t\t\t\t\t<\/div>\n\t\t\t\t<\/div>\n\t\t\t\t<div class=\"elementor-element elementor-element-2d413c1 elementor-widget elementor-widget-image\" data-id=\"2d413c1\" data-element_type=\"widget\" data-e-type=\"widget\" data-widget_type=\"image.default\">\n\t\t\t\t<div class=\"elementor-widget-container\">\n\t\t\t\t\t\t\t\t\t\t\t\t\t\t\t<img fetchpriority=\"high\" decoding=\"async\" width=\"768\" height=\"512\" src=\"https:\/\/esci-online.com\/wp-content\/uploads\/2025\/01\/Gewoelbekeller-768x512.png\" class=\"attachment-medium_large size-medium_large wp-image-1770\" alt=\"\" srcset=\"https:\/\/esci-online.com\/wp-content\/uploads\/2025\/01\/Gewoelbekeller-768x512.png 768w, https:\/\/esci-online.com\/wp-content\/uploads\/2025\/01\/Gewoelbekeller-300x200.png 300w, https:\/\/esci-online.com\/wp-content\/uploads\/2025\/01\/Gewoelbekeller-1024x683.png 1024w, https:\/\/esci-online.com\/wp-content\/uploads\/2025\/01\/Gewoelbekeller-18x12.png 18w, https:\/\/esci-online.com\/wp-content\/uploads\/2025\/01\/Gewoelbekeller.png 1500w\" sizes=\"(max-width: 768px) 100vw, 768px\" \/>\t\t\t\t\t\t\t\t\t\t\t\t\t\t\t<\/div>\n\t\t\t\t<\/div>\n\t\t\t\t<\/div>\n\t\t<div class=\"elementor-element elementor-element-4bf698f e-con-full shadow e-flex e-con e-child\" data-id=\"4bf698f\" data-element_type=\"container\" data-e-type=\"container\" data-settings=\"{&quot;background_background&quot;:&quot;classic&quot;}\">\n\t\t\t\t<div class=\"elementor-element elementor-element-7f16c0d elementor-widget elementor-widget-text-editor\" data-id=\"7f16c0d\" data-element_type=\"widget\" data-e-type=\"widget\" data-widget_type=\"text-editor.default\">\n\t\t\t\t<div class=\"elementor-widget-container\">\n\t\t\t\t\t\t\t\t\t<p>La Suisse est un pays unique avec beaucoup de culture et une excellente cuisine. Passez une soir\u00e9e inoubliable avec beaucoup de Suisse et de surprises au sein de la communaut\u00e9 des c\u00e9ramistes ! <br \/>Rejoignez le spectacle en direct du \"German Supertalent Show\" !<\/p><p><strong>C\u00e9l\u00e9brez avec nous 60 ans d'implantologie !<br \/>Tomas Albrektsson et Ronald Jung<\/strong><\/p>\t\t\t\t\t\t\t\t<\/div>\n\t\t\t\t<\/div>\n\t\t\t\t<div class=\"elementor-element elementor-element-f0fdcc8 elementor-widget elementor-widget-heading\" data-id=\"f0fdcc8\" data-element_type=\"widget\" data-e-type=\"widget\" data-widget_type=\"heading.default\">\n\t\t\t\t<div class=\"elementor-widget-container\">\n\t\t\t\t\t<h3 class=\"elementor-heading-title elementor-size-default\">D\u00ceNER DE GALA DE L'ESCI SUISSE<\/h3>\t\t\t\t<\/div>\n\t\t\t\t<\/div>\n\t\t\t\t<div class=\"elementor-element elementor-element-25bf70b elementor-widget elementor-widget-text-editor\" data-id=\"25bf70b\" data-element_type=\"widget\" data-e-type=\"widget\" data-widget_type=\"text-editor.default\">\n\t\t\t\t<div class=\"elementor-widget-container\">\n\t\t\t\t\t\t\t\t\t<p><strong>Vendredi 22 octobre 2022<\/strong><br \/>19:30 dans l'ancienne halle aux chevaux<br \/>sur le lieu du congr\u00e8s<\/p><p>La contribution de <strong>120 CHF<\/strong> par participant comprend<br \/>un menu \u00e0 3 plats, toutes les boissons et de nombreuses surprises !<br \/>...\u00eatre curieux !<\/p><p><em>Code vestimentaire : Informel<\/em><\/p><p><strong>veuillez vous inscrire en m\u00eame temps que votre inscription au d\u00eener de gala de l'ESCI<\/strong><\/p>\t\t\t\t\t\t\t\t<\/div>\n\t\t\t\t<\/div>\n\t\t\t\t<div class=\"elementor-element elementor-element-7f20c6b elementor-widget elementor-widget-image\" data-id=\"7f20c6b\" data-element_type=\"widget\" data-e-type=\"widget\" data-widget_type=\"image.default\">\n\t\t\t\t<div class=\"elementor-widget-container\">\n\t\t\t\t\t\t\t\t\t\t\t\t\t\t\t<img decoding=\"async\" width=\"768\" height=\"510\" src=\"https:\/\/esci-online.com\/wp-content\/uploads\/2025\/01\/swiss-Galadinner-768x510.jpg\" class=\"attachment-medium_large size-medium_large wp-image-1771\" alt=\"\" srcset=\"https:\/\/esci-online.com\/wp-content\/uploads\/2025\/01\/swiss-Galadinner-768x510.jpg 768w, https:\/\/esci-online.com\/wp-content\/uploads\/2025\/01\/swiss-Galadinner-300x199.jpg 300w, https:\/\/esci-online.com\/wp-content\/uploads\/2025\/01\/swiss-Galadinner-1024x680.jpg 1024w, https:\/\/esci-online.com\/wp-content\/uploads\/2025\/01\/swiss-Galadinner-1536x1020.jpg 1536w, https:\/\/esci-online.com\/wp-content\/uploads\/2025\/01\/swiss-Galadinner-2048x1360.jpg 2048w, https:\/\/esci-online.com\/wp-content\/uploads\/2025\/01\/swiss-Galadinner-18x12.jpg 18w\" sizes=\"(max-width: 768px) 100vw, 768px\" \/>\t\t\t\t\t\t\t\t\t\t\t\t\t\t\t<\/div>\n\t\t\t\t<\/div>\n\t\t\t\t<\/div>\n\t\t\t\t\t<\/div>\n\t\t\t\t<\/div>\n\t\t<div class=\"elementor-element elementor-element-7ab23379 e-flex e-con-boxed e-con e-parent\" data-id=\"7ab23379\" data-element_type=\"container\" data-e-type=\"container\">\n\t\t\t\t\t<div class=\"e-con-inner\">\n\t\t\t\t<div class=\"elementor-element elementor-element-40d43c28 elementor-widget elementor-widget-spacer\" data-id=\"40d43c28\" data-element_type=\"widget\" data-e-type=\"widget\" data-widget_type=\"spacer.default\">\n\t\t\t\t<div class=\"elementor-widget-container\">\n\t\t\t\t\t\t\t<div class=\"elementor-spacer\">\n\t\t\t<div class=\"elementor-spacer-inner\"><\/div>\n\t\t<\/div>\n\t\t\t\t\t\t<\/div>\n\t\t\t\t<\/div>\n\t\t\t\t<div class=\"elementor-element elementor-element-2e46f87c elementor-widget elementor-widget-text-editor\" data-id=\"2e46f87c\" data-element_type=\"widget\" data-e-type=\"widget\" data-widget_type=\"text-editor.default\">\n\t\t\t\t<div class=\"elementor-widget-container\">\n\t\t\t\t\t\t\t\t\t<p><strong>...les exposants et les partenaires du 3e Congr\u00e8s europ\u00e9en de la c\u00e9ramique dentaire<\/strong><\/p>\t\t\t\t\t\t\t\t<\/div>\n\t\t\t\t<\/div>\n\t\t\t\t<div class=\"elementor-element elementor-element-4556c450 elementor-widget elementor-widget-image\" data-id=\"4556c450\" data-element_type=\"widget\" data-e-type=\"widget\" data-widget_type=\"image.default\">\n\t\t\t\t<div class=\"elementor-widget-container\">\n\t\t\t\t\t\t\t\t\t\t\t\t\t\t\t<img decoding=\"async\" width=\"1915\" height=\"548\" src=\"https:\/\/esci-online.com\/wp-content\/uploads\/2025\/09\/alle-logos-bunt-neu-neu-.webp\" class=\"attachment-full size-full wp-image-14437\" alt=\"\" srcset=\"https:\/\/esci-online.com\/wp-content\/uploads\/2025\/09\/alle-logos-bunt-neu-neu-.webp 1915w, https:\/\/esci-online.com\/wp-content\/uploads\/2025\/09\/alle-logos-bunt-neu-neu--300x86.webp 300w, https:\/\/esci-online.com\/wp-content\/uploads\/2025\/09\/alle-logos-bunt-neu-neu--1024x293.webp 1024w, https:\/\/esci-online.com\/wp-content\/uploads\/2025\/09\/alle-logos-bunt-neu-neu--768x220.webp 768w, https:\/\/esci-online.com\/wp-content\/uploads\/2025\/09\/alle-logos-bunt-neu-neu--1536x440.webp 1536w, https:\/\/esci-online.com\/wp-content\/uploads\/2025\/09\/alle-logos-bunt-neu-neu--18x5.webp 18w\" sizes=\"(max-width: 1915px) 100vw, 1915px\" \/>\t\t\t\t\t\t\t\t\t\t\t\t\t\t\t<\/div>\n\t\t\t\t<\/div>\n\t\t\t\t<div class=\"elementor-element elementor-element-201c3f63 elementor-widget elementor-widget-spacer\" data-id=\"201c3f63\" data-element_type=\"widget\" data-e-type=\"widget\" data-widget_type=\"spacer.default\">\n\t\t\t\t<div class=\"elementor-widget-container\">\n\t\t\t\t\t\t\t<div class=\"elementor-spacer\">\n\t\t\t<div class=\"elementor-spacer-inner\"><\/div>\n\t\t<\/div>\n\t\t\t\t\t\t<\/div>\n\t\t\t\t<\/div>\n\t\t\t\t\t<\/div>\n\t\t\t\t<\/div>\n\t\t\t\t<\/div>","protected":false},"excerpt":{"rendered":"<p>THE EVENING EVENTS JOIN THE COMMUNITY The Evening events &#8211; the social highlights of the congress YOUR personal well-being is very important to us!Thus, let\u2019s escape from the daily grind!Let\u2019s enjoy getting together again in person as well! Not only for the high quality professional program, but for a friendly get-together and personal exchange the3. [&hellip;]<\/p>\n","protected":false},"author":1,"featured_media":0,"parent":407,"menu_order":0,"comment_status":"closed","ping_status":"closed","template":"","meta":{"_acf_changed":false,"footnotes":""},"class_list":["post-419","page","type-page","status-publish","hentry"],"acf":[],"_links":{"self":[{"href":"https:\/\/esci-online.com\/fr\/wp-json\/wp\/v2\/pages\/419","targetHints":{"allow":["GET"]}}],"collection":[{"href":"https:\/\/esci-online.com\/fr\/wp-json\/wp\/v2\/pages"}],"about":[{"href":"https:\/\/esci-online.com\/fr\/wp-json\/wp\/v2\/types\/page"}],"author":[{"embeddable":true,"href":"https:\/\/esci-online.com\/fr\/wp-json\/wp\/v2\/users\/1"}],"replies":[{"embeddable":true,"href":"https:\/\/esci-online.com\/fr\/wp-json\/wp\/v2\/comments?post=419"}],"version-history":[{"count":45,"href":"https:\/\/esci-online.com\/fr\/wp-json\/wp\/v2\/pages\/419\/revisions"}],"predecessor-version":[{"id":14449,"href":"https:\/\/esci-online.com\/fr\/wp-json\/wp\/v2\/pages\/419\/revisions\/14449"}],"up":[{"embeddable":true,"href":"https:\/\/esci-online.com\/fr\/wp-json\/wp\/v2\/pages\/407"}],"wp:attachment":[{"href":"https:\/\/esci-online.com\/fr\/wp-json\/wp\/v2\/media?parent=419"}],"curies":[{"name":"wp","href":"https:\/\/api.w.org\/{rel}","templated":true}]}}