{"id":475,"date":"2024-11-22T23:59:54","date_gmt":"2024-11-22T22:59:54","guid":{"rendered":"https:\/\/esci-online.com\/?page_id=475"},"modified":"2025-02-23T20:28:38","modified_gmt":"2025-02-23T19:28:38","slug":"literature","status":"publish","type":"page","link":"https:\/\/esci-online.com\/fr\/academy\/literature\/","title":{"rendered":"Litt\u00e9rature"},"content":{"rendered":"<div data-elementor-type=\"wp-page\" data-elementor-id=\"475\" class=\"elementor elementor-475\" data-elementor-post-type=\"page\">\n\t\t\t\t<div class=\"elementor-element elementor-element-89ae8c2 e-flex e-con-boxed e-con e-parent\" data-id=\"89ae8c2\" data-element_type=\"container\" data-e-type=\"container\" data-settings=\"{&quot;background_background&quot;:&quot;classic&quot;}\">\n\t\t\t\t\t<div class=\"e-con-inner\">\n\t\t<div class=\"elementor-element elementor-element-092738c e-con-full e-flex e-con e-child\" data-id=\"092738c\" data-element_type=\"container\" data-e-type=\"container\">\n\t\t\t\t<div class=\"elementor-element elementor-element-8a87db5 elementor-widget elementor-widget-image\" data-id=\"8a87db5\" data-element_type=\"widget\" data-e-type=\"widget\" data-widget_type=\"image.default\">\n\t\t\t\t<div class=\"elementor-widget-container\">\n\t\t\t\t\t\t\t\t\t\t\t\t\t\t\t<img decoding=\"async\" width=\"300\" height=\"131\" src=\"https:\/\/esci-online.com\/wp-content\/uploads\/2024\/12\/ESCI_logo_yellow-300x131.png\" class=\"attachment-medium size-medium wp-image-1820\" alt=\"\" srcset=\"https:\/\/esci-online.com\/wp-content\/uploads\/2024\/12\/ESCI_logo_yellow-300x131.png 300w, https:\/\/esci-online.com\/wp-content\/uploads\/2024\/12\/ESCI_logo_yellow-768x335.png 768w, https:\/\/esci-online.com\/wp-content\/uploads\/2024\/12\/ESCI_logo_yellow-18x8.png 18w, https:\/\/esci-online.com\/wp-content\/uploads\/2024\/12\/ESCI_logo_yellow.png 815w\" sizes=\"(max-width: 300px) 100vw, 300px\" \/>\t\t\t\t\t\t\t\t\t\t\t\t\t\t\t<\/div>\n\t\t\t\t<\/div>\n\t\t\t\t<div class=\"elementor-element elementor-element-c59fd2e elementor-widget elementor-widget-heading\" data-id=\"c59fd2e\" data-element_type=\"widget\" data-e-type=\"widget\" data-widget_type=\"heading.default\">\n\t\t\t\t<div class=\"elementor-widget-container\">\n\t\t\t\t\t<h2 class=\"elementor-heading-title elementor-size-default\">Analyse documentaire annot\u00e9e<\/h2>\t\t\t\t<\/div>\n\t\t\t\t<\/div>\n\t\t\t\t<div class=\"elementor-element elementor-element-d3ef75c elementor-widget elementor-widget-heading\" data-id=\"d3ef75c\" data-element_type=\"widget\" data-e-type=\"widget\" data-widget_type=\"heading.default\">\n\t\t\t\t<div class=\"elementor-widget-container\">\n\t\t\t\t\t<h1 class=\"elementor-heading-title elementor-size-default\">Litt\u00e9rature<\/h1>\t\t\t\t<\/div>\n\t\t\t\t<\/div>\n\t\t\t\t<\/div>\n\t\t<div class=\"elementor-element elementor-element-93b448b e-con-full e-flex e-con e-child\" data-id=\"93b448b\" data-element_type=\"container\" data-e-type=\"container\">\n\t\t\t\t<\/div>\n\t\t\t\t\t<\/div>\n\t\t\t\t<\/div>\n\t\t<div class=\"elementor-element elementor-element-8442067 e-flex e-con-boxed e-con e-parent\" data-id=\"8442067\" data-element_type=\"container\" data-e-type=\"container\" data-settings=\"{&quot;background_background&quot;:&quot;classic&quot;}\">\n\t\t\t\t\t<div class=\"e-con-inner\">\n\t\t<div class=\"elementor-element elementor-element-50739aa e-con-full e-flex e-con e-child\" data-id=\"50739aa\" data-element_type=\"container\" data-e-type=\"container\">\n\t\t<div class=\"elementor-element elementor-element-29a8b44 e-con-full e-flex e-con e-child\" data-id=\"29a8b44\" data-element_type=\"container\" data-e-type=\"container\">\n\t\t<div class=\"elementor-element elementor-element-681e1b4 e-con-full e-flex e-con e-child\" data-id=\"681e1b4\" data-element_type=\"container\" data-e-type=\"container\">\n\t\t\t\t<div class=\"elementor-element elementor-element-20c2343 elementor-widget elementor-widget-heading\" data-id=\"20c2343\" data-element_type=\"widget\" data-e-type=\"widget\" data-widget_type=\"heading.default\">\n\t\t\t\t<div class=\"elementor-widget-container\">\n\t\t\t\t\t<h3 class=\"elementor-heading-title elementor-size-default\">Informations scientifiques sur les implants en c\u00e9ramique<\/h3>\t\t\t\t<\/div>\n\t\t\t\t<\/div>\n\t\t\t\t<div class=\"elementor-element elementor-element-1d55149 elementor-widget-divider--view-line elementor-widget elementor-widget-divider\" data-id=\"1d55149\" data-element_type=\"widget\" data-e-type=\"widget\" data-widget_type=\"divider.default\">\n\t\t\t\t<div class=\"elementor-widget-container\">\n\t\t\t\t\t\t\t<div class=\"elementor-divider\">\n\t\t\t<span class=\"elementor-divider-separator\">\n\t\t\t\t\t\t<\/span>\n\t\t<\/div>\n\t\t\t\t\t\t<\/div>\n\t\t\t\t<\/div>\n\t\t\t\t<div class=\"elementor-element elementor-element-37410a6 elementor-widget elementor-widget-text-editor\" data-id=\"37410a6\" data-element_type=\"widget\" data-e-type=\"widget\" data-widget_type=\"text-editor.default\">\n\t\t\t\t<div class=\"elementor-widget-container\">\n\t\t\t\t\t\t\t\t\t<p>En implantologie dentaire, les implants en c\u00e9ramique prennent de plus en plus d'importance et constituent un compl\u00e9ment s\u00e9rieux \u00e0 la th\u00e9rapie implantologique \u00e9prouv\u00e9e avec des implants en titane. La recherche intensive et le d\u00e9veloppement rapide dans les domaines des mat\u00e9riaux, de la conception des surfaces et des soins de restauration ont notamment contribu\u00e9 \u00e0 cette \u00e9volution. Des donn\u00e9es scientifiques \u00e0 court et moyen terme sont d\u00e9j\u00e0 disponibles - d'autres \u00e9tudes doivent suivre. Il est important d'\u00e9valuer correctement ces donn\u00e9es, de les interpr\u00e9ter correctement et de les classer en vue d'une application plus large, de les transporter objectivement et de les mettre en pratique avec des connaissances de base. Les questions en suspens doivent \u00eatre discut\u00e9es et recevoir une r\u00e9ponse fond\u00e9e sur des donn\u00e9es probantes, dans l'int\u00e9r\u00eat du patient.<\/p><p><strong>Dans cette section \"Informations sp\u00e9cialis\u00e9es\", le conseil scientifique de l'ESCI compile et met \u00e0 jour en permanence des informations soigneusement compil\u00e9es, scientifiquement fond\u00e9es et bas\u00e9es sur des preuves, concernant les implants c\u00e9ramiques et leur application.<\/strong><\/p>\t\t\t\t\t\t\t\t<\/div>\n\t\t\t\t<\/div>\n\t\t\t\t<\/div>\n\t\t\t\t<\/div>\n\t\t\t\t<\/div>\n\t\t\t\t\t<\/div>\n\t\t\t\t<\/div>\n\t\t<div class=\"elementor-element elementor-element-e8d9c1d e-con-full dc-has-condition dc-condition-equal e-flex e-con e-parent\" data-id=\"e8d9c1d\" data-element_type=\"container\" data-e-type=\"container\">\n\t\t\t\t<div class=\"elementor-element elementor-element-bf670f7 elementor-widget elementor-widget-template\" data-id=\"bf670f7\" data-element_type=\"widget\" data-e-type=\"widget\" data-widget_type=\"template.default\">\n\t\t\t\t<div class=\"elementor-widget-container\">\n\t\t\t\t\t\t\t<div class=\"elementor-template\">\n\t\t\t\t\t<div data-elementor-type=\"container\" data-elementor-id=\"13305\" class=\"elementor elementor-13305\" data-elementor-post-type=\"elementor_library\">\n\t\t\t\t<div class=\"elementor-element elementor-element-8c9f288 e-flex e-con-boxed e-con e-parent\" data-id=\"8c9f288\" data-element_type=\"container\" data-e-type=\"container\">\n\t\t\t\t\t<div class=\"e-con-inner\">\n\t\t<div class=\"elementor-element elementor-element-f5ef721 e-con-full shadow e-flex e-con e-child\" data-id=\"f5ef721\" data-element_type=\"container\" data-e-type=\"container\" data-settings=\"{&quot;background_background&quot;:&quot;classic&quot;}\">\n\t\t\t\t<div class=\"elementor-element elementor-element-3f09347 elementor-view-default elementor-widget elementor-widget-icon\" data-id=\"3f09347\" data-element_type=\"widget\" data-e-type=\"widget\" data-widget_type=\"icon.default\">\n\t\t\t\t<div class=\"elementor-widget-container\">\n\t\t\t\t\t\t\t<div class=\"elementor-icon-wrapper\">\n\t\t\t<div class=\"elementor-icon\">\n\t\t\t<svg aria-hidden=\"true\" class=\"e-font-icon-svg e-fas-user-lock\" viewbox=\"0 0 640 512\" xmlns=\"http:\/\/www.w3.org\/2000\/svg\"><path d=\"M224 256A128 128 0 1 0 96 128a128 128 0 0 0 128 128zm96 64a63.08 63.08 0 0 1 8.1-30.5c-4.8-.5-9.5-1.5-14.5-1.5h-16.7a174.08 174.08 0 0 1-145.8 0h-16.7A134.43 134.43 0 0 0 0 422.4V464a48 48 0 0 0 48 48h280.9a63.54 63.54 0 0 1-8.9-32zm288-32h-32v-80a80 80 0 0 0-160 0v80h-32a32 32 0 0 0-32 32v160a32 32 0 0 0 32 32h224a32 32 0 0 0 32-32V320a32 32 0 0 0-32-32zM496 432a32 32 0 1 1 32-32 32 32 0 0 1-32 32zm32-144h-64v-80a32 32 0 0 1 64 0z\"><\/path><\/svg>\t\t\t<\/div>\n\t\t<\/div>\n\t\t\t\t\t\t<\/div>\n\t\t\t\t<\/div>\n\t\t\t\t<div class=\"elementor-element elementor-element-4826e7c elementor-widget elementor-widget-heading\" data-id=\"4826e7c\" data-element_type=\"widget\" data-e-type=\"widget\" data-widget_type=\"heading.default\">\n\t\t\t\t<div class=\"elementor-widget-container\">\n\t\t\t\t\t<div class=\"elementor-heading-title elementor-size-default\">R\u00e9serv\u00e9 aux membres<\/div>\t\t\t\t<\/div>\n\t\t\t\t<\/div>\n\t\t\t\t<div class=\"elementor-element elementor-element-404b08c elementor-widget elementor-widget-heading\" data-id=\"404b08c\" data-element_type=\"widget\" data-e-type=\"widget\" data-widget_type=\"heading.default\">\n\t\t\t\t<div class=\"elementor-widget-container\">\n\t\t\t\t\t<div class=\"elementor-heading-title elementor-size-default\">Veuillez vous connecter pour voir ce contenu !<\/div>\t\t\t\t<\/div>\n\t\t\t\t<\/div>\n\t\t\t\t<div class=\"elementor-element elementor-element-16c3286 elementor-mobile-align-justify elementor-widget-mobile__width-inherit elementor-widget elementor-widget-button\" data-id=\"16c3286\" data-element_type=\"widget\" data-e-type=\"widget\" data-widget_type=\"button.default\">\n\t\t\t\t<div class=\"elementor-widget-container\">\n\t\t\t\t\t\t\t\t\t<div class=\"elementor-button-wrapper\">\n\t\t\t\t\t<a class=\"elementor-button elementor-button-link elementor-size-sm\" href=\"https:\/\/esci-online.com\/fr\/login\/\">\n\t\t\t\t\t\t<span class=\"elementor-button-content-wrapper\">\n\t\t\t\t\t\t\t\t\t<span class=\"elementor-button-text\">Acc\u00e9der \u00e0 la connexion<\/span>\n\t\t\t\t\t<\/span>\n\t\t\t\t\t<\/a>\n\t\t\t\t<\/div>\n\t\t\t\t\t\t\t\t<\/div>\n\t\t\t\t<\/div>\n\t\t\t\t<\/div>\n\t\t\t\t\t<\/div>\n\t\t\t\t<\/div>\n\t\t\t\t<\/div>\n\t\t\t\t<\/div>\n\t\t\t\t\t\t<\/div>\n\t\t\t\t<\/div>\n\t\t\t\t<\/div>\n\t\t<!-- hidden container 475-1198644 -->\t\t<\/div>","protected":false},"excerpt":{"rendered":"<p>Annotated literature review\u200b Literature Scientific information on ceramic implants In dental implantology, ceramic implants are becoming increasingly important and are a serious addition to the proven implantological therapy with titanium implants. In particular, intensive research and rapid development in the areas of materials, surface design and restorative care have contributed to this development. Short and [&hellip;]<\/p>\n","protected":false},"author":1,"featured_media":0,"parent":472,"menu_order":0,"comment_status":"closed","ping_status":"closed","template":"","meta":{"_acf_changed":false,"footnotes":""},"class_list":["post-475","page","type-page","status-publish","hentry"],"acf":[],"_links":{"self":[{"href":"https:\/\/esci-online.com\/fr\/wp-json\/wp\/v2\/pages\/475","targetHints":{"allow":["GET"]}}],"collection":[{"href":"https:\/\/esci-online.com\/fr\/wp-json\/wp\/v2\/pages"}],"about":[{"href":"https:\/\/esci-online.com\/fr\/wp-json\/wp\/v2\/types\/page"}],"author":[{"embeddable":true,"href":"https:\/\/esci-online.com\/fr\/wp-json\/wp\/v2\/users\/1"}],"replies":[{"embeddable":true,"href":"https:\/\/esci-online.com\/fr\/wp-json\/wp\/v2\/comments?post=475"}],"version-history":[{"count":29,"href":"https:\/\/esci-online.com\/fr\/wp-json\/wp\/v2\/pages\/475\/revisions"}],"predecessor-version":[{"id":13317,"href":"https:\/\/esci-online.com\/fr\/wp-json\/wp\/v2\/pages\/475\/revisions\/13317"}],"up":[{"embeddable":true,"href":"https:\/\/esci-online.com\/fr\/wp-json\/wp\/v2\/pages\/472"}],"wp:attachment":[{"href":"https:\/\/esci-online.com\/fr\/wp-json\/wp\/v2\/media?parent=475"}],"curies":[{"name":"wp","href":"https:\/\/api.w.org\/{rel}","templated":true}]}}