{"id":3,"date":"2024-10-17T20:55:16","date_gmt":"2024-10-17T20:55:16","guid":{"rendered":"http:\/\/esci-online.com\/?page_id=3"},"modified":"2025-02-10T11:46:54","modified_gmt":"2025-02-10T10:46:54","slug":"privacy-policy","status":"publish","type":"page","link":"https:\/\/esci-online.com\/it\/privacy-policy\/","title":{"rendered":"Informativa sulla privacy"},"content":{"rendered":"<div data-elementor-type=\"wp-page\" data-elementor-id=\"3\" class=\"elementor elementor-3\" data-elementor-post-type=\"page\">\n\t\t\t\t<div class=\"elementor-element elementor-element-82add0c e-flex e-con-boxed e-con e-parent\" data-id=\"82add0c\" data-element_type=\"container\" data-e-type=\"container\" data-settings=\"{&quot;background_background&quot;:&quot;classic&quot;}\">\n\t\t\t\t\t<div class=\"e-con-inner\">\n\t\t<div class=\"elementor-element elementor-element-5ae1f00 e-con-full e-flex e-con e-child\" data-id=\"5ae1f00\" data-element_type=\"container\" data-e-type=\"container\">\n\t\t\t\t<div class=\"elementor-element elementor-element-35d1fdd elementor-widget elementor-widget-heading\" data-id=\"35d1fdd\" data-element_type=\"widget\" data-e-type=\"widget\" data-widget_type=\"heading.default\">\n\t\t\t\t<div class=\"elementor-widget-container\">\n\t\t\t\t\t<h2 class=\"elementor-heading-title elementor-size-default\">Risparmiare sul sito web dell'esci<\/h2>\t\t\t\t<\/div>\n\t\t\t\t<\/div>\n\t\t\t\t<div class=\"elementor-element elementor-element-f87a4d2 elementor-widget elementor-widget-heading\" data-id=\"f87a4d2\" data-element_type=\"widget\" data-e-type=\"widget\" data-widget_type=\"heading.default\">\n\t\t\t\t<div class=\"elementor-widget-container\">\n\t\t\t\t\t<h1 class=\"elementor-heading-title elementor-size-default\">Informativa sulla privacy<\/h1>\t\t\t\t<\/div>\n\t\t\t\t<\/div>\n\t\t\t\t<\/div>\n\t\t<div class=\"elementor-element elementor-element-32b9006 e-con-full e-flex e-con e-child\" data-id=\"32b9006\" data-element_type=\"container\" data-e-type=\"container\">\n\t\t\t\t<\/div>\n\t\t\t\t\t<\/div>\n\t\t\t\t<\/div>\n\t\t<div class=\"elementor-element elementor-element-ee82ae6 e-flex e-con-boxed e-con e-parent\" data-id=\"ee82ae6\" data-element_type=\"container\" data-e-type=\"container\" data-settings=\"{&quot;background_background&quot;:&quot;classic&quot;}\">\n\t\t\t\t\t<div class=\"e-con-inner\">\n\t\t<div class=\"elementor-element elementor-element-029fe1f e-con-full e-flex e-con e-child\" data-id=\"029fe1f\" data-element_type=\"container\" data-e-type=\"container\">\n\t\t<div class=\"elementor-element elementor-element-e546881 e-con-full e-flex e-con e-child\" data-id=\"e546881\" data-element_type=\"container\" data-e-type=\"container\">\n\t\t<div class=\"elementor-element elementor-element-fa92f63 e-con-full e-flex e-con e-child\" data-id=\"fa92f63\" data-element_type=\"container\" data-e-type=\"container\">\n\t\t\t\t<div class=\"elementor-element elementor-element-bab3e12 elementor-widget elementor-widget-text-editor\" data-id=\"bab3e12\" data-element_type=\"widget\" data-e-type=\"widget\" data-widget_type=\"text-editor.default\">\n\t\t\t\t<div class=\"elementor-widget-container\">\n\t\t\t\t\t\t\t\t\t<h2>1. La protezione dei dati in sintesi<\/h2>\n<h3>Informazioni generali<\/h3>\nLe seguenti informazioni forniscono una semplice panoramica di ci\u00f2 che accade ai vostri dati personali quando visitate il nostro sito web. Per dati personali si intendono tutte le informazioni che possono identificarvi personalmente. Per informazioni dettagliate sulla protezione dei dati, consultare la nostra politica sulla privacy alla fine di questo testo.\n\n<h3>Raccolta di dati sul nostro sito web<\/h3>\n<strong>Chi \u00e8 responsabile della raccolta dei dati su questo sito?<\/strong>\nIl trattamento dei dati su questo sito web viene effettuato dal gestore del sito. I suoi dati di contatto sono riportati nella nota legale di questo sito.\n\n<strong>Come raccogliamo i vostri dati?<\/strong>\nI vostri dati vengono raccolti in parte da voi stessi. Ad esempio, i dati inseriti in un modulo di contatto.\n\nAltri dati vengono raccolti automaticamente dai nostri sistemi informatici quando visitate il sito web. Si tratta principalmente di dati tecnici (ad esempio, browser Internet, sistema operativo o tempo di visualizzazione della pagina). Questi dati vengono raccolti automaticamente non appena si accede al nostro sito web.\n\n<strong>Come utilizziamo i vostri dati?<\/strong>\nAlcuni dati vengono raccolti per garantire che il sito web venga fornito senza errori. Altri dati possono essere utilizzati per analizzare il comportamento degli utenti.\n\n<strong>Quali diritti avete sui vostri dati?<\/strong>\nAvete il diritto di richiedere gratuitamente in qualsiasi momento informazioni sull'origine, i destinatari e lo scopo dei vostri dati personali memorizzati. Avete inoltre il diritto di richiedere la correzione, il blocco o la cancellazione di tali dati. Per questa e altre domande sulla protezione dei dati, potete contattarci in qualsiasi momento all'indirizzo indicato nella nota legale. Avete inoltre il diritto di presentare un reclamo all'autorit\u00e0 di controllo competente.\n\nAvete anche il diritto di richiedere la limitazione del trattamento dei vostri dati personali in determinate circostanze. Potete trovare maggiori dettagli nell'informativa sulla privacy alla voce \"Diritto di limitare il trattamento\".\n\n<h3>Strumenti di analisi e strumenti di terze parti<\/h3>\nQuando visitate il nostro sito web, il vostro comportamento di navigazione pu\u00f2 essere valutato statisticamente. Ci\u00f2 avviene principalmente utilizzando cookie e programmi di analisi. L'analisi del vostro comportamento di navigazione \u00e8 solitamente anonima; il comportamento di navigazione non pu\u00f2 essere ricondotto a voi.\n\nL'utente pu\u00f2 opporsi a questa analisi o impedirla non utilizzando determinati strumenti. Informazioni dettagliate su questi strumenti e sulle possibilit\u00e0 di opposizione sono contenute nella seguente informativa sulla privacy.\n\n<h2>2. Informazioni generali e informazioni obbligatorie<\/h2>\n<h3>Protezione dei dati<\/h3>\nI gestori di queste pagine prendono molto sul serio la protezione dei vostri dati personali. Trattiamo i vostri dati personali in modo confidenziale e in conformit\u00e0 con le norme di legge sulla protezione dei dati e con la presente informativa sulla privacy.\n\nQuando si utilizza questo sito web, vengono raccolti diversi dati personali. I dati personali sono dati che possono essere utilizzati per identificarvi personalmente. La presente informativa sulla privacy spiega quali dati raccogliamo e come li utilizziamo. Spiega inoltre come e per quale scopo ci\u00f2 avviene.\n\nSegnaliamo che la trasmissione di dati su Internet (ad esempio, la comunicazione via e-mail) pu\u00f2 presentare vulnerabilit\u00e0 di sicurezza. Non \u00e8 possibile proteggere completamente i dati dall'accesso di terzi.\n\n<h3>Ente responsabile<\/h3>\nIl responsabile del trattamento dei dati su questo sito web \u00e8:\n<div class=\"page\" title=\"Pagina 4\">\n  <div class=\"section\">\n    <div class=\"layoutArea\">\n      <div class=\"column\">\n        ESCI Societ\u00e0 Europea di Implantologia Ceramica<br>\n        Jens Tartsch<br>\n        Kreuzstrasse 2<br>\n        CH-8802 Kilchberg<br>\n        Telefono: +41-(0)44-715 48 77<br>\n        Email: admin@esci-online.com<br>\n      <\/div>\n    <\/div>\n  <\/div>\n<\/div>\nIl soggetto responsabile \u00e8 la persona fisica o giuridica che da sola o insieme ad altri determina le finalit\u00e0 e i mezzi del trattamento dei dati personali (ad esempio, nomi, indirizzi e-mail, ecc.).\n\n<h3>Revoca del consenso al trattamento dei dati<\/h3>\nMolte operazioni di trattamento dei dati sono possibili solo con il vostro consenso esplicito. Potete revocare il vostro consenso in qualsiasi momento. A tal fine \u00e8 sufficiente una semplice notifica via e-mail. La liceit\u00e0 del trattamento dei dati effettuato fino alla revoca rimane inalterata.\n\n<h3>Obiezione alla raccolta dei dati in casi particolari e contro la pubblicit\u00e0 diretta (art. 21 GDPR)<\/h3>\n<strong>Se il trattamento dei dati viene effettuato sulla base dell'Art. 6 para. 1 lit. e o f del GDPR, avete il diritto di opporvi al trattamento dei vostri dati personali in qualsiasi momento, per motivi derivanti dalla vostra particolare situazione; ci\u00f2 vale anche per la profilazione basata su tali disposizioni. Le rispettive basi giuridiche su cui si fonda il trattamento sono riportate nella presente informativa sulla privacy. Se vi opponete, non tratteremo pi\u00f9 i vostri dati personali interessati, a meno che non possiamo dimostrare motivi legittimi impellenti per il trattamento che prevalgono sui vostri interessi, diritti e libert\u00e0, o il trattamento \u00e8 necessario per l'istituzione, l'esercizio o la difesa di rivendicazioni legali (obiezione ai sensi dell'art. 21 par. 1 GDPR).<\/strong>\n\n<strong>Se i vostri dati personali sono trattati per finalit\u00e0 pubblicitarie dirette, avete il diritto di opporvi in qualsiasi momento al trattamento dei vostri dati personali per tali finalit\u00e0 pubblicitarie, compresa la profilazione, nella misura in cui \u00e8 correlata a tale pubblicit\u00e0 diretta. Se vi opponete, i vostri dati personali non saranno pi\u00f9 utilizzati per scopi pubblicitari diretti (obiezione ai sensi dell'art. 21 par. 2 GDPR).<\/strong>\n\n<h3>Diritto di presentare un reclamo all'Autorit\u00e0 di vigilanza<\/h3>\nIn caso di violazione del GDPR, le persone interessate hanno il diritto di presentare un reclamo a un'autorit\u00e0 di controllo, in particolare nello Stato membro in cui risiedono abitualmente, lavorano o in cui si \u00e8 verificata la presunta violazione. Il diritto di presentare un reclamo non pregiudica altri rimedi amministrativi o giudiziari.\n\n<h3>Diritto alla portabilit\u00e0 dei dati<\/h3>\nAvete il diritto di richiedere che i dati da noi trattati sulla base del vostro consenso o in adempimento di un contratto siano trasferiti a voi o a terzi in un formato strutturato, comunemente utilizzato e leggibile da una macchina. Se richiedete il trasferimento diretto dei dati a un'altra parte responsabile, ci\u00f2 avverr\u00e0 solo nella misura in cui sia tecnicamente possibile.\n\n<h3>Crittografia SSL o TLS<\/h3>\nQuesto sito utilizza la crittografia SSL o TLS per motivi di sicurezza e per proteggere la trasmissione di contenuti riservati, come gli ordini o le richieste che ci inviate in qualit\u00e0 di gestore del sito. Una connessione crittografata \u00e8 indicata dal cambiamento della barra degli indirizzi del browser da \"http:\/\/\" a \"https:\/\/\" e dal simbolo del lucchetto nella barra del browser.\n\nQuando la crittografia SSL o TLS \u00e8 attivata, i dati che ci trasmettete non possono essere letti da terzi.\n\n<h3>Transazioni di pagamento criptate su questo sito web<\/h3>\nSe, dopo la conclusione di un contratto a pagamento, vi \u00e8 l'obbligo di trasmettere i vostri dati di pagamento (ad esempio, il numero di conto per l'addebito diretto), questi dati sono necessari per l'elaborazione del pagamento.\n\nLe transazioni di pagamento con i metodi di pagamento pi\u00f9 comuni (Visa\/MasterCard, addebito diretto) vengono elaborate esclusivamente attraverso una connessione criptata SSL o TLS. Una connessione criptata \u00e8 indicata dal cambiamento della barra degli indirizzi del browser da \"http:\/\/\" a \"https:\/\/\" e dal simbolo del lucchetto nella barra del browser.\n\nCon la comunicazione criptata, i dati di pagamento trasmessi a noi non possono essere letti da terzi.\n\n<h3>Informazioni, blocco, cancellazione e correzione<\/h3>\nAvete il diritto di richiedere informazioni sui vostri dati personali memorizzati, sulla loro origine, sui destinatari e sullo scopo del trattamento dei dati, nonch\u00e9 di richiedere la correzione, il blocco o la cancellazione di tali dati in qualsiasi momento, nell'ambito delle disposizioni di legge applicabili. Per questa e altre domande sui dati personali, potete contattarci in qualsiasi momento all'indirizzo indicato nella nota legale.\n\n<h3>Diritto di limitare il trattamento<\/h3>\nAvete il diritto di richiedere la limitazione del trattamento dei vostri dati personali. A tal fine, potete contattarci in qualsiasi momento utilizzando l'indirizzo indicato nella nota legale. Il diritto di limitare il trattamento si applica nei seguenti casi:\n<ul>\n  <li>Se contestate l'esattezza dei vostri dati personali memorizzati, in genere abbiamo bisogno di tempo per verificarla. Durante il periodo di verifica, avete il diritto di richiedere la limitazione del trattamento dei vostri dati personali.<\/li>\n  <li>Se il trattamento dei vostri dati personali \u00e8 illegale, potete richiedere la limitazione del trattamento dei dati anzich\u00e9 la loro cancellazione.<\/li>\n  <li>Se non abbiamo pi\u00f9 bisogno dei vostri dati personali, ma ne avete bisogno per l'istituzione, l'esercizio o la difesa di rivendicazioni legali, avete il diritto di richiedere la limitazione del trattamento invece della cancellazione.<\/li>\n  <li>Se avete presentato un'obiezione ai sensi dell'art. 21 par. 1 del GDPR, \u00e8 necessario trovare un equilibrio tra i vostri e i nostri interessi. Finch\u00e9 non \u00e8 ancora chiaro quali interessi prevalgano, avete il diritto di richiedere la limitazione del trattamento dei vostri dati personali.<\/li>\n<\/ul>\nSe avete limitato il trattamento dei vostri dati personali, questi potranno essere trattati - a parte la loro conservazione - solo con il vostro consenso o per l'accertamento, l'esercizio o la difesa di diritti legali, o per proteggere i diritti di un'altra persona fisica o giuridica, o per motivi di interesse pubblico nell'Unione Europea o in uno Stato membro.\n\n<h3>Obiezione alle e-mail promozionali<\/h3>\nL'utilizzo dei dati di contatto pubblicati nell'ambito della nota legale per l'invio di materiale pubblicitario e informativo non richiesto \u00e8 oggetto di obiezione. I gestori dei siti si riservano espressamente il diritto di intraprendere azioni legali in caso di invio non richiesto di informazioni pubblicitarie, come ad esempio le e-mail di spam.\n\n<h2>3. Raccolta di dati sul nostro sito web<\/h2>\n<h3>Biscotti<\/h3>\nIl nostro sito web utilizza i cookie. I cookie non causano alcun danno al vostro computer e non contengono virus. I cookie vengono utilizzati per rendere il nostro sito web pi\u00f9 facile da usare, efficace e sicuro. I cookie sono piccoli file di testo che vengono memorizzati sul vostro computer dal vostro browser.\n\nLa maggior parte dei cookie utilizzati sono \"cookie di sessione\". Vengono eliminati automaticamente dopo la visita. Altri cookie rimangono sul vostro dispositivo finch\u00e9 non li cancellate. Questi cookie ci permettono di riconoscere il vostro browser durante la vostra prossima visita.\n\nPotete configurare il vostro browser in modo da essere informati sull'uso dei cookie e consentire i cookie solo in singoli casi, escludere l'accettazione dei cookie per determinati casi o in generale e attivare la cancellazione automatica dei cookie alla chiusura del browser. La disabilitazione dei cookie pu\u00f2 limitare la funzionalit\u00e0 di questo sito web.\n\nI cookie necessari per il completamento del processo di comunicazione elettronica o per fornire determinate funzioni desiderate dall'utente (ad es. la funzione carrello) vengono memorizzati in base all'art. 6, comma 1, lettera a), del Codice Civile. 6 para. 1 lit. f GDPR. Il gestore del sito web ha un interesse legittimo alla memorizzazione dei cookie per garantire una fornitura tecnicamente priva di errori e ottimizzata dei propri servizi. Se vengono memorizzati altri cookie (ad es. cookie per l'analisi del comportamento di navigazione), questi vengono trattati separatamente nella presente informativa sulla privacy.\n\n<h3>File di registro del server<\/h3>\nIl fornitore delle pagine raccoglie e memorizza automaticamente le informazioni nei cosiddetti file di log del server, che il vostro browser ci trasmette automaticamente. Questi sono:\n<ul>\n  <li>Tipo e versione del browser<\/li>\n  <li>Sistema operativo utilizzato<\/li>\n  <li>URL di riferimento<\/li>\n  <li>Nome host del computer di accesso<\/li>\n  <li>Ora della richiesta del server<\/li>\n  <li>Indirizzo IP<\/li>\n<\/ul>\nNon viene eseguita una fusione di questi dati con altre fonti di dati.\n\nLa raccolta di questi dati si basa sull'Art. 6 para. 1 lit. f GDPR. Il gestore del sito web ha un interesse legittimo alla presentazione tecnicamente priva di errori e all'ottimizzazione del proprio sito web - a tal fine \u00e8 necessario raccogliere i file di log del server.\n\n<h3>Modulo di contatto<\/h3>\nSe ci inviate richieste tramite il modulo di contatto, i vostri dati del modulo di richiesta, compresi i dati di contatto che ci avete fornito, saranno memorizzati da noi allo scopo di elaborare la richiesta e in caso di domande successive. Questi dati non saranno trasmessi senza il vostro consenso.\n\nIl trattamento dei dati inseriti nel modulo di contatto avviene esclusivamente sulla base del vostro consenso (art. 6 comma 1 lett. a GDPR). Potete revocare il vostro consenso in qualsiasi momento. A tal fine \u00e8 sufficiente una semplice notifica via e-mail. La liceit\u00e0 del trattamento dei dati effettuato fino alla revoca rimane inalterata.\n\nI dati inseriti nel modulo di contatto rimarranno presso di noi fino a quando non ne richiederete la cancellazione, non revocherete il vostro consenso alla memorizzazione o lo scopo della memorizzazione dei dati non sar\u00e0 pi\u00f9 valido (ad esempio, dopo il completamento della vostra richiesta). Le disposizioni di legge obbligatorie, in particolare i periodi di conservazione, rimangono inalterate.\t\t\t\t\t\t\t\t<\/div>\n\t\t\t\t<\/div>\n\t\t\t\t<\/div>\n\t\t\t\t<\/div>\n\t\t\t\t<\/div>\n\t\t\t\t\t<\/div>\n\t\t\t\t<\/div>\n\t\t\t\t<\/div>","protected":false},"excerpt":{"rendered":"<p>Save on the esci website Privacy Policy 1. Data Protection at a Glance General Information The following information provides a simple overview of what happens to your personal data when you visit our website. Personal data is any information that can identify you personally. For detailed information on data protection, please refer to our privacy [&hellip;]<\/p>\n","protected":false},"author":1,"featured_media":0,"parent":0,"menu_order":0,"comment_status":"closed","ping_status":"closed","template":"","meta":{"_acf_changed":false,"footnotes":""},"class_list":["post-3","page","type-page","status-publish","hentry"],"acf":[],"_links":{"self":[{"href":"https:\/\/esci-online.com\/it\/wp-json\/wp\/v2\/pages\/3","targetHints":{"allow":["GET"]}}],"collection":[{"href":"https:\/\/esci-online.com\/it\/wp-json\/wp\/v2\/pages"}],"about":[{"href":"https:\/\/esci-online.com\/it\/wp-json\/wp\/v2\/types\/page"}],"author":[{"embeddable":true,"href":"https:\/\/esci-online.com\/it\/wp-json\/wp\/v2\/users\/1"}],"replies":[{"embeddable":true,"href":"https:\/\/esci-online.com\/it\/wp-json\/wp\/v2\/comments?post=3"}],"version-history":[{"count":11,"href":"https:\/\/esci-online.com\/it\/wp-json\/wp\/v2\/pages\/3\/revisions"}],"predecessor-version":[{"id":12524,"href":"https:\/\/esci-online.com\/it\/wp-json\/wp\/v2\/pages\/3\/revisions\/12524"}],"wp:attachment":[{"href":"https:\/\/esci-online.com\/it\/wp-json\/wp\/v2\/media?parent=3"}],"curies":[{"name":"wp","href":"https:\/\/api.w.org\/{rel}","templated":true}]}}