{"id":12561,"date":"2025-02-11T20:20:31","date_gmt":"2025-02-11T19:20:31","guid":{"rendered":"https:\/\/esci-online.com\/?page_id=12561"},"modified":"2025-02-11T20:25:19","modified_gmt":"2025-02-11T19:25:19","slug":"account-inactive","status":"publish","type":"page","link":"https:\/\/esci-online.com\/pt\/account-inactive\/","title":{"rendered":"Conta inativa"},"content":{"rendered":"<div data-elementor-type=\"wp-page\" data-elementor-id=\"12561\" class=\"elementor elementor-12561\" data-elementor-post-type=\"page\">\n\t\t\t\t<div class=\"elementor-element elementor-element-361237d e-flex e-con-boxed e-con e-parent\" data-id=\"361237d\" data-element_type=\"container\" data-e-type=\"container\" data-settings=\"{&quot;background_background&quot;:&quot;classic&quot;}\">\n\t\t\t\t\t<div class=\"e-con-inner\">\n\t\t<div class=\"elementor-element elementor-element-0eb141a e-con-full e-flex e-con e-child\" data-id=\"0eb141a\" data-element_type=\"container\" data-e-type=\"container\">\n\t\t\t\t<div class=\"elementor-element elementor-element-9a95314 elementor-widget elementor-widget-heading\" data-id=\"9a95314\" data-element_type=\"widget\" data-e-type=\"widget\" data-widget_type=\"heading.default\">\n\t\t\t\t<div class=\"elementor-widget-container\">\n\t\t\t\t\t<h2 class=\"elementor-heading-title elementor-size-default\">Conta inativa<\/h2>\t\t\t\t<\/div>\n\t\t\t\t<\/div>\n\t\t\t\t<div class=\"elementor-element elementor-element-cf203eb elementor-widget elementor-widget-heading\" data-id=\"cf203eb\" data-element_type=\"widget\" data-e-type=\"widget\" data-widget_type=\"heading.default\">\n\t\t\t\t<div class=\"elementor-widget-container\">\n\t\t\t\t\t<h1 class=\"elementor-heading-title elementor-size-default\">A sua conta ESCI n\u00e3o est\u00e1 ativa (ainda)<\/h1>\t\t\t\t<\/div>\n\t\t\t\t<\/div>\n\t\t\t\t<\/div>\n\t\t<div class=\"elementor-element elementor-element-b4e2235 e-con-full e-flex e-con e-child\" data-id=\"b4e2235\" data-element_type=\"container\" data-e-type=\"container\">\n\t\t\t\t<\/div>\n\t\t\t\t\t<\/div>\n\t\t\t\t<\/div>\n\t\t<div class=\"elementor-element elementor-element-f5d21b2 e-flex e-con-boxed e-con e-parent\" data-id=\"f5d21b2\" data-element_type=\"container\" data-e-type=\"container\" id=\"about\" data-settings=\"{&quot;background_background&quot;:&quot;classic&quot;}\">\n\t\t\t\t\t<div class=\"e-con-inner\">\n\t\t\t\t<div class=\"elementor-element elementor-element-b93c9b4 elementor-widget elementor-widget-text-editor\" data-id=\"b93c9b4\" data-element_type=\"widget\" data-e-type=\"widget\" data-widget_type=\"text-editor.default\">\n\t\t\t\t<div class=\"elementor-widget-container\">\n\t\t\t\t\t\t\t\t\t<p>Isto pode dever-se ao facto de ainda n\u00e3o termos processado ou aprovado a sua candidatura, ou de a taxa de inscri\u00e7\u00e3o n\u00e3o ter sido paga. Volte a consultar mais tarde ou contacte-nos se considerar que existe um erro.<\/p>\t\t\t\t\t\t\t\t<\/div>\n\t\t\t\t<\/div>\n\t\t\t\t\t<\/div>\n\t\t\t\t<\/div>\n\t\t\t\t<\/div>","protected":false},"excerpt":{"rendered":"<p>Account inactive Your ESCI account is not active (yet) This may be because we have not yet processed or approved your application, or because the membership fee has not been paid. Please check back later or contact us if you believe there is an error.<\/p>","protected":false},"author":1,"featured_media":0,"parent":0,"menu_order":0,"comment_status":"closed","ping_status":"closed","template":"","meta":{"_acf_changed":false,"footnotes":""},"class_list":["post-12561","page","type-page","status-publish","hentry"],"acf":[],"_links":{"self":[{"href":"https:\/\/esci-online.com\/pt\/wp-json\/wp\/v2\/pages\/12561","targetHints":{"allow":["GET"]}}],"collection":[{"href":"https:\/\/esci-online.com\/pt\/wp-json\/wp\/v2\/pages"}],"about":[{"href":"https:\/\/esci-online.com\/pt\/wp-json\/wp\/v2\/types\/page"}],"author":[{"embeddable":true,"href":"https:\/\/esci-online.com\/pt\/wp-json\/wp\/v2\/users\/1"}],"replies":[{"embeddable":true,"href":"https:\/\/esci-online.com\/pt\/wp-json\/wp\/v2\/comments?post=12561"}],"version-history":[{"count":4,"href":"https:\/\/esci-online.com\/pt\/wp-json\/wp\/v2\/pages\/12561\/revisions"}],"predecessor-version":[{"id":12565,"href":"https:\/\/esci-online.com\/pt\/wp-json\/wp\/v2\/pages\/12561\/revisions\/12565"}],"wp:attachment":[{"href":"https:\/\/esci-online.com\/pt\/wp-json\/wp\/v2\/media?parent=12561"}],"curies":[{"name":"wp","href":"https:\/\/api.w.org\/{rel}","templated":true}]}}