{"id":3,"date":"2024-10-17T20:55:16","date_gmt":"2024-10-17T20:55:16","guid":{"rendered":"http:\/\/esci-online.com\/?page_id=3"},"modified":"2025-02-10T11:46:54","modified_gmt":"2025-02-10T10:46:54","slug":"privacy-policy","status":"publish","type":"page","link":"https:\/\/esci-online.com\/pt\/privacy-policy\/","title":{"rendered":"Pol\u00edtica de privacidade"},"content":{"rendered":"<div data-elementor-type=\"wp-page\" data-elementor-id=\"3\" class=\"elementor elementor-3\" data-elementor-post-type=\"page\">\n\t\t\t\t<div class=\"elementor-element elementor-element-82add0c e-flex e-con-boxed e-con e-parent\" data-id=\"82add0c\" data-element_type=\"container\" data-e-type=\"container\" data-settings=\"{&quot;background_background&quot;:&quot;classic&quot;}\">\n\t\t\t\t\t<div class=\"e-con-inner\">\n\t\t<div class=\"elementor-element elementor-element-5ae1f00 e-con-full e-flex e-con e-child\" data-id=\"5ae1f00\" data-element_type=\"container\" data-e-type=\"container\">\n\t\t\t\t<div class=\"elementor-element elementor-element-35d1fdd elementor-widget elementor-widget-heading\" data-id=\"35d1fdd\" data-element_type=\"widget\" data-e-type=\"widget\" data-widget_type=\"heading.default\">\n\t\t\t\t<div class=\"elementor-widget-container\">\n\t\t\t\t\t<h2 class=\"elementor-heading-title elementor-size-default\">Guardar no s\u00edtio Web do esci<\/h2>\t\t\t\t<\/div>\n\t\t\t\t<\/div>\n\t\t\t\t<div class=\"elementor-element elementor-element-f87a4d2 elementor-widget elementor-widget-heading\" data-id=\"f87a4d2\" data-element_type=\"widget\" data-e-type=\"widget\" data-widget_type=\"heading.default\">\n\t\t\t\t<div class=\"elementor-widget-container\">\n\t\t\t\t\t<h1 class=\"elementor-heading-title elementor-size-default\">Pol\u00edtica de privacidade<\/h1>\t\t\t\t<\/div>\n\t\t\t\t<\/div>\n\t\t\t\t<\/div>\n\t\t<div class=\"elementor-element elementor-element-32b9006 e-con-full e-flex e-con e-child\" data-id=\"32b9006\" data-element_type=\"container\" data-e-type=\"container\">\n\t\t\t\t<\/div>\n\t\t\t\t\t<\/div>\n\t\t\t\t<\/div>\n\t\t<div class=\"elementor-element elementor-element-ee82ae6 e-flex e-con-boxed e-con e-parent\" data-id=\"ee82ae6\" data-element_type=\"container\" data-e-type=\"container\" data-settings=\"{&quot;background_background&quot;:&quot;classic&quot;}\">\n\t\t\t\t\t<div class=\"e-con-inner\">\n\t\t<div class=\"elementor-element elementor-element-029fe1f e-con-full e-flex e-con e-child\" data-id=\"029fe1f\" data-element_type=\"container\" data-e-type=\"container\">\n\t\t<div class=\"elementor-element elementor-element-e546881 e-con-full e-flex e-con e-child\" data-id=\"e546881\" data-element_type=\"container\" data-e-type=\"container\">\n\t\t<div class=\"elementor-element elementor-element-fa92f63 e-con-full e-flex e-con e-child\" data-id=\"fa92f63\" data-element_type=\"container\" data-e-type=\"container\">\n\t\t\t\t<div class=\"elementor-element elementor-element-bab3e12 elementor-widget elementor-widget-text-editor\" data-id=\"bab3e12\" data-element_type=\"widget\" data-e-type=\"widget\" data-widget_type=\"text-editor.default\">\n\t\t\t\t<div class=\"elementor-widget-container\">\n\t\t\t\t\t\t\t\t\t<h2>1. A prote\u00e7\u00e3o de dados em resumo<\/h2>\n<h3>Informa\u00e7\u00f5es gerais<\/h3>\nAs informa\u00e7\u00f5es que se seguem fornecem uma vis\u00e3o geral simples do que acontece aos seus dados pessoais quando visita o nosso s\u00edtio Web. Por dados pessoais entende-se qualquer informa\u00e7\u00e3o que possa identific\u00e1-lo pessoalmente. Para obter informa\u00e7\u00f5es pormenorizadas sobre a prote\u00e7\u00e3o de dados, consulte a nossa pol\u00edtica de privacidade no final deste texto.\n\n<h3>Recolha de dados no nosso s\u00edtio Web<\/h3>\n<strong>Quem \u00e9 respons\u00e1vel pela recolha de dados neste s\u00edtio Web?<\/strong>\nO tratamento de dados neste s\u00edtio Web \u00e9 efectuado pelo operador do s\u00edtio Web. Pode encontrar os seus dados de contacto no aviso legal deste s\u00edtio Web.\n\n<strong>Como \u00e9 que recolhemos os seus dados?<\/strong>\nOs seus dados s\u00e3o recolhidos, em parte, atrav\u00e9s do seu fornecimento. Isto pode incluir dados introduzidos num formul\u00e1rio de contacto, por exemplo.\n\nOutros dados s\u00e3o recolhidos automaticamente pelos nossos sistemas inform\u00e1ticos quando o utilizador visita o s\u00edtio Web. Estes dados incluem principalmente dados t\u00e9cnicos (por exemplo, navegador da Internet, sistema operativo ou hora de visualiza\u00e7\u00e3o da p\u00e1gina). Estes dados s\u00e3o recolhidos automaticamente assim que o utilizador acede ao nosso s\u00edtio Web.\n\n<strong>Como \u00e9 que utilizamos os seus dados?<\/strong>\nAlguns dos dados s\u00e3o recolhidos para garantir que o s\u00edtio Web \u00e9 fornecido sem erros. Outros dados podem ser utilizados para analisar o comportamento do utilizador.\n\n<strong>Que direitos tem relativamente aos seus dados?<\/strong>\nO utilizador tem o direito de solicitar, a qualquer momento e gratuitamente, informa\u00e7\u00f5es sobre a origem, os destinat\u00e1rios e a finalidade dos seus dados pessoais armazenados. Tem tamb\u00e9m o direito de solicitar a corre\u00e7\u00e3o, o bloqueio ou a elimina\u00e7\u00e3o destes dados. Para esta e outras quest\u00f5es relacionadas com a prote\u00e7\u00e3o de dados, pode contactar-nos em qualquer altura, utilizando o endere\u00e7o indicado no aviso legal. Tem tamb\u00e9m o direito de apresentar uma queixa junto da autoridade de controlo competente.\n\nTem tamb\u00e9m o direito de solicitar a restri\u00e7\u00e3o do processamento dos seus dados pessoais em determinadas circunst\u00e2ncias. Pode encontrar mais pormenores na pol\u00edtica de privacidade em \"Direito de restringir o processamento\".\n\n<h3>Ferramentas de an\u00e1lise e ferramentas de terceiros<\/h3>\nAo visitar o nosso s\u00edtio Web, o seu comportamento de navega\u00e7\u00e3o pode ser avaliado estatisticamente. Isto \u00e9 feito principalmente atrav\u00e9s de cookies e programas de an\u00e1lise. A an\u00e1lise do seu comportamento de navega\u00e7\u00e3o \u00e9 geralmente an\u00f3nima; o comportamento de navega\u00e7\u00e3o n\u00e3o pode ser rastreado at\u00e9 si.\n\nO utilizador pode opor-se a esta an\u00e1lise ou impedi-la, n\u00e3o utilizando determinadas ferramentas. Informa\u00e7\u00f5es detalhadas sobre estas ferramentas e as suas op\u00e7\u00f5es de obje\u00e7\u00e3o podem ser encontradas na seguinte pol\u00edtica de privacidade.\n\n<h2>2. Informa\u00e7\u00f5es gerais e informa\u00e7\u00f5es obrigat\u00f3rias<\/h2>\n<h3>Prote\u00e7\u00e3o de dados<\/h3>\nOs operadores destas p\u00e1ginas levam muito a s\u00e9rio a prote\u00e7\u00e3o dos seus dados pessoais. Tratamos os seus dados pessoais de forma confidencial e de acordo com os regulamentos legais de prote\u00e7\u00e3o de dados, bem como com esta pol\u00edtica de privacidade.\n\nAo utilizar este s\u00edtio Web, s\u00e3o recolhidos v\u00e1rios dados pessoais. Os dados pessoais s\u00e3o dados que podem ser utilizados para o identificar pessoalmente. Esta pol\u00edtica de privacidade explica quais os dados que recolhemos e como os utilizamos. Explica tamb\u00e9m como e com que objetivo isso \u00e9 feito.\n\nChamamos a aten\u00e7\u00e3o para o facto de a transmiss\u00e3o de dados atrav\u00e9s da Internet (por exemplo, comunica\u00e7\u00e3o por correio eletr\u00f3nico) poder ter vulnerabilidades de seguran\u00e7a. N\u00e3o \u00e9 poss\u00edvel uma prote\u00e7\u00e3o completa dos dados contra o acesso de terceiros.\n\n<h3>Entidade respons\u00e1vel<\/h3>\nA entidade respons\u00e1vel pelo tratamento dos dados neste s\u00edtio Web \u00e9:\n<div class=\"page\" title=\"P\u00e1gina 4\">\n  <div class=\"section\">\n    <div class=\"layoutArea\">\n      <div class=\"column\">\n        ESCI Sociedade Europeia de Implantologia Cer\u00e2mica<br>\n        Jens Tartsch<br>\n        Kreuzstrasse 2<br>\n        CH-8802 Kilchberg<br>\n        Telefone: +41-(0)44-715 48 77<br>\n        Correio eletr\u00f3nico: admin@esci-online.com<br>\n      <\/div>\n    <\/div>\n  <\/div>\n<\/div>\nA entidade respons\u00e1vel \u00e9 a pessoa singular ou colectiva que, sozinha ou em conjunto com outras, determina as finalidades e os meios de tratamento dos dados pessoais (por exemplo, nomes, endere\u00e7os de correio eletr\u00f3nico, etc.).\n\n<h3>Revoga\u00e7\u00e3o do consentimento do utilizador para o tratamento de dados<\/h3>\nMuitas opera\u00e7\u00f5es de tratamento de dados s\u00f3 s\u00e3o poss\u00edveis com o seu consentimento expresso. O utilizador pode revogar o seu consentimento em qualquer altura. Para tal, basta uma simples notifica\u00e7\u00e3o por correio eletr\u00f3nico. A legalidade do tratamento de dados efectuado at\u00e9 \u00e0 revoga\u00e7\u00e3o n\u00e3o \u00e9 afetada pela revoga\u00e7\u00e3o.\n\n<h3>Obje\u00e7\u00e3o \u00e0 recolha de dados em casos especiais e contra a publicidade direta (art. 21.\u00ba do RGPD)<\/h3>\n<strong>Se o tratamento de dados for efectuado com base no Art. 6 para. 1 lit. e ou f do RGPD, tem o direito de se opor ao tratamento dos seus dados pessoais em qualquer altura, por raz\u00f5es decorrentes da sua situa\u00e7\u00e3o particular; isto tamb\u00e9m se aplica \u00e0 defini\u00e7\u00e3o de perfis com base nestas disposi\u00e7\u00f5es. A respectiva base legal em que se baseia o processamento pode ser encontrada nesta pol\u00edtica de privacidade. Se se opuser, deixaremos de processar os seus dados pessoais afectados, a n\u00e3o ser que possamos demonstrar motivos leg\u00edtimos e convincentes para o processamento que se sobreponham aos seus interesses, direitos e liberdades, ou que o processamento seja necess\u00e1rio para o estabelecimento, exerc\u00edcio ou defesa de reivindica\u00e7\u00f5es legais (obje\u00e7\u00e3o ao abrigo do Art. 21 para. 1 do GDPR).<\/strong>\n\n<strong>Se os seus dados pessoais forem tratados para fins de publicidade direta, tem o direito de se opor a qualquer momento ao tratamento dos seus dados pessoais para esses fins publicit\u00e1rios, incluindo a defini\u00e7\u00e3o de perfis, na medida em que esteja relacionado com essa publicidade direta. Se se opuser, os seus dados pessoais deixar\u00e3o de ser utilizados para fins de publicidade direta (obje\u00e7\u00e3o ao abrigo do artigo 21\u00ba, n\u00ba 2 do RGPD).<\/strong>\n\n<h3>Direito de apresentar uma queixa \u00e0 autoridade de controlo<\/h3>\nEm caso de viola\u00e7\u00e3o do RGPD, as pessoas afectadas t\u00eam o direito de apresentar uma queixa a uma autoridade de controlo, nomeadamente no Estado-Membro da sua resid\u00eancia habitual, do seu local de trabalho ou do local da alegada infra\u00e7\u00e3o. O direito de apresentar uma queixa n\u00e3o prejudica outras vias de recurso administrativo ou judicial.\n\n<h3>Direito \u00e0 portabilidade dos dados<\/h3>\nTem o direito de solicitar que os dados que processamos com base no seu consentimento ou no cumprimento de um contrato sejam transferidos para si ou para terceiros num formato estruturado, comummente utilizado e leg\u00edvel por m\u00e1quina. Se solicitar a transfer\u00eancia direta dos dados para outra parte respons\u00e1vel, tal s\u00f3 ser\u00e1 feito na medida em que seja tecnicamente vi\u00e1vel.\n\n<h3>Encripta\u00e7\u00e3o SSL ou TLS<\/h3>\nEste s\u00edtio utiliza a encripta\u00e7\u00e3o SSL ou TLS por raz\u00f5es de seguran\u00e7a e para proteger a transmiss\u00e3o de conte\u00fados confidenciais, tais como encomendas ou pedidos de informa\u00e7\u00e3o que nos envia enquanto operador do s\u00edtio. Uma liga\u00e7\u00e3o encriptada \u00e9 indicada pela altera\u00e7\u00e3o da barra de endere\u00e7o do browser de \"http:\/\/\" para \"https:\/\/\" e pelo s\u00edmbolo de cadeado na barra do browser.\n\nQuando a encripta\u00e7\u00e3o SSL ou TLS est\u00e1 activada, os dados que nos transmite n\u00e3o podem ser lidos por terceiros.\n\n<h3>Transac\u00e7\u00f5es de pagamento encriptadas neste s\u00edtio Web<\/h3>\nSe, ap\u00f3s a celebra\u00e7\u00e3o de um contrato pago, houver uma obriga\u00e7\u00e3o de transmitir os seus dados de pagamento (por exemplo, n\u00famero de conta para d\u00e9bito direto), estes dados s\u00e3o necess\u00e1rios para o processamento do pagamento.\n\nAs transac\u00e7\u00f5es de pagamento que utilizam m\u00e9todos de pagamento comuns (Visa\/MasterCard, d\u00e9bito direto) s\u00e3o exclusivamente processadas atrav\u00e9s de uma liga\u00e7\u00e3o SSL ou TLS encriptada. Uma liga\u00e7\u00e3o encriptada \u00e9 indicada pela altera\u00e7\u00e3o da barra de endere\u00e7o do browser de \"http:\/\/\" para \"https:\/\/\" e pelo s\u00edmbolo de cadeado na barra do browser.\n\nCom uma comunica\u00e7\u00e3o encriptada, os seus dados de pagamento que nos s\u00e3o transmitidos n\u00e3o podem ser lidos por terceiros.\n\n<h3>Informa\u00e7\u00e3o, bloqueio, elimina\u00e7\u00e3o e corre\u00e7\u00e3o<\/h3>\nTem o direito de solicitar informa\u00e7\u00f5es sobre os seus dados pessoais armazenados, a sua origem, os destinat\u00e1rios e a finalidade do processamento de dados, bem como de solicitar a corre\u00e7\u00e3o, o bloqueio ou a elimina\u00e7\u00e3o destes dados em qualquer altura, no \u00e2mbito das disposi\u00e7\u00f5es legais aplic\u00e1veis. Para esta e outras quest\u00f5es sobre dados pessoais, pode contactar-nos a qualquer momento, utilizando o endere\u00e7o indicado no aviso legal.\n\n<h3>Direito de restringir o processamento<\/h3>\nO utilizador tem o direito de solicitar a limita\u00e7\u00e3o do tratamento dos seus dados pessoais. Para tal, pode contactar-nos a qualquer momento, utilizando o endere\u00e7o indicado no aviso legal. O direito de restringir o processamento aplica-se nos seguintes casos:\n<ul>\n  <li>Se contestar a exatid\u00e3o dos seus dados pessoais armazenados, geralmente precisamos de tempo para os verificar. Durante o per\u00edodo de verifica\u00e7\u00e3o, o utilizador tem o direito de solicitar a restri\u00e7\u00e3o do tratamento dos seus dados pessoais.<\/li>\n  <li>Se o tratamento dos seus dados pessoais for ilegal, pode solicitar a restri\u00e7\u00e3o do tratamento dos dados em vez da sua elimina\u00e7\u00e3o.<\/li>\n  <li>Se j\u00e1 n\u00e3o precisarmos dos seus dados pessoais, mas precisarmos deles para o estabelecimento, exerc\u00edcio ou defesa de ac\u00e7\u00f5es judiciais, tem o direito de solicitar a restri\u00e7\u00e3o do processamento em vez da elimina\u00e7\u00e3o.<\/li>\n  <li>Se tiver apresentado uma obje\u00e7\u00e3o nos termos do n.\u00ba 21 do art. 21 para. 1 do RGPD, deve ser encontrado um equil\u00edbrio entre os seus e os nossos interesses. Enquanto n\u00e3o for claro quais os interesses que prevalecem, o utilizador tem o direito de solicitar a restri\u00e7\u00e3o do processamento dos seus dados pessoais.<\/li>\n<\/ul>\nSe tiver restringido o tratamento dos seus dados pessoais, estes s\u00f3 poder\u00e3o ser tratados - para al\u00e9m da sua conserva\u00e7\u00e3o - com o seu consentimento ou para a declara\u00e7\u00e3o, o exerc\u00edcio ou a defesa de ac\u00e7\u00f5es judiciais, ou para proteger os direitos de outra pessoa singular ou colectiva, ou por raz\u00f5es de interesse p\u00fablico na Uni\u00e3o Europeia ou num Estado-Membro.\n\n<h3>Obje\u00e7\u00e3o a mensagens de correio eletr\u00f3nico promocionais<\/h3>\nA utiliza\u00e7\u00e3o dos dados de contacto publicados como parte do aviso legal para a transmiss\u00e3o de publicidade e materiais informativos n\u00e3o solicitados \u00e9 objeto de obje\u00e7\u00e3o. Os operadores dos s\u00edtios reservam-se expressamente o direito de tomar medidas legais em caso de envio n\u00e3o solicitado de informa\u00e7\u00f5es publicit\u00e1rias, tais como mensagens de correio eletr\u00f3nico n\u00e3o solicitado.\n\n<h2>3. Recolha de dados no nosso s\u00edtio Web<\/h2>\n<h3>Biscoitos<\/h3>\nO nosso s\u00edtio Web utiliza cookies. Os cookies n\u00e3o causam qualquer dano ao seu computador e n\u00e3o cont\u00eam v\u00edrus. Os cookies s\u00e3o utilizados para tornar o nosso s\u00edtio Web mais f\u00e1cil de utilizar, eficaz e seguro. Os cookies s\u00e3o pequenos ficheiros de texto que s\u00e3o armazenados no seu computador pelo seu browser.\n\nA maior parte dos cookies que utilizamos s\u00e3o \"cookies de sess\u00e3o\". S\u00e3o automaticamente eliminados ap\u00f3s a sua visita. Outros cookies permanecem no seu dispositivo at\u00e9 os apagar. Estes cookies permitem-nos reconhecer o seu browser na sua pr\u00f3xima visita.\n\nPode configurar o seu navegador para ser informado sobre a utiliza\u00e7\u00e3o de cookies e permitir cookies apenas em casos individuais, excluir a aceita\u00e7\u00e3o de cookies em determinados casos ou em geral e ativar a elimina\u00e7\u00e3o autom\u00e1tica de cookies ao fechar o navegador. A desativa\u00e7\u00e3o dos cookies pode limitar a funcionalidade deste s\u00edtio Web.\n\nOs cookies que s\u00e3o necess\u00e1rios para a conclus\u00e3o do processo de comunica\u00e7\u00e3o eletr\u00f3nica ou para fornecer determinadas fun\u00e7\u00f5es que deseja (por exemplo, fun\u00e7\u00e3o de carrinho de compras) s\u00e3o armazenados com base no Art. 6 para. 1 lit. f do RGPD. O operador do site tem um interesse leg\u00edtimo no armazenamento de cookies para garantir a presta\u00e7\u00e3o tecnicamente livre de erros e optimizada dos seus servi\u00e7os. Se forem armazenados outros cookies (por exemplo, cookies para analisar o seu comportamento de navega\u00e7\u00e3o), estes s\u00e3o tratados separadamente nesta pol\u00edtica de privacidade.\n\n<h3>Ficheiros de registo do servidor<\/h3>\nO fornecedor das p\u00e1ginas recolhe e armazena automaticamente informa\u00e7\u00f5es nos chamados ficheiros de registo do servidor, que o seu browser nos transmite automaticamente. Estes s\u00e3o:\n<ul>\n  <li>Tipo de navegador e vers\u00e3o do navegador<\/li>\n  <li>Sistema operativo utilizado<\/li>\n  <li>URL de refer\u00eancia<\/li>\n  <li>Nome do anfitri\u00e3o do computador de acesso<\/li>\n  <li>Hora do pedido do servidor<\/li>\n  <li>Endere\u00e7o IP<\/li>\n<\/ul>\nN\u00e3o \u00e9 efectuada uma fus\u00e3o destes dados com outras fontes de dados.\n\nA recolha destes dados baseia-se no Art. 6 para. 1 lit. f do RGPD. O operador do site tem um interesse leg\u00edtimo na apresenta\u00e7\u00e3o tecnicamente livre de erros e na otimiza\u00e7\u00e3o do seu site - para este efeito, os ficheiros de registo do servidor devem ser recolhidos.\n\n<h3>Formul\u00e1rio de contacto<\/h3>\nSe nos enviar pedidos de informa\u00e7\u00e3o atrav\u00e9s do formul\u00e1rio de contacto, os seus dados do formul\u00e1rio de pedido de informa\u00e7\u00e3o, incluindo os dados de contacto que forneceu, ser\u00e3o armazenados por n\u00f3s para efeitos de processamento do pedido de informa\u00e7\u00e3o e em caso de perguntas subsequentes. Estes dados n\u00e3o ser\u00e3o transmitidos sem o seu consentimento.\n\nO tratamento dos dados introduzidos no formul\u00e1rio de contacto \u00e9 efectuado exclusivamente com base no seu consentimento (art. 6.\u00ba, n.\u00ba 1, al\u00ednea a) do RGPD). Pode retirar o seu consentimento em qualquer altura. Uma simples notifica\u00e7\u00e3o por correio eletr\u00f3nico \u00e9 suficiente para o efeito. A legalidade do tratamento de dados efectuado at\u00e9 \u00e0 revoga\u00e7\u00e3o n\u00e3o \u00e9 afetada pela revoga\u00e7\u00e3o.\n\nOs dados que introduziu no formul\u00e1rio de contacto permanecer\u00e3o connosco at\u00e9 que solicite a sua elimina\u00e7\u00e3o, revogue o seu consentimento para o armazenamento ou a finalidade do armazenamento dos dados deixe de se aplicar (por exemplo, ap\u00f3s a conclus\u00e3o do seu pedido). As disposi\u00e7\u00f5es legais obrigat\u00f3rias - especialmente os per\u00edodos de reten\u00e7\u00e3o - n\u00e3o s\u00e3o afectadas.\t\t\t\t\t\t\t\t<\/div>\n\t\t\t\t<\/div>\n\t\t\t\t<\/div>\n\t\t\t\t<\/div>\n\t\t\t\t<\/div>\n\t\t\t\t\t<\/div>\n\t\t\t\t<\/div>\n\t\t\t\t<\/div>","protected":false},"excerpt":{"rendered":"<p>Save on the esci website Privacy Policy 1. Data Protection at a Glance General Information The following information provides a simple overview of what happens to your personal data when you visit our website. Personal data is any information that can identify you personally. For detailed information on data protection, please refer to our privacy [&hellip;]<\/p>\n","protected":false},"author":1,"featured_media":0,"parent":0,"menu_order":0,"comment_status":"closed","ping_status":"closed","template":"","meta":{"_acf_changed":false,"footnotes":""},"class_list":["post-3","page","type-page","status-publish","hentry"],"acf":[],"_links":{"self":[{"href":"https:\/\/esci-online.com\/pt\/wp-json\/wp\/v2\/pages\/3","targetHints":{"allow":["GET"]}}],"collection":[{"href":"https:\/\/esci-online.com\/pt\/wp-json\/wp\/v2\/pages"}],"about":[{"href":"https:\/\/esci-online.com\/pt\/wp-json\/wp\/v2\/types\/page"}],"author":[{"embeddable":true,"href":"https:\/\/esci-online.com\/pt\/wp-json\/wp\/v2\/users\/1"}],"replies":[{"embeddable":true,"href":"https:\/\/esci-online.com\/pt\/wp-json\/wp\/v2\/comments?post=3"}],"version-history":[{"count":11,"href":"https:\/\/esci-online.com\/pt\/wp-json\/wp\/v2\/pages\/3\/revisions"}],"predecessor-version":[{"id":12524,"href":"https:\/\/esci-online.com\/pt\/wp-json\/wp\/v2\/pages\/3\/revisions\/12524"}],"wp:attachment":[{"href":"https:\/\/esci-online.com\/pt\/wp-json\/wp\/v2\/media?parent=3"}],"curies":[{"name":"wp","href":"https:\/\/api.w.org\/{rel}","templated":true}]}}