{"id":419,"date":"2024-11-22T23:35:48","date_gmt":"2024-11-22T22:35:48","guid":{"rendered":"https:\/\/esci-online.com\/?page_id=419"},"modified":"2025-09-14T09:36:17","modified_gmt":"2025-09-14T07:36:17","slug":"evening-events","status":"publish","type":"page","link":"https:\/\/esci-online.com\/pt\/congress\/evening-events\/","title":{"rendered":"Eventos noturnos"},"content":{"rendered":"<div data-elementor-type=\"wp-page\" data-elementor-id=\"419\" class=\"elementor elementor-419\" data-elementor-post-type=\"page\">\n\t\t\t\t<div class=\"elementor-element elementor-element-3c04dac e-flex e-con-boxed e-con e-parent\" data-id=\"3c04dac\" data-element_type=\"container\" data-e-type=\"container\" data-settings=\"{&quot;background_background&quot;:&quot;classic&quot;}\">\n\t\t\t\t\t<div class=\"e-con-inner\">\n\t\t<div class=\"elementor-element elementor-element-6c072d4 e-con-full e-flex e-con e-child\" data-id=\"6c072d4\" data-element_type=\"container\" data-e-type=\"container\">\n\t\t\t\t<div class=\"elementor-element elementor-element-0f8f54b elementor-widget elementor-widget-heading\" data-id=\"0f8f54b\" data-element_type=\"widget\" data-e-type=\"widget\" data-widget_type=\"heading.default\">\n\t\t\t\t<div class=\"elementor-widget-container\">\n\t\t\t\t\t<h2 class=\"elementor-heading-title elementor-size-default\">OS EVENTOS NOCTURNOS<\/h2>\t\t\t\t<\/div>\n\t\t\t\t<\/div>\n\t\t\t\t<div class=\"elementor-element elementor-element-94b595e elementor-widget elementor-widget-heading\" data-id=\"94b595e\" data-element_type=\"widget\" data-e-type=\"widget\" data-widget_type=\"heading.default\">\n\t\t\t\t<div class=\"elementor-widget-container\">\n\t\t\t\t\t<h1 class=\"elementor-heading-title elementor-size-default\">JUNTAR-SE \u00c0 COMUNIDADE<\/h1>\t\t\t\t<\/div>\n\t\t\t\t<\/div>\n\t\t\t\t<\/div>\n\t\t<div class=\"elementor-element elementor-element-ef6c92e e-con-full e-flex e-con e-child\" data-id=\"ef6c92e\" data-element_type=\"container\" data-e-type=\"container\">\n\t\t\t\t<\/div>\n\t\t\t\t\t<\/div>\n\t\t\t\t<\/div>\n\t\t<div class=\"elementor-element elementor-element-673e00d e-flex e-con-boxed e-con e-parent\" data-id=\"673e00d\" data-element_type=\"container\" data-e-type=\"container\" data-settings=\"{&quot;background_background&quot;:&quot;classic&quot;}\">\n\t\t\t\t\t<div class=\"e-con-inner\">\n\t\t<div class=\"elementor-element elementor-element-6fc93dd e-con-full e-flex e-con e-child\" data-id=\"6fc93dd\" data-element_type=\"container\" data-e-type=\"container\">\n\t\t\t\t<div class=\"elementor-element elementor-element-df98eda elementor-widget elementor-widget-heading\" data-id=\"df98eda\" data-element_type=\"widget\" data-e-type=\"widget\" data-widget_type=\"heading.default\">\n\t\t\t\t<div class=\"elementor-widget-container\">\n\t\t\t\t\t<h3 class=\"elementor-heading-title elementor-size-default\">Os eventos noturnos - os destaques sociais do congresso<\/h3>\t\t\t\t<\/div>\n\t\t\t\t<\/div>\n\t\t\t\t<div class=\"elementor-element elementor-element-e72878a elementor-widget-divider--view-line elementor-widget elementor-widget-divider\" data-id=\"e72878a\" data-element_type=\"widget\" data-e-type=\"widget\" data-widget_type=\"divider.default\">\n\t\t\t\t<div class=\"elementor-widget-container\">\n\t\t\t\t\t\t\t<div class=\"elementor-divider\">\n\t\t\t<span class=\"elementor-divider-separator\">\n\t\t\t\t\t\t<\/span>\n\t\t<\/div>\n\t\t\t\t\t\t<\/div>\n\t\t\t\t<\/div>\n\t\t\t\t<div class=\"elementor-element elementor-element-30eaba1 elementor-widget elementor-widget-text-editor\" data-id=\"30eaba1\" data-element_type=\"widget\" data-e-type=\"widget\" data-widget_type=\"text-editor.default\">\n\t\t\t\t<div class=\"elementor-widget-container\">\n\t\t\t\t\t\t\t\t\t<p><strong>O SEU bem-estar pessoal \u00e9 muito importante para n\u00f3s!<br \/><\/strong>Assim, vamos fugir \u00e0 rotina di\u00e1ria!<br \/>Vamos aproveitar para nos voltarmos a encontrar pessoalmente tamb\u00e9m!<br \/><br \/>N\u00e3o s\u00f3 pelo programa profissional de alta qualidade, mas tamb\u00e9m por um encontro amig\u00e1vel e um interc\u00e2mbio pessoal, o<br \/><strong>3. European Congress for Ceramic Implant Dentistry<br \/><\/strong>ser\u00e1 algo especial...<\/p><p><em><strong>... esta \u00e9 a nossa promessa!<\/strong><\/em><\/p>\t\t\t\t\t\t\t\t<\/div>\n\t\t\t\t<\/div>\n\t\t\t\t<\/div>\n\t\t\t\t\t<\/div>\n\t\t\t\t<\/div>\n\t\t<div class=\"elementor-element elementor-element-ab936a8 e-flex e-con-boxed e-con e-parent\" data-id=\"ab936a8\" data-element_type=\"container\" data-e-type=\"container\" data-settings=\"{&quot;background_background&quot;:&quot;classic&quot;}\">\n\t\t\t\t\t<div class=\"e-con-inner\">\n\t\t<div class=\"elementor-element elementor-element-b6a299c e-con-full shadow e-flex e-con e-child\" data-id=\"b6a299c\" data-element_type=\"container\" data-e-type=\"container\" data-settings=\"{&quot;background_background&quot;:&quot;classic&quot;}\">\n\t\t\t\t<div class=\"elementor-element elementor-element-0df4872 elementor-widget elementor-widget-text-editor\" data-id=\"0df4872\" data-element_type=\"widget\" data-e-type=\"widget\" data-widget_type=\"text-editor.default\">\n\t\t\t\t<div class=\"elementor-widget-container\">\n\t\t\t\t\t\t\t\t\t<p><strong>Est\u00e1 a planear chegar j\u00e1 na quinta-feira? <\/strong><br \/><strong>\u00d3ptima ideia!<\/strong><\/p><p>Numa atmosfera especial da antiga adega Bocken, vamos preparar-nos para um congresso emocionante.<\/p><p>O Comit\u00e9 Econ\u00f3mico e Social Europeu convida todos v\u00f3s para o<\/p>\t\t\t\t\t\t\t\t<\/div>\n\t\t\t\t<\/div>\n\t\t\t\t<div class=\"elementor-element elementor-element-d86c29b elementor-widget elementor-widget-heading\" data-id=\"d86c29b\" data-element_type=\"widget\" data-e-type=\"widget\" data-widget_type=\"heading.default\">\n\t\t\t\t<div class=\"elementor-widget-container\">\n\t\t\t\t\t<h3 class=\"elementor-heading-title elementor-size-default\">RECEP\u00c7\u00c3O DE BOAS-VINDAS DA ESCI\n<\/h3>\t\t\t\t<\/div>\n\t\t\t\t<\/div>\n\t\t\t\t<div class=\"elementor-element elementor-element-3daa7bc elementor-widget elementor-widget-text-editor\" data-id=\"3daa7bc\" data-element_type=\"widget\" data-e-type=\"widget\" data-widget_type=\"text-editor.default\">\n\t\t\t\t<div class=\"elementor-widget-container\">\n\t\t\t\t\t\t\t\t\t<p><strong>Quinta-feira, 20.Out.2022<\/strong><br \/>19:30 na antiga adega<br \/>do local do congresso \"Landgut Bocken\"<\/p><p><strong>A participa\u00e7\u00e3o \u00e9 gratuita!<\/strong><br \/>O congresso ter\u00e1 in\u00edcio...<br \/>Estamos \u00e0 vossa espera!<\/p><p><em>C\u00f3digo de vestu\u00e1rio: Casual inteligente<\/em><\/p><p><strong>por favor, inscreva-se no seu registo para a rece\u00e7\u00e3o de boas-vindas<\/strong><\/p>\t\t\t\t\t\t\t\t<\/div>\n\t\t\t\t<\/div>\n\t\t\t\t<div class=\"elementor-element elementor-element-2d413c1 elementor-widget elementor-widget-image\" data-id=\"2d413c1\" data-element_type=\"widget\" data-e-type=\"widget\" data-widget_type=\"image.default\">\n\t\t\t\t<div class=\"elementor-widget-container\">\n\t\t\t\t\t\t\t\t\t\t\t\t\t\t\t<img fetchpriority=\"high\" decoding=\"async\" width=\"768\" height=\"512\" src=\"https:\/\/esci-online.com\/wp-content\/uploads\/2025\/01\/Gewoelbekeller-768x512.png\" class=\"attachment-medium_large size-medium_large wp-image-1770\" alt=\"\" srcset=\"https:\/\/esci-online.com\/wp-content\/uploads\/2025\/01\/Gewoelbekeller-768x512.png 768w, https:\/\/esci-online.com\/wp-content\/uploads\/2025\/01\/Gewoelbekeller-300x200.png 300w, https:\/\/esci-online.com\/wp-content\/uploads\/2025\/01\/Gewoelbekeller-1024x683.png 1024w, https:\/\/esci-online.com\/wp-content\/uploads\/2025\/01\/Gewoelbekeller-18x12.png 18w, https:\/\/esci-online.com\/wp-content\/uploads\/2025\/01\/Gewoelbekeller.png 1500w\" sizes=\"(max-width: 768px) 100vw, 768px\" \/>\t\t\t\t\t\t\t\t\t\t\t\t\t\t\t<\/div>\n\t\t\t\t<\/div>\n\t\t\t\t<\/div>\n\t\t<div class=\"elementor-element elementor-element-4bf698f e-con-full shadow e-flex e-con e-child\" data-id=\"4bf698f\" data-element_type=\"container\" data-e-type=\"container\" data-settings=\"{&quot;background_background&quot;:&quot;classic&quot;}\">\n\t\t\t\t<div class=\"elementor-element elementor-element-7f16c0d elementor-widget elementor-widget-text-editor\" data-id=\"7f16c0d\" data-element_type=\"widget\" data-e-type=\"widget\" data-widget_type=\"text-editor.default\">\n\t\t\t\t<div class=\"elementor-widget-container\">\n\t\t\t\t\t\t\t\t\t<p>A Su\u00ed\u00e7a \u00e9 um pa\u00eds \u00fanico, com muita cultura e uma excelente alta cozinha. Passe uma noite inesquec\u00edvel com muita su\u00ed\u00e7a e surpresas no seio da comunidade da cer\u00e2mica! <br \/>Junte-se ao espet\u00e1culo ao vivo do \"German Supertalent Show\"!<\/p><p><strong>Comemore connosco os 60 anos de implantologia!<br \/>Tomas Albrektsson e Ronald Jung<\/strong><\/p>\t\t\t\t\t\t\t\t<\/div>\n\t\t\t\t<\/div>\n\t\t\t\t<div class=\"elementor-element elementor-element-f0fdcc8 elementor-widget elementor-widget-heading\" data-id=\"f0fdcc8\" data-element_type=\"widget\" data-e-type=\"widget\" data-widget_type=\"heading.default\">\n\t\t\t\t<div class=\"elementor-widget-container\">\n\t\t\t\t\t<h3 class=\"elementor-heading-title elementor-size-default\">JANTAR DE GALA ESCI SWISS<\/h3>\t\t\t\t<\/div>\n\t\t\t\t<\/div>\n\t\t\t\t<div class=\"elementor-element elementor-element-25bf70b elementor-widget elementor-widget-text-editor\" data-id=\"25bf70b\" data-element_type=\"widget\" data-e-type=\"widget\" data-widget_type=\"text-editor.default\">\n\t\t\t\t<div class=\"elementor-widget-container\">\n\t\t\t\t\t\t\t\t\t<p><strong>Sexta-feira, 22.Out.2022<\/strong><br \/>19:30 no antigo sal\u00e3o dos cavalos<br \/>no local do congresso<\/p><p>A contribui\u00e7\u00e3o de <strong>120 CHF<\/strong> por participante inclui<br \/>um menu de 3 pratos, todas as bebidas e muitas surpresas!<br \/>... ser curioso!<\/p><p><em>C\u00f3digo de vestu\u00e1rio: Informal<\/em><\/p><p><strong>por favor inscreva-se com o seu registo para o Jantar de Gala ESCI<\/strong><\/p>\t\t\t\t\t\t\t\t<\/div>\n\t\t\t\t<\/div>\n\t\t\t\t<div class=\"elementor-element elementor-element-7f20c6b elementor-widget elementor-widget-image\" data-id=\"7f20c6b\" data-element_type=\"widget\" data-e-type=\"widget\" data-widget_type=\"image.default\">\n\t\t\t\t<div class=\"elementor-widget-container\">\n\t\t\t\t\t\t\t\t\t\t\t\t\t\t\t<img decoding=\"async\" width=\"768\" height=\"510\" src=\"https:\/\/esci-online.com\/wp-content\/uploads\/2025\/01\/swiss-Galadinner-768x510.jpg\" class=\"attachment-medium_large size-medium_large wp-image-1771\" alt=\"\" srcset=\"https:\/\/esci-online.com\/wp-content\/uploads\/2025\/01\/swiss-Galadinner-768x510.jpg 768w, https:\/\/esci-online.com\/wp-content\/uploads\/2025\/01\/swiss-Galadinner-300x199.jpg 300w, https:\/\/esci-online.com\/wp-content\/uploads\/2025\/01\/swiss-Galadinner-1024x680.jpg 1024w, https:\/\/esci-online.com\/wp-content\/uploads\/2025\/01\/swiss-Galadinner-1536x1020.jpg 1536w, https:\/\/esci-online.com\/wp-content\/uploads\/2025\/01\/swiss-Galadinner-2048x1360.jpg 2048w, https:\/\/esci-online.com\/wp-content\/uploads\/2025\/01\/swiss-Galadinner-18x12.jpg 18w\" sizes=\"(max-width: 768px) 100vw, 768px\" \/>\t\t\t\t\t\t\t\t\t\t\t\t\t\t\t<\/div>\n\t\t\t\t<\/div>\n\t\t\t\t<\/div>\n\t\t\t\t\t<\/div>\n\t\t\t\t<\/div>\n\t\t<div class=\"elementor-element elementor-element-7ab23379 e-flex e-con-boxed e-con e-parent\" data-id=\"7ab23379\" data-element_type=\"container\" data-e-type=\"container\">\n\t\t\t\t\t<div class=\"e-con-inner\">\n\t\t\t\t<div class=\"elementor-element elementor-element-40d43c28 elementor-widget elementor-widget-spacer\" data-id=\"40d43c28\" data-element_type=\"widget\" data-e-type=\"widget\" data-widget_type=\"spacer.default\">\n\t\t\t\t<div class=\"elementor-widget-container\">\n\t\t\t\t\t\t\t<div class=\"elementor-spacer\">\n\t\t\t<div class=\"elementor-spacer-inner\"><\/div>\n\t\t<\/div>\n\t\t\t\t\t\t<\/div>\n\t\t\t\t<\/div>\n\t\t\t\t<div class=\"elementor-element elementor-element-2e46f87c elementor-widget elementor-widget-text-editor\" data-id=\"2e46f87c\" data-element_type=\"widget\" data-e-type=\"widget\" data-widget_type=\"text-editor.default\">\n\t\t\t\t<div class=\"elementor-widget-container\">\n\t\t\t\t\t\t\t\t\t<p><strong>...os expositores e parceiros do 3. Congresso Europeu de Implantologia Cer\u00e2mica<\/strong><\/p>\t\t\t\t\t\t\t\t<\/div>\n\t\t\t\t<\/div>\n\t\t\t\t<div class=\"elementor-element elementor-element-4556c450 elementor-widget elementor-widget-image\" data-id=\"4556c450\" data-element_type=\"widget\" data-e-type=\"widget\" data-widget_type=\"image.default\">\n\t\t\t\t<div class=\"elementor-widget-container\">\n\t\t\t\t\t\t\t\t\t\t\t\t\t\t\t<img decoding=\"async\" width=\"1915\" height=\"548\" src=\"https:\/\/esci-online.com\/wp-content\/uploads\/2025\/09\/alle-logos-bunt-neu-neu-.webp\" class=\"attachment-full size-full wp-image-14437\" alt=\"\" srcset=\"https:\/\/esci-online.com\/wp-content\/uploads\/2025\/09\/alle-logos-bunt-neu-neu-.webp 1915w, https:\/\/esci-online.com\/wp-content\/uploads\/2025\/09\/alle-logos-bunt-neu-neu--300x86.webp 300w, https:\/\/esci-online.com\/wp-content\/uploads\/2025\/09\/alle-logos-bunt-neu-neu--1024x293.webp 1024w, https:\/\/esci-online.com\/wp-content\/uploads\/2025\/09\/alle-logos-bunt-neu-neu--768x220.webp 768w, https:\/\/esci-online.com\/wp-content\/uploads\/2025\/09\/alle-logos-bunt-neu-neu--1536x440.webp 1536w, https:\/\/esci-online.com\/wp-content\/uploads\/2025\/09\/alle-logos-bunt-neu-neu--18x5.webp 18w\" sizes=\"(max-width: 1915px) 100vw, 1915px\" \/>\t\t\t\t\t\t\t\t\t\t\t\t\t\t\t<\/div>\n\t\t\t\t<\/div>\n\t\t\t\t<div class=\"elementor-element elementor-element-201c3f63 elementor-widget elementor-widget-spacer\" data-id=\"201c3f63\" data-element_type=\"widget\" data-e-type=\"widget\" data-widget_type=\"spacer.default\">\n\t\t\t\t<div class=\"elementor-widget-container\">\n\t\t\t\t\t\t\t<div class=\"elementor-spacer\">\n\t\t\t<div class=\"elementor-spacer-inner\"><\/div>\n\t\t<\/div>\n\t\t\t\t\t\t<\/div>\n\t\t\t\t<\/div>\n\t\t\t\t\t<\/div>\n\t\t\t\t<\/div>\n\t\t\t\t<\/div>","protected":false},"excerpt":{"rendered":"<p>THE EVENING EVENTS JOIN THE COMMUNITY The Evening events &#8211; the social highlights of the congress YOUR personal well-being is very important to us!Thus, let\u2019s escape from the daily grind!Let\u2019s enjoy getting together again in person as well! Not only for the high quality professional program, but for a friendly get-together and personal exchange the3. [&hellip;]<\/p>\n","protected":false},"author":1,"featured_media":0,"parent":407,"menu_order":0,"comment_status":"closed","ping_status":"closed","template":"","meta":{"_acf_changed":false,"footnotes":""},"class_list":["post-419","page","type-page","status-publish","hentry"],"acf":[],"_links":{"self":[{"href":"https:\/\/esci-online.com\/pt\/wp-json\/wp\/v2\/pages\/419","targetHints":{"allow":["GET"]}}],"collection":[{"href":"https:\/\/esci-online.com\/pt\/wp-json\/wp\/v2\/pages"}],"about":[{"href":"https:\/\/esci-online.com\/pt\/wp-json\/wp\/v2\/types\/page"}],"author":[{"embeddable":true,"href":"https:\/\/esci-online.com\/pt\/wp-json\/wp\/v2\/users\/1"}],"replies":[{"embeddable":true,"href":"https:\/\/esci-online.com\/pt\/wp-json\/wp\/v2\/comments?post=419"}],"version-history":[{"count":45,"href":"https:\/\/esci-online.com\/pt\/wp-json\/wp\/v2\/pages\/419\/revisions"}],"predecessor-version":[{"id":14449,"href":"https:\/\/esci-online.com\/pt\/wp-json\/wp\/v2\/pages\/419\/revisions\/14449"}],"up":[{"embeddable":true,"href":"https:\/\/esci-online.com\/pt\/wp-json\/wp\/v2\/pages\/407"}],"wp:attachment":[{"href":"https:\/\/esci-online.com\/pt\/wp-json\/wp\/v2\/media?parent=419"}],"curies":[{"name":"wp","href":"https:\/\/api.w.org\/{rel}","templated":true}]}}